{"id":931,"date":"2017-07-05T20:32:09","date_gmt":"2017-07-05T18:32:09","guid":{"rendered":"https:\/\/cegled.mariaradio.hu\/?page_id=931"},"modified":"2017-07-05T20:51:33","modified_gmt":"2017-07-05T18:51:33","slug":"3-eves-evfordulo-2017-marcius-5","status":"publish","type":"page","link":"https:\/\/cegled.mariaradio.hu\/?page_id=931","title":{"rendered":"3 \u00e9ves \u00e9vfordul\u00f3 &#8211; 2017. m\u00e1rcius 5."},"content":{"rendered":"<p><a href=\"https:\/\/cegled.mariaradio.hu\/?page_id=43\">Vissza a k\u00e9pgal\u00e9ri\u00e1hoz<\/a><\/p>\n<!-- default-view.php -->\n<div\n\tclass=\"ngg-galleryoverview default-view \n\t ngg-ajax-pagination-none\t\"\n\tid=\"ngg-gallery-bcfb184deeb49ea6d21fe01669d8bfba-1\">\n\n\t\t<!-- Thumbnails -->\n\t\t\t\t<div id=\"ngg-image-0\" class=\"ngg-gallery-thumbnail-box \n\t\t\t\t\t\t\t\t\t\t\t\" \n\t\t\t>\n\t\t\t\t\t\t<div class=\"ngg-gallery-thumbnail\">\n\t\t\t<a href=\"https:\/\/cegled.mariaradio.hu\/wp-content\/gallery\/3-eves-evfordulo\/1374951_1801526056767369_182082105787476744_n.jpg\"\n\t\t\t\ttitle=\"\"\n\t\t\t\tdata-src=\"https:\/\/cegled.mariaradio.hu\/wp-content\/gallery\/3-eves-evfordulo\/1374951_1801526056767369_182082105787476744_n.jpg\"\n\t\t\t\tdata-thumbnail=\"https:\/\/cegled.mariaradio.hu\/wp-content\/gallery\/3-eves-evfordulo\/thumbs\/thumbs_1374951_1801526056767369_182082105787476744_n.jpg\"\n\t\t\t\tdata-image-id=\"224\"\n\t\t\t\tdata-title=\"1\"\n\t\t\t\tdata-description=\"\"\n\t\t\t\tdata-image-slug=\"1374951_1801526056767369_182082105787476744_n\"\n\t\t\t\tclass=\"ngg-fancybox\" rel=\"bcfb184deeb49ea6d21fe01669d8bfba\">\n\t\t\t\t<img\n\t\t\t\t\ttitle=\"1\"\n\t\t\t\t\talt=\"1\"\n\t\t\t\t\tsrc=\"https:\/\/cegled.mariaradio.hu\/wp-content\/gallery\/3-eves-evfordulo\/cache\/1374951_1801526056767369_182082105787476744_n.jpg-nggid03224-ngg0dyn-160x106x100-00f0w010c011r110f110r010t010.jpg\"\n\t\t\t\t\twidth=\"160\"\n\t\t\t\t\theight=\"106\"\n\t\t\t\t\tstyle=\"max-width:100%;\"\n\t\t\t\t\/>\n\t\t\t<\/a>\n\t\t<\/div>\n\t\t\t\t\t\t\t<\/div> \n\t\t\t\n\t\t\t\t<div id=\"ngg-image-1\" class=\"ngg-gallery-thumbnail-box \n\t\t\t\t\t\t\t\t\t\t\t\" \n\t\t\t>\n\t\t\t\t\t\t<div class=\"ngg-gallery-thumbnail\">\n\t\t\t<a href=\"https:\/\/cegled.mariaradio.hu\/wp-content\/gallery\/3-eves-evfordulo\/17022108_1800701733516468_8146202060514932286_n.jpg\"\n\t\t\t\ttitle=\"\"\n\t\t\t\tdata-src=\"https:\/\/cegled.mariaradio.hu\/wp-content\/gallery\/3-eves-evfordulo\/17022108_1800701733516468_8146202060514932286_n.jpg\"\n\t\t\t\tdata-thumbnail=\"https:\/\/cegled.mariaradio.hu\/wp-content\/gallery\/3-eves-evfordulo\/thumbs\/thumbs_17022108_1800701733516468_8146202060514932286_n.jpg\"\n\t\t\t\tdata-image-id=\"225\"\n\t\t\t\tdata-title=\"2\"\n\t\t\t\tdata-description=\"\"\n\t\t\t\tdata-image-slug=\"17022108_1800701733516468_8146202060514932286_n\"\n\t\t\t\tclass=\"ngg-fancybox\" rel=\"bcfb184deeb49ea6d21fe01669d8bfba\">\n\t\t\t\t<img\n\t\t\t\t\ttitle=\"2\"\n\t\t\t\t\talt=\"2\"\n\t\t\t\t\tsrc=\"https:\/\/cegled.mariaradio.hu\/wp-content\/gallery\/3-eves-evfordulo\/cache\/17022108_1800701733516468_8146202060514932286_n.jpg-nggid03225-ngg0dyn-160x106x100-00f0w010c011r110f110r010t010.jpg\"\n\t\t\t\t\twidth=\"160\"\n\t\t\t\t\theight=\"106\"\n\t\t\t\t\tstyle=\"max-width:100%;\"\n\t\t\t\t\/>\n\t\t\t<\/a>\n\t\t<\/div>\n\t\t\t\t\t\t\t<\/div> \n\t\t\t\n\t\t\t\t<div id=\"ngg-image-2\" class=\"ngg-gallery-thumbnail-box \n\t\t\t\t\t\t\t\t\t\t\t\" \n\t\t\t>\n\t\t\t\t\t\t<div class=\"ngg-gallery-thumbnail\">\n\t\t\t<a href=\"https:\/\/cegled.mariaradio.hu\/wp-content\/gallery\/3-eves-evfordulo\/17103359_1801517010101607_2724904180608467795_n.jpg\"\n\t\t\t\ttitle=\"\"\n\t\t\t\tdata-src=\"https:\/\/cegled.mariaradio.hu\/wp-content\/gallery\/3-eves-evfordulo\/17103359_1801517010101607_2724904180608467795_n.jpg\"\n\t\t\t\tdata-thumbnail=\"https:\/\/cegled.mariaradio.hu\/wp-content\/gallery\/3-eves-evfordulo\/thumbs\/thumbs_17103359_1801517010101607_2724904180608467795_n.jpg\"\n\t\t\t\tdata-image-id=\"226\"\n\t\t\t\tdata-title=\"3\"\n\t\t\t\tdata-description=\"\"\n\t\t\t\tdata-image-slug=\"17103359_1801517010101607_2724904180608467795_n\"\n\t\t\t\tclass=\"ngg-fancybox\" rel=\"bcfb184deeb49ea6d21fe01669d8bfba\">\n\t\t\t\t<img\n\t\t\t\t\ttitle=\"3\"\n\t\t\t\t\talt=\"3\"\n\t\t\t\t\tsrc=\"https:\/\/cegled.mariaradio.hu\/wp-content\/gallery\/3-eves-evfordulo\/cache\/17103359_1801517010101607_2724904180608467795_n.jpg-nggid03226-ngg0dyn-160x106x100-00f0w010c011r110f110r010t010.jpg\"\n\t\t\t\t\twidth=\"160\"\n\t\t\t\t\theight=\"106\"\n\t\t\t\t\tstyle=\"max-width:100%;\"\n\t\t\t\t\/>\n\t\t\t<\/a>\n\t\t<\/div>\n\t\t\t\t\t\t\t<\/div> \n\t\t\t\n\t\t\t\t<div id=\"ngg-image-3\" class=\"ngg-gallery-thumbnail-box \n\t\t\t\t\t\t\t\t\t\t\t\" \n\t\t\t>\n\t\t\t\t\t\t<div class=\"ngg-gallery-thumbnail\">\n\t\t\t<a href=\"https:\/\/cegled.mariaradio.hu\/wp-content\/gallery\/3-eves-evfordulo\/17103646_1801461046773870_8243397390519265281_n.jpg\"\n\t\t\t\ttitle=\"\"\n\t\t\t\tdata-src=\"https:\/\/cegled.mariaradio.hu\/wp-content\/gallery\/3-eves-evfordulo\/17103646_1801461046773870_8243397390519265281_n.jpg\"\n\t\t\t\tdata-thumbnail=\"https:\/\/cegled.mariaradio.hu\/wp-content\/gallery\/3-eves-evfordulo\/thumbs\/thumbs_17103646_1801461046773870_8243397390519265281_n.jpg\"\n\t\t\t\tdata-image-id=\"227\"\n\t\t\t\tdata-title=\"4\"\n\t\t\t\tdata-description=\"\"\n\t\t\t\tdata-image-slug=\"17103646_1801461046773870_8243397390519265281_n\"\n\t\t\t\tclass=\"ngg-fancybox\" rel=\"bcfb184deeb49ea6d21fe01669d8bfba\">\n\t\t\t\t<img\n\t\t\t\t\ttitle=\"4\"\n\t\t\t\t\talt=\"4\"\n\t\t\t\t\tsrc=\"https:\/\/cegled.mariaradio.hu\/wp-content\/gallery\/3-eves-evfordulo\/cache\/17103646_1801461046773870_8243397390519265281_n.jpg-nggid03227-ngg0dyn-160x106x100-00f0w010c011r110f110r010t010.jpg\"\n\t\t\t\t\twidth=\"160\"\n\t\t\t\t\theight=\"106\"\n\t\t\t\t\tstyle=\"max-width:100%;\"\n\t\t\t\t\/>\n\t\t\t<\/a>\n\t\t<\/div>\n\t\t\t\t\t\t\t<\/div> \n\t\t\t\n\t\t\t\t<div id=\"ngg-image-4\" class=\"ngg-gallery-thumbnail-box \n\t\t\t\t\t\t\t\t\t\t\t\" \n\t\t\t>\n\t\t\t\t\t\t<div class=\"ngg-gallery-thumbnail\">\n\t\t\t<a href=\"https:\/\/cegled.mariaradio.hu\/wp-content\/gallery\/3-eves-evfordulo\/17155554_1801526120100696_32753574453413235_n.jpg\"\n\t\t\t\ttitle=\"\"\n\t\t\t\tdata-src=\"https:\/\/cegled.mariaradio.hu\/wp-content\/gallery\/3-eves-evfordulo\/17155554_1801526120100696_32753574453413235_n.jpg\"\n\t\t\t\tdata-thumbnail=\"https:\/\/cegled.mariaradio.hu\/wp-content\/gallery\/3-eves-evfordulo\/thumbs\/thumbs_17155554_1801526120100696_32753574453413235_n.jpg\"\n\t\t\t\tdata-image-id=\"228\"\n\t\t\t\tdata-title=\"5\"\n\t\t\t\tdata-description=\"\"\n\t\t\t\tdata-image-slug=\"17155554_1801526120100696_32753574453413235_n\"\n\t\t\t\tclass=\"ngg-fancybox\" rel=\"bcfb184deeb49ea6d21fe01669d8bfba\">\n\t\t\t\t<img\n\t\t\t\t\ttitle=\"5\"\n\t\t\t\t\talt=\"5\"\n\t\t\t\t\tsrc=\"https:\/\/cegled.mariaradio.hu\/wp-content\/gallery\/3-eves-evfordulo\/cache\/17155554_1801526120100696_32753574453413235_n.jpg-nggid03228-ngg0dyn-160x106x100-00f0w010c011r110f110r010t010.jpg\"\n\t\t\t\t\twidth=\"160\"\n\t\t\t\t\theight=\"106\"\n\t\t\t\t\tstyle=\"max-width:100%;\"\n\t\t\t\t\/>\n\t\t\t<\/a>\n\t\t<\/div>\n\t\t\t\t\t\t\t<\/div> \n\t\t\t\n\t\n\t<br style=\"clear: both\" \/>\n\n\t\n\t\t<!-- Pagination -->\n\t\t<div class='ngg-clear'><\/div>\t<\/div>\n\n","protected":false},"excerpt":{"rendered":"<p>Vissza a k\u00e9pgal\u00e9ri\u00e1hoz<\/p>\n","protected":false},"author":1,"featured_media":0,"parent":43,"menu_order":0,"comment_status":"closed","ping_status":"closed","template":"","meta":{"_monsterinsights_skip_tracking":false,"_monsterinsights_sitenote_active":false,"_monsterinsights_sitenote_note":"","_monsterinsights_sitenote_category":0,"ngg_post_thumbnail":0,"footnotes":""},"_links":{"self":[{"href":"https:\/\/cegled.mariaradio.hu\/index.php?rest_route=\/wp\/v2\/pages\/931"}],"collection":[{"href":"https:\/\/cegled.mariaradio.hu\/index.php?rest_route=\/wp\/v2\/pages"}],"about":[{"href":"https:\/\/cegled.mariaradio.hu\/index.php?rest_route=\/wp\/v2\/types\/page"}],"author":[{"embeddable":true,"href":"https:\/\/cegled.mariaradio.hu\/index.php?rest_route=\/wp\/v2\/users\/1"}],"replies":[{"embeddable":true,"href":"https:\/\/cegled.mariaradio.hu\/index.php?rest_route=%2Fwp%2Fv2%2Fcomments&post=931"}],"version-history":[{"count":3,"href":"https:\/\/cegled.mariaradio.hu\/index.php?rest_route=\/wp\/v2\/pages\/931\/revisions"}],"predecessor-version":[{"id":939,"href":"https:\/\/cegled.mariaradio.hu\/index.php?rest_route=\/wp\/v2\/pages\/931\/revisions\/939"}],"up":[{"embeddable":true,"href":"https:\/\/cegled.mariaradio.hu\/index.php?rest_route=\/wp\/v2\/pages\/43"}],"wp:attachment":[{"href":"https:\/\/cegled.mariaradio.hu\/index.php?rest_route=%2Fwp%2Fv2%2Fmedia&parent=931"}],"curies":[{"name":"wp","href":"https:\/\/api.w.org\/{rel}","templated":true}]}}