{"id":705,"date":"2017-07-05T20:19:36","date_gmt":"2017-07-05T18:19:36","guid":{"rendered":"https:\/\/cegled.mariaradio.hu\/?page_id=705"},"modified":"2017-07-05T20:49:48","modified_gmt":"2017-07-05T18:49:48","slug":"onkenteseink","status":"publish","type":"page","link":"https:\/\/cegled.mariaradio.hu\/?page_id=705","title":{"rendered":"\u00d6nk\u00e9nteseink"},"content":{"rendered":"<p><a href=\"https:\/\/cegled.mariaradio.hu\/?page_id=43\">Vissza a k\u00e9pgal\u00e9ri\u00e1hoz<\/a><\/p>\n<!-- default-view.php -->\n<div\n\tclass=\"ngg-galleryoverview default-view \n\t ngg-ajax-pagination-none\t\"\n\tid=\"ngg-gallery-0819febb5875ef10c85bada0a2e38452-1\">\n\n\t\t<!-- Thumbnails -->\n\t\t\t\t<div id=\"ngg-image-0\" class=\"ngg-gallery-thumbnail-box \n\t\t\t\t\t\t\t\t\t\t\t\" \n\t\t\t>\n\t\t\t\t\t\t<div class=\"ngg-gallery-thumbnail\">\n\t\t\t<a href=\"https:\/\/cegled.mariaradio.hu\/wp-content\/gallery\/onkenteseink\/Edit-n%C3%A9ni.JPG\"\n\t\t\t\ttitle=\"Varga Edit - szerkeszt\u0151\"\n\t\t\t\tdata-src=\"https:\/\/cegled.mariaradio.hu\/wp-content\/gallery\/onkenteseink\/Edit-n%C3%A9ni.JPG\"\n\t\t\t\tdata-thumbnail=\"https:\/\/cegled.mariaradio.hu\/wp-content\/gallery\/onkenteseink\/thumbs\/thumbs_Edit-n%C3%A9ni.JPG\"\n\t\t\t\tdata-image-id=\"115\"\n\t\t\t\tdata-title=\"Varga Edit\"\n\t\t\t\tdata-description=\"Varga Edit - szerkeszt\u0151\"\n\t\t\t\tdata-image-slug=\"edit-n%c3%a9ni-1\"\n\t\t\t\tclass=\"ngg-fancybox\" rel=\"0819febb5875ef10c85bada0a2e38452\">\n\t\t\t\t<img\n\t\t\t\t\ttitle=\"Varga Edit\"\n\t\t\t\t\talt=\"Varga Edit\"\n\t\t\t\t\tsrc=\"https:\/\/cegled.mariaradio.hu\/wp-content\/gallery\/onkenteseink\/cache\/Edit-n%C3%A9ni.JPG-nggid03115-ngg0dyn-160x106x100-00f0w010c011r110f110r010t010.JPG\"\n\t\t\t\t\twidth=\"160\"\n\t\t\t\t\theight=\"106\"\n\t\t\t\t\tstyle=\"max-width:100%;\"\n\t\t\t\t\/>\n\t\t\t<\/a>\n\t\t<\/div>\n\t\t\t\t\t\t\t<\/div> \n\t\t\t\n\t\t\t\t<div id=\"ngg-image-1\" class=\"ngg-gallery-thumbnail-box \n\t\t\t\t\t\t\t\t\t\t\t\" \n\t\t\t>\n\t\t\t\t\t\t<div class=\"ngg-gallery-thumbnail\">\n\t\t\t<a href=\"https:\/\/cegled.mariaradio.hu\/wp-content\/gallery\/onkenteseink\/Fruzsi.jpg\"\n\t\t\t\ttitle=\"Nagyn\u00e9 \u00dajv\u00e1ri Zsuzsanna - recepci\u00f3s\"\n\t\t\t\tdata-src=\"https:\/\/cegled.mariaradio.hu\/wp-content\/gallery\/onkenteseink\/Fruzsi.jpg\"\n\t\t\t\tdata-thumbnail=\"https:\/\/cegled.mariaradio.hu\/wp-content\/gallery\/onkenteseink\/thumbs\/thumbs_Fruzsi.jpg\"\n\t\t\t\tdata-image-id=\"116\"\n\t\t\t\tdata-title=\"Nagyn\u00e9 \u00dajv\u00e1ri Zsuzsanna\"\n\t\t\t\tdata-description=\"Nagyn\u00e9 \u00dajv\u00e1ri Zsuzsanna - recepci\u00f3s\"\n\t\t\t\tdata-image-slug=\"fruzsi\"\n\t\t\t\tclass=\"ngg-fancybox\" rel=\"0819febb5875ef10c85bada0a2e38452\">\n\t\t\t\t<img\n\t\t\t\t\ttitle=\"Nagyn\u00e9 \u00dajv\u00e1ri Zsuzsanna\"\n\t\t\t\t\talt=\"Nagyn\u00e9 \u00dajv\u00e1ri Zsuzsanna\"\n\t\t\t\t\tsrc=\"https:\/\/cegled.mariaradio.hu\/wp-content\/gallery\/onkenteseink\/cache\/Fruzsi.jpg-nggid03116-ngg0dyn-160x106x100-00f0w010c011r110f110r010t010.jpg\"\n\t\t\t\t\twidth=\"160\"\n\t\t\t\t\theight=\"106\"\n\t\t\t\t\tstyle=\"max-width:100%;\"\n\t\t\t\t\/>\n\t\t\t<\/a>\n\t\t<\/div>\n\t\t\t\t\t\t\t<\/div> \n\t\t\t\n\t\t\t\t<div id=\"ngg-image-2\" class=\"ngg-gallery-thumbnail-box \n\t\t\t\t\t\t\t\t\t\t\t\" \n\t\t\t>\n\t\t\t\t\t\t<div class=\"ngg-gallery-thumbnail\">\n\t\t\t<a href=\"https:\/\/cegled.mariaradio.hu\/wp-content\/gallery\/onkenteseink\/imacsoport.jpg\"\n\t\t\t\ttitle=\"imacsoport\"\n\t\t\t\tdata-src=\"https:\/\/cegled.mariaradio.hu\/wp-content\/gallery\/onkenteseink\/imacsoport.jpg\"\n\t\t\t\tdata-thumbnail=\"https:\/\/cegled.mariaradio.hu\/wp-content\/gallery\/onkenteseink\/thumbs\/thumbs_imacsoport.jpg\"\n\t\t\t\tdata-image-id=\"118\"\n\t\t\t\tdata-title=\"imacsoport\"\n\t\t\t\tdata-description=\"imacsoport\"\n\t\t\t\tdata-image-slug=\"imacsoport\"\n\t\t\t\tclass=\"ngg-fancybox\" rel=\"0819febb5875ef10c85bada0a2e38452\">\n\t\t\t\t<img\n\t\t\t\t\ttitle=\"imacsoport\"\n\t\t\t\t\talt=\"imacsoport\"\n\t\t\t\t\tsrc=\"https:\/\/cegled.mariaradio.hu\/wp-content\/gallery\/onkenteseink\/cache\/imacsoport.jpg-nggid03118-ngg0dyn-160x106x100-00f0w010c011r110f110r010t010.jpg\"\n\t\t\t\t\twidth=\"160\"\n\t\t\t\t\theight=\"106\"\n\t\t\t\t\tstyle=\"max-width:100%;\"\n\t\t\t\t\/>\n\t\t\t<\/a>\n\t\t<\/div>\n\t\t\t\t\t\t\t<\/div> \n\t\t\t\n\t\t\t\t<div id=\"ngg-image-3\" class=\"ngg-gallery-thumbnail-box \n\t\t\t\t\t\t\t\t\t\t\t\" \n\t\t\t>\n\t\t\t\t\t\t<div class=\"ngg-gallery-thumbnail\">\n\t\t\t<a href=\"https:\/\/cegled.mariaradio.hu\/wp-content\/gallery\/onkenteseink\/Juh%C3%A1sz-Zolt%C3%A1n.jpg\"\n\t\t\t\ttitle=\"Juh\u00e1sz Zolt\u00e1n - szerkeszt\u0151, m\u0171sorvezet\u0151\"\n\t\t\t\tdata-src=\"https:\/\/cegled.mariaradio.hu\/wp-content\/gallery\/onkenteseink\/Juh%C3%A1sz-Zolt%C3%A1n.jpg\"\n\t\t\t\tdata-thumbnail=\"https:\/\/cegled.mariaradio.hu\/wp-content\/gallery\/onkenteseink\/thumbs\/thumbs_Juh%C3%A1sz-Zolt%C3%A1n.jpg\"\n\t\t\t\tdata-image-id=\"119\"\n\t\t\t\tdata-title=\"Juh\u00e1sz Zolt\u00e1n\"\n\t\t\t\tdata-description=\"Juh\u00e1sz Zolt\u00e1n - szerkeszt\u0151, m\u0171sorvezet\u0151\"\n\t\t\t\tdata-image-slug=\"juh%c3%a1sz-zolt%c3%a1n-1\"\n\t\t\t\tclass=\"ngg-fancybox\" rel=\"0819febb5875ef10c85bada0a2e38452\">\n\t\t\t\t<img\n\t\t\t\t\ttitle=\"Juh\u00e1sz Zolt\u00e1n\"\n\t\t\t\t\talt=\"Juh\u00e1sz Zolt\u00e1n\"\n\t\t\t\t\tsrc=\"https:\/\/cegled.mariaradio.hu\/wp-content\/gallery\/onkenteseink\/cache\/Juh%C3%A1sz-Zolt%C3%A1n.jpg-nggid03119-ngg0dyn-160x106x100-00f0w010c011r110f110r010t010.jpg\"\n\t\t\t\t\twidth=\"160\"\n\t\t\t\t\theight=\"106\"\n\t\t\t\t\tstyle=\"max-width:100%;\"\n\t\t\t\t\/>\n\t\t\t<\/a>\n\t\t<\/div>\n\t\t\t\t\t\t\t<\/div> \n\t\t\t\n\t\t\t\t<div id=\"ngg-image-4\" class=\"ngg-gallery-thumbnail-box \n\t\t\t\t\t\t\t\t\t\t\t\" \n\t\t\t>\n\t\t\t\t\t\t<div class=\"ngg-gallery-thumbnail\">\n\t\t\t<a href=\"https:\/\/cegled.mariaradio.hu\/wp-content\/gallery\/onkenteseink\/Kardos-Katalin-Judit.jpg\"\n\t\t\t\ttitle=\"Kardos Katalin Judit\"\n\t\t\t\tdata-src=\"https:\/\/cegled.mariaradio.hu\/wp-content\/gallery\/onkenteseink\/Kardos-Katalin-Judit.jpg\"\n\t\t\t\tdata-thumbnail=\"https:\/\/cegled.mariaradio.hu\/wp-content\/gallery\/onkenteseink\/thumbs\/thumbs_Kardos-Katalin-Judit.jpg\"\n\t\t\t\tdata-image-id=\"120\"\n\t\t\t\tdata-title=\"Kardos Katalin Judit\"\n\t\t\t\tdata-description=\"Kardos Katalin Judit\"\n\t\t\t\tdata-image-slug=\"kardos-katalin-judit\"\n\t\t\t\tclass=\"ngg-fancybox\" rel=\"0819febb5875ef10c85bada0a2e38452\">\n\t\t\t\t<img\n\t\t\t\t\ttitle=\"Kardos Katalin Judit\"\n\t\t\t\t\talt=\"Kardos Katalin Judit\"\n\t\t\t\t\tsrc=\"https:\/\/cegled.mariaradio.hu\/wp-content\/gallery\/onkenteseink\/cache\/Kardos-Katalin-Judit.jpg-nggid03120-ngg0dyn-160x106x100-00f0w010c011r110f110r010t010.jpg\"\n\t\t\t\t\twidth=\"160\"\n\t\t\t\t\theight=\"106\"\n\t\t\t\t\tstyle=\"max-width:100%;\"\n\t\t\t\t\/>\n\t\t\t<\/a>\n\t\t<\/div>\n\t\t\t\t\t\t\t<\/div> \n\t\t\t\n\t\t\t\t<div id=\"ngg-image-5\" class=\"ngg-gallery-thumbnail-box \n\t\t\t\t\t\t\t\t\t\t\t\" \n\t\t\t>\n\t\t\t\t\t\t<div class=\"ngg-gallery-thumbnail\">\n\t\t\t<a href=\"https:\/\/cegled.mariaradio.hu\/wp-content\/gallery\/onkenteseink\/Pap-Adrienn.jpg\"\n\t\t\t\ttitle=\"Pap Adrienn - szerkeszt\u0151, m\u0171sorvezet\u0151\"\n\t\t\t\tdata-src=\"https:\/\/cegled.mariaradio.hu\/wp-content\/gallery\/onkenteseink\/Pap-Adrienn.jpg\"\n\t\t\t\tdata-thumbnail=\"https:\/\/cegled.mariaradio.hu\/wp-content\/gallery\/onkenteseink\/thumbs\/thumbs_Pap-Adrienn.jpg\"\n\t\t\t\tdata-image-id=\"121\"\n\t\t\t\tdata-title=\"Pap Adrienn\"\n\t\t\t\tdata-description=\"Pap Adrienn - szerkeszt\u0151, m\u0171sorvezet\u0151\"\n\t\t\t\tdata-image-slug=\"pap-adrienn\"\n\t\t\t\tclass=\"ngg-fancybox\" rel=\"0819febb5875ef10c85bada0a2e38452\">\n\t\t\t\t<img\n\t\t\t\t\ttitle=\"Pap Adrienn\"\n\t\t\t\t\talt=\"Pap Adrienn\"\n\t\t\t\t\tsrc=\"https:\/\/cegled.mariaradio.hu\/wp-content\/gallery\/onkenteseink\/cache\/Pap-Adrienn.jpg-nggid03121-ngg0dyn-160x106x100-00f0w010c011r110f110r010t010.jpg\"\n\t\t\t\t\twidth=\"160\"\n\t\t\t\t\theight=\"106\"\n\t\t\t\t\tstyle=\"max-width:100%;\"\n\t\t\t\t\/>\n\t\t\t<\/a>\n\t\t<\/div>\n\t\t\t\t\t\t\t<\/div> \n\t\t\t\n\t\t\t\t<div id=\"ngg-image-6\" class=\"ngg-gallery-thumbnail-box \n\t\t\t\t\t\t\t\t\t\t\t\" \n\t\t\t>\n\t\t\t\t\t\t<div class=\"ngg-gallery-thumbnail\">\n\t\t\t<a href=\"https:\/\/cegled.mariaradio.hu\/wp-content\/gallery\/onkenteseink\/S%C3%A1gi-Anik%C3%B3.jpeg\"\n\t\t\t\ttitle=\"S\u00e1gi Anik\u00f3 - szerkeszt\u0151, m\u0171sorvezet\u0151\"\n\t\t\t\tdata-src=\"https:\/\/cegled.mariaradio.hu\/wp-content\/gallery\/onkenteseink\/S%C3%A1gi-Anik%C3%B3.jpeg\"\n\t\t\t\tdata-thumbnail=\"https:\/\/cegled.mariaradio.hu\/wp-content\/gallery\/onkenteseink\/thumbs\/thumbs_S%C3%A1gi-Anik%C3%B3.jpeg\"\n\t\t\t\tdata-image-id=\"122\"\n\t\t\t\tdata-title=\"S\u00e1gi Anik\u00f3\"\n\t\t\t\tdata-description=\"S\u00e1gi Anik\u00f3 - szerkeszt\u0151, m\u0171sorvezet\u0151\"\n\t\t\t\tdata-image-slug=\"s%c3%a1gi-anik%c3%b3-1\"\n\t\t\t\tclass=\"ngg-fancybox\" rel=\"0819febb5875ef10c85bada0a2e38452\">\n\t\t\t\t<img\n\t\t\t\t\ttitle=\"S\u00e1gi Anik\u00f3\"\n\t\t\t\t\talt=\"S\u00e1gi Anik\u00f3\"\n\t\t\t\t\tsrc=\"https:\/\/cegled.mariaradio.hu\/wp-content\/gallery\/onkenteseink\/cache\/S%C3%A1gi-Anik%C3%B3.jpeg-nggid03122-ngg0dyn-160x106x100-00f0w010c011r110f110r010t010.jpeg\"\n\t\t\t\t\twidth=\"160\"\n\t\t\t\t\theight=\"106\"\n\t\t\t\t\tstyle=\"max-width:100%;\"\n\t\t\t\t\/>\n\t\t\t<\/a>\n\t\t<\/div>\n\t\t\t\t\t\t\t<\/div> \n\t\t\t\n\t\t\t\t<div id=\"ngg-image-7\" class=\"ngg-gallery-thumbnail-box \n\t\t\t\t\t\t\t\t\t\t\t\" \n\t\t\t>\n\t\t\t\t\t\t<div class=\"ngg-gallery-thumbnail\">\n\t\t\t<a href=\"https:\/\/cegled.mariaradio.hu\/wp-content\/gallery\/onkenteseink\/Szel%C3%A9nyi-P%C3%A9ter.JPG\"\n\t\t\t\ttitle=\"Szel\u00e9nyi P\u00e9ter - koordin\u00e1tor, szerkeszt\u0151, m\u0171sorvezet\u0151\"\n\t\t\t\tdata-src=\"https:\/\/cegled.mariaradio.hu\/wp-content\/gallery\/onkenteseink\/Szel%C3%A9nyi-P%C3%A9ter.JPG\"\n\t\t\t\tdata-thumbnail=\"https:\/\/cegled.mariaradio.hu\/wp-content\/gallery\/onkenteseink\/thumbs\/thumbs_Szel%C3%A9nyi-P%C3%A9ter.JPG\"\n\t\t\t\tdata-image-id=\"123\"\n\t\t\t\tdata-title=\"Szel\u00e9nyi P\u00e9ter\"\n\t\t\t\tdata-description=\"Szel\u00e9nyi P\u00e9ter - koordin\u00e1tor, szerkeszt\u0151, m\u0171sorvezet\u0151\"\n\t\t\t\tdata-image-slug=\"szel%c3%a9nyi-p%c3%a9ter-1\"\n\t\t\t\tclass=\"ngg-fancybox\" rel=\"0819febb5875ef10c85bada0a2e38452\">\n\t\t\t\t<img\n\t\t\t\t\ttitle=\"Szel\u00e9nyi P\u00e9ter\"\n\t\t\t\t\talt=\"Szel\u00e9nyi P\u00e9ter\"\n\t\t\t\t\tsrc=\"https:\/\/cegled.mariaradio.hu\/wp-content\/gallery\/onkenteseink\/cache\/Szel%C3%A9nyi-P%C3%A9ter.JPG-nggid03123-ngg0dyn-160x106x100-00f0w010c011r110f110r010t010.JPG\"\n\t\t\t\t\twidth=\"160\"\n\t\t\t\t\theight=\"106\"\n\t\t\t\t\tstyle=\"max-width:100%;\"\n\t\t\t\t\/>\n\t\t\t<\/a>\n\t\t<\/div>\n\t\t\t\t\t\t\t<\/div> \n\t\t\t\n\t\t\t\t<div id=\"ngg-image-8\" class=\"ngg-gallery-thumbnail-box \n\t\t\t\t\t\t\t\t\t\t\t\" \n\t\t\t>\n\t\t\t\t\t\t<div class=\"ngg-gallery-thumbnail\">\n\t\t\t<a href=\"https:\/\/cegled.mariaradio.hu\/wp-content\/gallery\/onkenteseink\/V%C3%B3szem.jpg\"\n\t\t\t\ttitle=\"Husz\u00e1r Zolt\u00e1n (V\u00f3szem) - technikus\"\n\t\t\t\tdata-src=\"https:\/\/cegled.mariaradio.hu\/wp-content\/gallery\/onkenteseink\/V%C3%B3szem.jpg\"\n\t\t\t\tdata-thumbnail=\"https:\/\/cegled.mariaradio.hu\/wp-content\/gallery\/onkenteseink\/thumbs\/thumbs_V%C3%B3szem.jpg\"\n\t\t\t\tdata-image-id=\"124\"\n\t\t\t\tdata-title=\"Husz\u00e1r Zolt\u00e1n (V\u00f3szem)\"\n\t\t\t\tdata-description=\"Husz\u00e1r Zolt\u00e1n (V\u00f3szem) - technikus\"\n\t\t\t\tdata-image-slug=\"v%c3%b3szem-1\"\n\t\t\t\tclass=\"ngg-fancybox\" rel=\"0819febb5875ef10c85bada0a2e38452\">\n\t\t\t\t<img\n\t\t\t\t\ttitle=\"Husz\u00e1r Zolt\u00e1n (V\u00f3szem)\"\n\t\t\t\t\talt=\"Husz\u00e1r Zolt\u00e1n (V\u00f3szem)\"\n\t\t\t\t\tsrc=\"https:\/\/cegled.mariaradio.hu\/wp-content\/gallery\/onkenteseink\/cache\/V%C3%B3szem.jpg-nggid03124-ngg0dyn-160x106x100-00f0w010c011r110f110r010t010.jpg\"\n\t\t\t\t\twidth=\"160\"\n\t\t\t\t\theight=\"106\"\n\t\t\t\t\tstyle=\"max-width:100%;\"\n\t\t\t\t\/>\n\t\t\t<\/a>\n\t\t<\/div>\n\t\t\t\t\t\t\t<\/div> \n\t\t\t\n\t\t\t\t<div id=\"ngg-image-9\" class=\"ngg-gallery-thumbnail-box \n\t\t\t\t\t\t\t\t\t\t\t\" \n\t\t\t>\n\t\t\t\t\t\t<div class=\"ngg-gallery-thumbnail\">\n\t\t\t<a href=\"https:\/\/cegled.mariaradio.hu\/wp-content\/gallery\/onkenteseink\/B%C3%B6nd%C5%91-Szegedi-Szilvia.jpg\"\n\t\t\t\ttitle=\"B\u00f6nd\u0151-Szegedi Szilvia - szerkeszt\u0151\"\n\t\t\t\tdata-src=\"https:\/\/cegled.mariaradio.hu\/wp-content\/gallery\/onkenteseink\/B%C3%B6nd%C5%91-Szegedi-Szilvia.jpg\"\n\t\t\t\tdata-thumbnail=\"https:\/\/cegled.mariaradio.hu\/wp-content\/gallery\/onkenteseink\/thumbs\/thumbs_B%C3%B6nd%C5%91-Szegedi-Szilvia.jpg\"\n\t\t\t\tdata-image-id=\"240\"\n\t\t\t\tdata-title=\"B\u00f6nd\u0151-Szegedi Szilvia\"\n\t\t\t\tdata-description=\"B\u00f6nd\u0151-Szegedi Szilvia - szerkeszt\u0151\"\n\t\t\t\tdata-image-slug=\"b%c3%b6nd%c5%91-szegedi-szilvia-1\"\n\t\t\t\tclass=\"ngg-fancybox\" rel=\"0819febb5875ef10c85bada0a2e38452\">\n\t\t\t\t<img\n\t\t\t\t\ttitle=\"B\u00f6nd\u0151-Szegedi Szilvia\"\n\t\t\t\t\talt=\"B\u00f6nd\u0151-Szegedi Szilvia\"\n\t\t\t\t\tsrc=\"https:\/\/cegled.mariaradio.hu\/wp-content\/gallery\/onkenteseink\/cache\/B%C3%B6nd%C5%91-Szegedi-Szilvia.jpg-nggid03240-ngg0dyn-160x106x100-00f0w010c011r110f110r010t010.jpg\"\n\t\t\t\t\twidth=\"160\"\n\t\t\t\t\theight=\"106\"\n\t\t\t\t\tstyle=\"max-width:100%;\"\n\t\t\t\t\/>\n\t\t\t<\/a>\n\t\t<\/div>\n\t\t\t\t\t\t\t<\/div> \n\t\t\t\n\t\n\t<br style=\"clear: both\" \/>\n\n\t\n\t\t<!-- Pagination -->\n\t\t<div class='ngg-clear'><\/div>\t<\/div>\n\n","protected":false},"excerpt":{"rendered":"<p>Vissza a k\u00e9pgal\u00e9ri\u00e1hoz<\/p>\n","protected":false},"author":1,"featured_media":0,"parent":43,"menu_order":0,"comment_status":"closed","ping_status":"closed","template":"","meta":{"_monsterinsights_skip_tracking":false,"_monsterinsights_sitenote_active":false,"_monsterinsights_sitenote_note":"","_monsterinsights_sitenote_category":0,"ngg_post_thumbnail":0,"footnotes":""},"_links":{"self":[{"href":"https:\/\/cegled.mariaradio.hu\/index.php?rest_route=\/wp\/v2\/pages\/705"}],"collection":[{"href":"https:\/\/cegled.mariaradio.hu\/index.php?rest_route=\/wp\/v2\/pages"}],"about":[{"href":"https:\/\/cegled.mariaradio.hu\/index.php?rest_route=\/wp\/v2\/types\/page"}],"author":[{"embeddable":true,"href":"https:\/\/cegled.mariaradio.hu\/index.php?rest_route=\/wp\/v2\/users\/1"}],"replies":[{"embeddable":true,"href":"https:\/\/cegled.mariaradio.hu\/index.php?rest_route=%2Fwp%2Fv2%2Fcomments&post=705"}],"version-history":[{"count":1,"href":"https:\/\/cegled.mariaradio.hu\/index.php?rest_route=\/wp\/v2\/pages\/705\/revisions"}],"predecessor-version":[{"id":707,"href":"https:\/\/cegled.mariaradio.hu\/index.php?rest_route=\/wp\/v2\/pages\/705\/revisions\/707"}],"up":[{"embeddable":true,"href":"https:\/\/cegled.mariaradio.hu\/index.php?rest_route=\/wp\/v2\/pages\/43"}],"wp:attachment":[{"href":"https:\/\/cegled.mariaradio.hu\/index.php?rest_route=%2Fwp%2Fv2%2Fmedia&parent=705"}],"curies":[{"name":"wp","href":"https:\/\/api.w.org\/{rel}","templated":true}]}}