{"id":628,"date":"2017-07-04T23:01:41","date_gmt":"2017-07-04T21:01:41","guid":{"rendered":"https:\/\/cegled.mariaradio.hu\/?page_id=628"},"modified":"2017-07-05T23:30:58","modified_gmt":"2017-07-05T21:30:58","slug":"imadsagok","status":"publish","type":"page","link":"https:\/\/cegled.mariaradio.hu\/?page_id=628","title":{"rendered":"Im\u00e1ds\u00e1gok"},"content":{"rendered":"<p>Im\u00e1ds\u00e1gaink a M\u00e1ria R\u00e1di\u00f3 Cegl\u00e9d imaf\u00fczet\u00e9b\u0151l.<br \/>\nImaf\u00fczeteink rendelhet\u0151k <a href=\"https:\/\/cegled.mariaradio.hu\/?page_id=47\" target=\"_blank\" rel=\"noopener\"> az itt<\/a> tal\u00e1lhat\u00f3 el\u00e9rhet\u0151s\u00e9geken kereszt\u00fcl.<br \/>\nSzerkeszt\u0151k: S\u00e1gi Anik\u00f3, Juh\u00e1sz Zolt\u00e1n<\/p>\n<h3>V\u00e1lasszon im\u00e1ds\u00e1gaink k\u00f6z\u00fcl:<\/h3>\n<ul id=\"menu\" style=\"list-style-type: none;\">\n<li>\n<h6><a href=\"https:\/\/cegled.mariaradio.hu\/?page_id=641\" target=\"_blank\">Ima a M\u00e1ria R\u00e1di\u00f3\u00e9rt<\/a><\/h6>\n<\/li>\n<li>\n<h6><a href=\"https:\/\/cegled.mariaradio.hu\/?page_id=647\" target=\"_blank\">R\u00f6vid im\u00e1ds\u00e1gok<\/a><\/h6>\n<\/li>\n<li>\n<h6><a href=\"https:\/\/cegled.mariaradio.hu\/?page_id=651\" target=\"_blank\">M\u00e1ria kereszt\u00fatja<\/a><\/h6>\n<\/li>\n<li>\n<h6><a href=\"https:\/\/cegled.mariaradio.hu\/?page_id=657\" target=\"_blank\">A szeretet hangjai<\/a><\/h6>\n<\/li>\n<\/ul>\n","protected":false},"excerpt":{"rendered":"<p>Im\u00e1ds\u00e1gaink a M\u00e1ria R\u00e1di\u00f3 Cegl\u00e9d imaf\u00fczet\u00e9b\u0151l. Imaf\u00fczeteink rendelhet\u0151k az itt tal\u00e1lhat\u00f3 el\u00e9rhet\u0151s\u00e9geken kereszt\u00fcl. Szerkeszt\u0151k: S\u00e1gi Anik\u00f3, Juh\u00e1sz Zolt\u00e1n V\u00e1lasszon im\u00e1ds\u00e1gaink k\u00f6z\u00fcl: Ima a M\u00e1ria R\u00e1di\u00f3\u00e9rt R\u00f6vid im\u00e1ds\u00e1gok M\u00e1ria kereszt\u00fatja A szeretet hangjai<\/p>\n","protected":false},"author":1,"featured_media":0,"parent":0,"menu_order":0,"comment_status":"closed","ping_status":"closed","template":"","meta":{"_monsterinsights_skip_tracking":false,"_monsterinsights_sitenote_active":false,"_monsterinsights_sitenote_note":"","_monsterinsights_sitenote_category":0,"ngg_post_thumbnail":0,"footnotes":""},"_links":{"self":[{"href":"https:\/\/cegled.mariaradio.hu\/index.php?rest_route=\/wp\/v2\/pages\/628"}],"collection":[{"href":"https:\/\/cegled.mariaradio.hu\/index.php?rest_route=\/wp\/v2\/pages"}],"about":[{"href":"https:\/\/cegled.mariaradio.hu\/index.php?rest_route=\/wp\/v2\/types\/page"}],"author":[{"embeddable":true,"href":"https:\/\/cegled.mariaradio.hu\/index.php?rest_route=\/wp\/v2\/users\/1"}],"replies":[{"embeddable":true,"href":"https:\/\/cegled.mariaradio.hu\/index.php?rest_route=%2Fwp%2Fv2%2Fcomments&post=628"}],"version-history":[{"count":23,"href":"https:\/\/cegled.mariaradio.hu\/index.php?rest_route=\/wp\/v2\/pages\/628\/revisions"}],"predecessor-version":[{"id":969,"href":"https:\/\/cegled.mariaradio.hu\/index.php?rest_route=\/wp\/v2\/pages\/628\/revisions\/969"}],"wp:attachment":[{"href":"https:\/\/cegled.mariaradio.hu\/index.php?rest_route=%2Fwp%2Fv2%2Fmedia&parent=628"}],"curies":[{"name":"wp","href":"https:\/\/api.w.org\/{rel}","templated":true}]}}