{"id":609,"date":"2017-07-02T23:24:00","date_gmt":"2017-07-02T21:24:00","guid":{"rendered":"https:\/\/cegled.mariaradio.hu\/?page_id=609"},"modified":"2017-07-02T23:29:28","modified_gmt":"2017-07-02T21:29:28","slug":"kitelepulesek","status":"publish","type":"page","link":"https:\/\/cegled.mariaradio.hu\/?page_id=609","title":{"rendered":"Kitelep\u00fcl\u00e9sek"},"content":{"rendered":"<p><a href=\"https:\/\/cegled.mariaradio.hu\/?page_id=43\">Vissza a k\u00e9pgal\u00e9ri\u00e1hoz<\/a><\/p>\n<!-- default-view.php -->\n<div\n\tclass=\"ngg-galleryoverview default-view \n\t ngg-ajax-pagination-none\t\"\n\tid=\"ngg-gallery-3c65b77f23d9fa34b47a88a35363d5a7-1\">\n\n\t\t<!-- Thumbnails -->\n\t\t\t\t<div id=\"ngg-image-0\" class=\"ngg-gallery-thumbnail-box \n\t\t\t\t\t\t\t\t\t\t\t\" \n\t\t\t>\n\t\t\t\t\t\t<div class=\"ngg-gallery-thumbnail\">\n\t\t\t<a href=\"https:\/\/cegled.mariaradio.hu\/wp-content\/gallery\/kitelepulesek\/1526630_1447128295540482_8817685465953473895_n.jpg\"\n\t\t\t\ttitle=\"\"\n\t\t\t\tdata-src=\"https:\/\/cegled.mariaradio.hu\/wp-content\/gallery\/kitelepulesek\/1526630_1447128295540482_8817685465953473895_n.jpg\"\n\t\t\t\tdata-thumbnail=\"https:\/\/cegled.mariaradio.hu\/wp-content\/gallery\/kitelepulesek\/thumbs\/thumbs_1526630_1447128295540482_8817685465953473895_n.jpg\"\n\t\t\t\tdata-image-id=\"99\"\n\t\t\t\tdata-title=\"1\"\n\t\t\t\tdata-description=\"\"\n\t\t\t\tdata-image-slug=\"1526630_1447128295540482_8817685465953473895_n\"\n\t\t\t\tclass=\"ngg-fancybox\" rel=\"3c65b77f23d9fa34b47a88a35363d5a7\">\n\t\t\t\t<img\n\t\t\t\t\ttitle=\"1\"\n\t\t\t\t\talt=\"1\"\n\t\t\t\t\tsrc=\"https:\/\/cegled.mariaradio.hu\/wp-content\/gallery\/kitelepulesek\/cache\/1526630_1447128295540482_8817685465953473895_n.jpg-nggid0299-ngg0dyn-160x106x100-00f0w010c011r110f110r010t010.jpg\"\n\t\t\t\t\twidth=\"160\"\n\t\t\t\t\theight=\"106\"\n\t\t\t\t\tstyle=\"max-width:100%;\"\n\t\t\t\t\/>\n\t\t\t<\/a>\n\t\t<\/div>\n\t\t\t\t\t\t\t<\/div> \n\t\t\t\n\t\t\t\t<div id=\"ngg-image-1\" class=\"ngg-gallery-thumbnail-box \n\t\t\t\t\t\t\t\t\t\t\t\" \n\t\t\t>\n\t\t\t\t\t\t<div class=\"ngg-gallery-thumbnail\">\n\t\t\t<a href=\"https:\/\/cegled.mariaradio.hu\/wp-content\/gallery\/kitelepulesek\/10177899_1492244077695570_5997261055155885169_n.jpg\"\n\t\t\t\ttitle=\"\"\n\t\t\t\tdata-src=\"https:\/\/cegled.mariaradio.hu\/wp-content\/gallery\/kitelepulesek\/10177899_1492244077695570_5997261055155885169_n.jpg\"\n\t\t\t\tdata-thumbnail=\"https:\/\/cegled.mariaradio.hu\/wp-content\/gallery\/kitelepulesek\/thumbs\/thumbs_10177899_1492244077695570_5997261055155885169_n.jpg\"\n\t\t\t\tdata-image-id=\"100\"\n\t\t\t\tdata-title=\"2\"\n\t\t\t\tdata-description=\"\"\n\t\t\t\tdata-image-slug=\"10177899_1492244077695570_5997261055155885169_n\"\n\t\t\t\tclass=\"ngg-fancybox\" rel=\"3c65b77f23d9fa34b47a88a35363d5a7\">\n\t\t\t\t<img\n\t\t\t\t\ttitle=\"2\"\n\t\t\t\t\talt=\"2\"\n\t\t\t\t\tsrc=\"https:\/\/cegled.mariaradio.hu\/wp-content\/gallery\/kitelepulesek\/cache\/10177899_1492244077695570_5997261055155885169_n.jpg-nggid03100-ngg0dyn-160x106x100-00f0w010c011r110f110r010t010.jpg\"\n\t\t\t\t\twidth=\"160\"\n\t\t\t\t\theight=\"106\"\n\t\t\t\t\tstyle=\"max-width:100%;\"\n\t\t\t\t\/>\n\t\t\t<\/a>\n\t\t<\/div>\n\t\t\t\t\t\t\t<\/div> \n\t\t\t\n\t\t\t\t<div id=\"ngg-image-2\" class=\"ngg-gallery-thumbnail-box \n\t\t\t\t\t\t\t\t\t\t\t\" \n\t\t\t>\n\t\t\t\t\t\t<div class=\"ngg-gallery-thumbnail\">\n\t\t\t<a href=\"https:\/\/cegled.mariaradio.hu\/wp-content\/gallery\/kitelepulesek\/10405391_1481401802113131_859221939095301941_n.jpg\"\n\t\t\t\ttitle=\"\"\n\t\t\t\tdata-src=\"https:\/\/cegled.mariaradio.hu\/wp-content\/gallery\/kitelepulesek\/10405391_1481401802113131_859221939095301941_n.jpg\"\n\t\t\t\tdata-thumbnail=\"https:\/\/cegled.mariaradio.hu\/wp-content\/gallery\/kitelepulesek\/thumbs\/thumbs_10405391_1481401802113131_859221939095301941_n.jpg\"\n\t\t\t\tdata-image-id=\"101\"\n\t\t\t\tdata-title=\"3\"\n\t\t\t\tdata-description=\"\"\n\t\t\t\tdata-image-slug=\"10405391_1481401802113131_859221939095301941_n\"\n\t\t\t\tclass=\"ngg-fancybox\" rel=\"3c65b77f23d9fa34b47a88a35363d5a7\">\n\t\t\t\t<img\n\t\t\t\t\ttitle=\"3\"\n\t\t\t\t\talt=\"3\"\n\t\t\t\t\tsrc=\"https:\/\/cegled.mariaradio.hu\/wp-content\/gallery\/kitelepulesek\/cache\/10405391_1481401802113131_859221939095301941_n.jpg-nggid03101-ngg0dyn-160x106x100-00f0w010c011r110f110r010t010.jpg\"\n\t\t\t\t\twidth=\"160\"\n\t\t\t\t\theight=\"106\"\n\t\t\t\t\tstyle=\"max-width:100%;\"\n\t\t\t\t\/>\n\t\t\t<\/a>\n\t\t<\/div>\n\t\t\t\t\t\t\t<\/div> \n\t\t\t\n\t\t\t\t<div id=\"ngg-image-3\" class=\"ngg-gallery-thumbnail-box \n\t\t\t\t\t\t\t\t\t\t\t\" \n\t\t\t>\n\t\t\t\t\t\t<div class=\"ngg-gallery-thumbnail\">\n\t\t\t<a href=\"https:\/\/cegled.mariaradio.hu\/wp-content\/gallery\/kitelepulesek\/10488214_1447128268873818_2366555916298159718_n.jpg\"\n\t\t\t\ttitle=\"\"\n\t\t\t\tdata-src=\"https:\/\/cegled.mariaradio.hu\/wp-content\/gallery\/kitelepulesek\/10488214_1447128268873818_2366555916298159718_n.jpg\"\n\t\t\t\tdata-thumbnail=\"https:\/\/cegled.mariaradio.hu\/wp-content\/gallery\/kitelepulesek\/thumbs\/thumbs_10488214_1447128268873818_2366555916298159718_n.jpg\"\n\t\t\t\tdata-image-id=\"102\"\n\t\t\t\tdata-title=\"4\"\n\t\t\t\tdata-description=\"\"\n\t\t\t\tdata-image-slug=\"10488214_1447128268873818_2366555916298159718_n\"\n\t\t\t\tclass=\"ngg-fancybox\" rel=\"3c65b77f23d9fa34b47a88a35363d5a7\">\n\t\t\t\t<img\n\t\t\t\t\ttitle=\"4\"\n\t\t\t\t\talt=\"4\"\n\t\t\t\t\tsrc=\"https:\/\/cegled.mariaradio.hu\/wp-content\/gallery\/kitelepulesek\/cache\/10488214_1447128268873818_2366555916298159718_n.jpg-nggid03102-ngg0dyn-160x106x100-00f0w010c011r110f110r010t010.jpg\"\n\t\t\t\t\twidth=\"160\"\n\t\t\t\t\theight=\"106\"\n\t\t\t\t\tstyle=\"max-width:100%;\"\n\t\t\t\t\/>\n\t\t\t<\/a>\n\t\t<\/div>\n\t\t\t\t\t\t\t<\/div> \n\t\t\t\n\t\t\t\t<div id=\"ngg-image-4\" class=\"ngg-gallery-thumbnail-box \n\t\t\t\t\t\t\t\t\t\t\t\" \n\t\t\t>\n\t\t\t\t\t\t<div class=\"ngg-gallery-thumbnail\">\n\t\t\t<a href=\"https:\/\/cegled.mariaradio.hu\/wp-content\/gallery\/kitelepulesek\/10622933_1481402305446414_5634433573649086363_n.jpg\"\n\t\t\t\ttitle=\"\"\n\t\t\t\tdata-src=\"https:\/\/cegled.mariaradio.hu\/wp-content\/gallery\/kitelepulesek\/10622933_1481402305446414_5634433573649086363_n.jpg\"\n\t\t\t\tdata-thumbnail=\"https:\/\/cegled.mariaradio.hu\/wp-content\/gallery\/kitelepulesek\/thumbs\/thumbs_10622933_1481402305446414_5634433573649086363_n.jpg\"\n\t\t\t\tdata-image-id=\"104\"\n\t\t\t\tdata-title=\"6\"\n\t\t\t\tdata-description=\"\"\n\t\t\t\tdata-image-slug=\"10622933_1481402305446414_5634433573649086363_n\"\n\t\t\t\tclass=\"ngg-fancybox\" rel=\"3c65b77f23d9fa34b47a88a35363d5a7\">\n\t\t\t\t<img\n\t\t\t\t\ttitle=\"6\"\n\t\t\t\t\talt=\"6\"\n\t\t\t\t\tsrc=\"https:\/\/cegled.mariaradio.hu\/wp-content\/gallery\/kitelepulesek\/cache\/10622933_1481402305446414_5634433573649086363_n.jpg-nggid03104-ngg0dyn-160x106x100-00f0w010c011r110f110r010t010.jpg\"\n\t\t\t\t\twidth=\"160\"\n\t\t\t\t\theight=\"106\"\n\t\t\t\t\tstyle=\"max-width:100%;\"\n\t\t\t\t\/>\n\t\t\t<\/a>\n\t\t<\/div>\n\t\t\t\t\t\t\t<\/div> \n\t\t\t\n\t\t\t\t<div id=\"ngg-image-5\" class=\"ngg-gallery-thumbnail-box \n\t\t\t\t\t\t\t\t\t\t\t\" \n\t\t\t>\n\t\t\t\t\t\t<div class=\"ngg-gallery-thumbnail\">\n\t\t\t<a href=\"https:\/\/cegled.mariaradio.hu\/wp-content\/gallery\/kitelepulesek\/10993409_1546136598972984_5775045629566504748_n.jpg\"\n\t\t\t\ttitle=\"\"\n\t\t\t\tdata-src=\"https:\/\/cegled.mariaradio.hu\/wp-content\/gallery\/kitelepulesek\/10993409_1546136598972984_5775045629566504748_n.jpg\"\n\t\t\t\tdata-thumbnail=\"https:\/\/cegled.mariaradio.hu\/wp-content\/gallery\/kitelepulesek\/thumbs\/thumbs_10993409_1546136598972984_5775045629566504748_n.jpg\"\n\t\t\t\tdata-image-id=\"105\"\n\t\t\t\tdata-title=\"7\"\n\t\t\t\tdata-description=\"\"\n\t\t\t\tdata-image-slug=\"10993409_1546136598972984_5775045629566504748_n\"\n\t\t\t\tclass=\"ngg-fancybox\" rel=\"3c65b77f23d9fa34b47a88a35363d5a7\">\n\t\t\t\t<img\n\t\t\t\t\ttitle=\"7\"\n\t\t\t\t\talt=\"7\"\n\t\t\t\t\tsrc=\"https:\/\/cegled.mariaradio.hu\/wp-content\/gallery\/kitelepulesek\/cache\/10993409_1546136598972984_5775045629566504748_n.jpg-nggid03105-ngg0dyn-160x106x100-00f0w010c011r110f110r010t010.jpg\"\n\t\t\t\t\twidth=\"160\"\n\t\t\t\t\theight=\"106\"\n\t\t\t\t\tstyle=\"max-width:100%;\"\n\t\t\t\t\/>\n\t\t\t<\/a>\n\t\t<\/div>\n\t\t\t\t\t\t\t<\/div> \n\t\t\t\n\t\t\t\t<div id=\"ngg-image-6\" class=\"ngg-gallery-thumbnail-box \n\t\t\t\t\t\t\t\t\t\t\t\" \n\t\t\t>\n\t\t\t\t\t\t<div class=\"ngg-gallery-thumbnail\">\n\t\t\t<a href=\"https:\/\/cegled.mariaradio.hu\/wp-content\/gallery\/kitelepulesek\/11046298_1546136768972967_4020987960495133975_n.jpg\"\n\t\t\t\ttitle=\"\"\n\t\t\t\tdata-src=\"https:\/\/cegled.mariaradio.hu\/wp-content\/gallery\/kitelepulesek\/11046298_1546136768972967_4020987960495133975_n.jpg\"\n\t\t\t\tdata-thumbnail=\"https:\/\/cegled.mariaradio.hu\/wp-content\/gallery\/kitelepulesek\/thumbs\/thumbs_11046298_1546136768972967_4020987960495133975_n.jpg\"\n\t\t\t\tdata-image-id=\"106\"\n\t\t\t\tdata-title=\"8\"\n\t\t\t\tdata-description=\"\"\n\t\t\t\tdata-image-slug=\"11046298_1546136768972967_4020987960495133975_n\"\n\t\t\t\tclass=\"ngg-fancybox\" rel=\"3c65b77f23d9fa34b47a88a35363d5a7\">\n\t\t\t\t<img\n\t\t\t\t\ttitle=\"8\"\n\t\t\t\t\talt=\"8\"\n\t\t\t\t\tsrc=\"https:\/\/cegled.mariaradio.hu\/wp-content\/gallery\/kitelepulesek\/cache\/11046298_1546136768972967_4020987960495133975_n.jpg-nggid03106-ngg0dyn-160x106x100-00f0w010c011r110f110r010t010.jpg\"\n\t\t\t\t\twidth=\"160\"\n\t\t\t\t\theight=\"106\"\n\t\t\t\t\tstyle=\"max-width:100%;\"\n\t\t\t\t\/>\n\t\t\t<\/a>\n\t\t<\/div>\n\t\t\t\t\t\t\t<\/div> \n\t\t\t\n\t\t\t\t<div id=\"ngg-image-7\" class=\"ngg-gallery-thumbnail-box \n\t\t\t\t\t\t\t\t\t\t\t\" \n\t\t\t>\n\t\t\t\t\t\t<div class=\"ngg-gallery-thumbnail\">\n\t\t\t<a href=\"https:\/\/cegled.mariaradio.hu\/wp-content\/gallery\/kitelepulesek\/12805743_1655083011411675_1931897081552864777_n.jpg\"\n\t\t\t\ttitle=\"\"\n\t\t\t\tdata-src=\"https:\/\/cegled.mariaradio.hu\/wp-content\/gallery\/kitelepulesek\/12805743_1655083011411675_1931897081552864777_n.jpg\"\n\t\t\t\tdata-thumbnail=\"https:\/\/cegled.mariaradio.hu\/wp-content\/gallery\/kitelepulesek\/thumbs\/thumbs_12805743_1655083011411675_1931897081552864777_n.jpg\"\n\t\t\t\tdata-image-id=\"107\"\n\t\t\t\tdata-title=\"9\"\n\t\t\t\tdata-description=\"\"\n\t\t\t\tdata-image-slug=\"12805743_1655083011411675_1931897081552864777_n\"\n\t\t\t\tclass=\"ngg-fancybox\" rel=\"3c65b77f23d9fa34b47a88a35363d5a7\">\n\t\t\t\t<img\n\t\t\t\t\ttitle=\"9\"\n\t\t\t\t\talt=\"9\"\n\t\t\t\t\tsrc=\"https:\/\/cegled.mariaradio.hu\/wp-content\/gallery\/kitelepulesek\/cache\/12805743_1655083011411675_1931897081552864777_n.jpg-nggid03107-ngg0dyn-160x106x100-00f0w010c011r110f110r010t010.jpg\"\n\t\t\t\t\twidth=\"160\"\n\t\t\t\t\theight=\"106\"\n\t\t\t\t\tstyle=\"max-width:100%;\"\n\t\t\t\t\/>\n\t\t\t<\/a>\n\t\t<\/div>\n\t\t\t\t\t\t\t<\/div> \n\t\t\t\n\t\t\t\t<div id=\"ngg-image-8\" class=\"ngg-gallery-thumbnail-box \n\t\t\t\t\t\t\t\t\t\t\t\" \n\t\t\t>\n\t\t\t\t\t\t<div class=\"ngg-gallery-thumbnail\">\n\t\t\t<a href=\"https:\/\/cegled.mariaradio.hu\/wp-content\/gallery\/kitelepulesek\/15326509_1762442484009060_6212294247726167727_n.jpg\"\n\t\t\t\ttitle=\"\"\n\t\t\t\tdata-src=\"https:\/\/cegled.mariaradio.hu\/wp-content\/gallery\/kitelepulesek\/15326509_1762442484009060_6212294247726167727_n.jpg\"\n\t\t\t\tdata-thumbnail=\"https:\/\/cegled.mariaradio.hu\/wp-content\/gallery\/kitelepulesek\/thumbs\/thumbs_15326509_1762442484009060_6212294247726167727_n.jpg\"\n\t\t\t\tdata-image-id=\"108\"\n\t\t\t\tdata-title=\"10\"\n\t\t\t\tdata-description=\"\"\n\t\t\t\tdata-image-slug=\"15326509_1762442484009060_6212294247726167727_n\"\n\t\t\t\tclass=\"ngg-fancybox\" rel=\"3c65b77f23d9fa34b47a88a35363d5a7\">\n\t\t\t\t<img\n\t\t\t\t\ttitle=\"10\"\n\t\t\t\t\talt=\"10\"\n\t\t\t\t\tsrc=\"https:\/\/cegled.mariaradio.hu\/wp-content\/gallery\/kitelepulesek\/cache\/15326509_1762442484009060_6212294247726167727_n.jpg-nggid03108-ngg0dyn-160x106x100-00f0w010c011r110f110r010t010.jpg\"\n\t\t\t\t\twidth=\"160\"\n\t\t\t\t\theight=\"106\"\n\t\t\t\t\tstyle=\"max-width:100%;\"\n\t\t\t\t\/>\n\t\t\t<\/a>\n\t\t<\/div>\n\t\t\t\t\t\t\t<\/div> \n\t\t\t\n\t\t\t\t<div id=\"ngg-image-9\" class=\"ngg-gallery-thumbnail-box \n\t\t\t\t\t\t\t\t\t\t\t\" \n\t\t\t>\n\t\t\t\t\t\t<div class=\"ngg-gallery-thumbnail\">\n\t\t\t<a href=\"https:\/\/cegled.mariaradio.hu\/wp-content\/gallery\/kitelepulesek\/16003220_1780421195544522_8321818693420240385_n.jpg\"\n\t\t\t\ttitle=\"\"\n\t\t\t\tdata-src=\"https:\/\/cegled.mariaradio.hu\/wp-content\/gallery\/kitelepulesek\/16003220_1780421195544522_8321818693420240385_n.jpg\"\n\t\t\t\tdata-thumbnail=\"https:\/\/cegled.mariaradio.hu\/wp-content\/gallery\/kitelepulesek\/thumbs\/thumbs_16003220_1780421195544522_8321818693420240385_n.jpg\"\n\t\t\t\tdata-image-id=\"109\"\n\t\t\t\tdata-title=\"11\"\n\t\t\t\tdata-description=\"\"\n\t\t\t\tdata-image-slug=\"16003220_1780421195544522_8321818693420240385_n\"\n\t\t\t\tclass=\"ngg-fancybox\" rel=\"3c65b77f23d9fa34b47a88a35363d5a7\">\n\t\t\t\t<img\n\t\t\t\t\ttitle=\"11\"\n\t\t\t\t\talt=\"11\"\n\t\t\t\t\tsrc=\"https:\/\/cegled.mariaradio.hu\/wp-content\/gallery\/kitelepulesek\/cache\/16003220_1780421195544522_8321818693420240385_n.jpg-nggid03109-ngg0dyn-160x106x100-00f0w010c011r110f110r010t010.jpg\"\n\t\t\t\t\twidth=\"160\"\n\t\t\t\t\theight=\"106\"\n\t\t\t\t\tstyle=\"max-width:100%;\"\n\t\t\t\t\/>\n\t\t\t<\/a>\n\t\t<\/div>\n\t\t\t\t\t\t\t<\/div> \n\t\t\t\n\t\t\t\t<div id=\"ngg-image-10\" class=\"ngg-gallery-thumbnail-box \n\t\t\t\t\t\t\t\t\t\t\t\" \n\t\t\t>\n\t\t\t\t\t\t<div class=\"ngg-gallery-thumbnail\">\n\t\t\t<a href=\"https:\/\/cegled.mariaradio.hu\/wp-content\/gallery\/kitelepulesek\/16105994_1782278768692098_8846280504320068987_n.jpg\"\n\t\t\t\ttitle=\"\"\n\t\t\t\tdata-src=\"https:\/\/cegled.mariaradio.hu\/wp-content\/gallery\/kitelepulesek\/16105994_1782278768692098_8846280504320068987_n.jpg\"\n\t\t\t\tdata-thumbnail=\"https:\/\/cegled.mariaradio.hu\/wp-content\/gallery\/kitelepulesek\/thumbs\/thumbs_16105994_1782278768692098_8846280504320068987_n.jpg\"\n\t\t\t\tdata-image-id=\"110\"\n\t\t\t\tdata-title=\"12\"\n\t\t\t\tdata-description=\"\"\n\t\t\t\tdata-image-slug=\"16105994_1782278768692098_8846280504320068987_n\"\n\t\t\t\tclass=\"ngg-fancybox\" rel=\"3c65b77f23d9fa34b47a88a35363d5a7\">\n\t\t\t\t<img\n\t\t\t\t\ttitle=\"12\"\n\t\t\t\t\talt=\"12\"\n\t\t\t\t\tsrc=\"https:\/\/cegled.mariaradio.hu\/wp-content\/gallery\/kitelepulesek\/cache\/16105994_1782278768692098_8846280504320068987_n.jpg-nggid03110-ngg0dyn-160x106x100-00f0w010c011r110f110r010t010.jpg\"\n\t\t\t\t\twidth=\"160\"\n\t\t\t\t\theight=\"106\"\n\t\t\t\t\tstyle=\"max-width:100%;\"\n\t\t\t\t\/>\n\t\t\t<\/a>\n\t\t<\/div>\n\t\t\t\t\t\t\t<\/div> \n\t\t\t\n\t\t\t\t<div id=\"ngg-image-11\" class=\"ngg-gallery-thumbnail-box \n\t\t\t\t\t\t\t\t\t\t\t\" \n\t\t\t>\n\t\t\t\t\t\t<div class=\"ngg-gallery-thumbnail\">\n\t\t\t<a href=\"https:\/\/cegled.mariaradio.hu\/wp-content\/gallery\/kitelepulesek\/16106058_1781805638739411_2874251431593579737_n.jpg\"\n\t\t\t\ttitle=\"\"\n\t\t\t\tdata-src=\"https:\/\/cegled.mariaradio.hu\/wp-content\/gallery\/kitelepulesek\/16106058_1781805638739411_2874251431593579737_n.jpg\"\n\t\t\t\tdata-thumbnail=\"https:\/\/cegled.mariaradio.hu\/wp-content\/gallery\/kitelepulesek\/thumbs\/thumbs_16106058_1781805638739411_2874251431593579737_n.jpg\"\n\t\t\t\tdata-image-id=\"111\"\n\t\t\t\tdata-title=\"13\"\n\t\t\t\tdata-description=\"\"\n\t\t\t\tdata-image-slug=\"16106058_1781805638739411_2874251431593579737_n\"\n\t\t\t\tclass=\"ngg-fancybox\" rel=\"3c65b77f23d9fa34b47a88a35363d5a7\">\n\t\t\t\t<img\n\t\t\t\t\ttitle=\"13\"\n\t\t\t\t\talt=\"13\"\n\t\t\t\t\tsrc=\"https:\/\/cegled.mariaradio.hu\/wp-content\/gallery\/kitelepulesek\/cache\/16106058_1781805638739411_2874251431593579737_n.jpg-nggid03111-ngg0dyn-160x106x100-00f0w010c011r110f110r010t010.jpg\"\n\t\t\t\t\twidth=\"160\"\n\t\t\t\t\theight=\"106\"\n\t\t\t\t\tstyle=\"max-width:100%;\"\n\t\t\t\t\/>\n\t\t\t<\/a>\n\t\t<\/div>\n\t\t\t\t\t\t\t<\/div> \n\t\t\t\n\t\t\t\t<div id=\"ngg-image-12\" class=\"ngg-gallery-thumbnail-box \n\t\t\t\t\t\t\t\t\t\t\t\" \n\t\t\t>\n\t\t\t\t\t\t<div class=\"ngg-gallery-thumbnail\">\n\t\t\t<a href=\"https:\/\/cegled.mariaradio.hu\/wp-content\/gallery\/kitelepulesek\/16114114_1780901838829791_5371386962083225171_n.jpg\"\n\t\t\t\ttitle=\"\"\n\t\t\t\tdata-src=\"https:\/\/cegled.mariaradio.hu\/wp-content\/gallery\/kitelepulesek\/16114114_1780901838829791_5371386962083225171_n.jpg\"\n\t\t\t\tdata-thumbnail=\"https:\/\/cegled.mariaradio.hu\/wp-content\/gallery\/kitelepulesek\/thumbs\/thumbs_16114114_1780901838829791_5371386962083225171_n.jpg\"\n\t\t\t\tdata-image-id=\"112\"\n\t\t\t\tdata-title=\"14\"\n\t\t\t\tdata-description=\"\"\n\t\t\t\tdata-image-slug=\"16114114_1780901838829791_5371386962083225171_n\"\n\t\t\t\tclass=\"ngg-fancybox\" rel=\"3c65b77f23d9fa34b47a88a35363d5a7\">\n\t\t\t\t<img\n\t\t\t\t\ttitle=\"14\"\n\t\t\t\t\talt=\"14\"\n\t\t\t\t\tsrc=\"https:\/\/cegled.mariaradio.hu\/wp-content\/gallery\/kitelepulesek\/cache\/16114114_1780901838829791_5371386962083225171_n.jpg-nggid03112-ngg0dyn-160x106x100-00f0w010c011r110f110r010t010.jpg\"\n\t\t\t\t\twidth=\"160\"\n\t\t\t\t\theight=\"106\"\n\t\t\t\t\tstyle=\"max-width:100%;\"\n\t\t\t\t\/>\n\t\t\t<\/a>\n\t\t<\/div>\n\t\t\t\t\t\t\t<\/div> \n\t\t\t\n\t\t\t\t<div id=\"ngg-image-13\" class=\"ngg-gallery-thumbnail-box \n\t\t\t\t\t\t\t\t\t\t\t\" \n\t\t\t>\n\t\t\t\t\t\t<div class=\"ngg-gallery-thumbnail\">\n\t\t\t<a href=\"https:\/\/cegled.mariaradio.hu\/wp-content\/gallery\/kitelepulesek\/16143013_1782788348641140_1851914349602833049_n.jpg\"\n\t\t\t\ttitle=\"\"\n\t\t\t\tdata-src=\"https:\/\/cegled.mariaradio.hu\/wp-content\/gallery\/kitelepulesek\/16143013_1782788348641140_1851914349602833049_n.jpg\"\n\t\t\t\tdata-thumbnail=\"https:\/\/cegled.mariaradio.hu\/wp-content\/gallery\/kitelepulesek\/thumbs\/thumbs_16143013_1782788348641140_1851914349602833049_n.jpg\"\n\t\t\t\tdata-image-id=\"113\"\n\t\t\t\tdata-title=\"15\"\n\t\t\t\tdata-description=\"\"\n\t\t\t\tdata-image-slug=\"16143013_1782788348641140_1851914349602833049_n\"\n\t\t\t\tclass=\"ngg-fancybox\" rel=\"3c65b77f23d9fa34b47a88a35363d5a7\">\n\t\t\t\t<img\n\t\t\t\t\ttitle=\"15\"\n\t\t\t\t\talt=\"15\"\n\t\t\t\t\tsrc=\"https:\/\/cegled.mariaradio.hu\/wp-content\/gallery\/kitelepulesek\/cache\/16143013_1782788348641140_1851914349602833049_n.jpg-nggid03113-ngg0dyn-160x106x100-00f0w010c011r110f110r010t010.jpg\"\n\t\t\t\t\twidth=\"160\"\n\t\t\t\t\theight=\"106\"\n\t\t\t\t\tstyle=\"max-width:100%;\"\n\t\t\t\t\/>\n\t\t\t<\/a>\n\t\t<\/div>\n\t\t\t\t\t\t\t<\/div> \n\t\t\t\n\t\t\t\t<div id=\"ngg-image-14\" class=\"ngg-gallery-thumbnail-box \n\t\t\t\t\t\t\t\t\t\t\t\" \n\t\t\t>\n\t\t\t\t\t\t<div class=\"ngg-gallery-thumbnail\">\n\t\t\t<a href=\"https:\/\/cegled.mariaradio.hu\/wp-content\/gallery\/kitelepulesek\/16174489_1781335462119762_5400490722484223738_n.jpg\"\n\t\t\t\ttitle=\"\"\n\t\t\t\tdata-src=\"https:\/\/cegled.mariaradio.hu\/wp-content\/gallery\/kitelepulesek\/16174489_1781335462119762_5400490722484223738_n.jpg\"\n\t\t\t\tdata-thumbnail=\"https:\/\/cegled.mariaradio.hu\/wp-content\/gallery\/kitelepulesek\/thumbs\/thumbs_16174489_1781335462119762_5400490722484223738_n.jpg\"\n\t\t\t\tdata-image-id=\"114\"\n\t\t\t\tdata-title=\"16\"\n\t\t\t\tdata-description=\"\"\n\t\t\t\tdata-image-slug=\"16174489_1781335462119762_5400490722484223738_n\"\n\t\t\t\tclass=\"ngg-fancybox\" rel=\"3c65b77f23d9fa34b47a88a35363d5a7\">\n\t\t\t\t<img\n\t\t\t\t\ttitle=\"16\"\n\t\t\t\t\talt=\"16\"\n\t\t\t\t\tsrc=\"https:\/\/cegled.mariaradio.hu\/wp-content\/gallery\/kitelepulesek\/cache\/16174489_1781335462119762_5400490722484223738_n.jpg-nggid03114-ngg0dyn-160x106x100-00f0w010c011r110f110r010t010.jpg\"\n\t\t\t\t\twidth=\"160\"\n\t\t\t\t\theight=\"106\"\n\t\t\t\t\tstyle=\"max-width:100%;\"\n\t\t\t\t\/>\n\t\t\t<\/a>\n\t\t<\/div>\n\t\t\t\t\t\t\t<\/div> \n\t\t\t\n\t\n\t<br style=\"clear: both\" \/>\n\n\t\n\t\t<!-- Pagination -->\n\t\t<div class='ngg-clear'><\/div>\t<\/div>\n\n","protected":false},"excerpt":{"rendered":"<p>Vissza a k\u00e9pgal\u00e9ri\u00e1hoz<\/p>\n","protected":false},"author":1,"featured_media":0,"parent":43,"menu_order":0,"comment_status":"closed","ping_status":"closed","template":"","meta":{"_monsterinsights_skip_tracking":false,"_monsterinsights_sitenote_active":false,"_monsterinsights_sitenote_note":"","_monsterinsights_sitenote_category":0,"ngg_post_thumbnail":0,"footnotes":""},"_links":{"self":[{"href":"https:\/\/cegled.mariaradio.hu\/index.php?rest_route=\/wp\/v2\/pages\/609"}],"collection":[{"href":"https:\/\/cegled.mariaradio.hu\/index.php?rest_route=\/wp\/v2\/pages"}],"about":[{"href":"https:\/\/cegled.mariaradio.hu\/index.php?rest_route=\/wp\/v2\/types\/page"}],"author":[{"embeddable":true,"href":"https:\/\/cegled.mariaradio.hu\/index.php?rest_route=\/wp\/v2\/users\/1"}],"replies":[{"embeddable":true,"href":"https:\/\/cegled.mariaradio.hu\/index.php?rest_route=%2Fwp%2Fv2%2Fcomments&post=609"}],"version-history":[{"count":1,"href":"https:\/\/cegled.mariaradio.hu\/index.php?rest_route=\/wp\/v2\/pages\/609\/revisions"}],"predecessor-version":[{"id":613,"href":"https:\/\/cegled.mariaradio.hu\/index.php?rest_route=\/wp\/v2\/pages\/609\/revisions\/613"}],"up":[{"embeddable":true,"href":"https:\/\/cegled.mariaradio.hu\/index.php?rest_route=\/wp\/v2\/pages\/43"}],"wp:attachment":[{"href":"https:\/\/cegled.mariaradio.hu\/index.php?rest_route=%2Fwp%2Fv2%2Fmedia&parent=609"}],"curies":[{"name":"wp","href":"https:\/\/api.w.org\/{rel}","templated":true}]}}