{"id":606,"date":"2017-07-02T23:23:14","date_gmt":"2017-07-02T21:23:14","guid":{"rendered":"https:\/\/cegled.mariaradio.hu\/?page_id=606"},"modified":"2017-07-02T23:28:34","modified_gmt":"2017-07-02T21:28:34","slug":"cegledi-laskafesztival-2017","status":"publish","type":"page","link":"https:\/\/cegled.mariaradio.hu\/?page_id=606","title":{"rendered":"Cegl\u00e9di Laskafesztiv\u00e1l 2017"},"content":{"rendered":"<p><a href=\"https:\/\/cegled.mariaradio.hu\/?page_id=43\">Vissza a k\u00e9pgal\u00e9ri\u00e1hoz<\/a><\/p>\n<!-- default-view.php -->\n<div\n\tclass=\"ngg-galleryoverview default-view \n\t ngg-ajax-pagination-none\t\"\n\tid=\"ngg-gallery-e9ae2a21a1c188dca4aa441e6e761d79-1\">\n\n\t\t<!-- Thumbnails -->\n\t\t\t\t<div id=\"ngg-image-0\" class=\"ngg-gallery-thumbnail-box \n\t\t\t\t\t\t\t\t\t\t\t\" \n\t\t\t>\n\t\t\t\t\t\t<div class=\"ngg-gallery-thumbnail\">\n\t\t\t<a href=\"https:\/\/cegled.mariaradio.hu\/wp-content\/gallery\/cegledi-laska-fesztival-2017\/19105705_1848663612053613_1823931865306690499_n.jpg\"\n\t\t\t\ttitle=\"\"\n\t\t\t\tdata-src=\"https:\/\/cegled.mariaradio.hu\/wp-content\/gallery\/cegledi-laska-fesztival-2017\/19105705_1848663612053613_1823931865306690499_n.jpg\"\n\t\t\t\tdata-thumbnail=\"https:\/\/cegled.mariaradio.hu\/wp-content\/gallery\/cegledi-laska-fesztival-2017\/thumbs\/thumbs_19105705_1848663612053613_1823931865306690499_n.jpg\"\n\t\t\t\tdata-image-id=\"83\"\n\t\t\t\tdata-title=\"1\"\n\t\t\t\tdata-description=\"\"\n\t\t\t\tdata-image-slug=\"19105705_1848663612053613_1823931865306690499_n\"\n\t\t\t\tclass=\"ngg-fancybox\" rel=\"e9ae2a21a1c188dca4aa441e6e761d79\">\n\t\t\t\t<img\n\t\t\t\t\ttitle=\"1\"\n\t\t\t\t\talt=\"1\"\n\t\t\t\t\tsrc=\"https:\/\/cegled.mariaradio.hu\/wp-content\/gallery\/cegledi-laska-fesztival-2017\/cache\/19105705_1848663612053613_1823931865306690499_n.jpg-nggid0283-ngg0dyn-160x106x100-00f0w010c011r110f110r010t010.jpg\"\n\t\t\t\t\twidth=\"160\"\n\t\t\t\t\theight=\"106\"\n\t\t\t\t\tstyle=\"max-width:100%;\"\n\t\t\t\t\/>\n\t\t\t<\/a>\n\t\t<\/div>\n\t\t\t\t\t\t\t<\/div> \n\t\t\t\n\t\t\t\t<div id=\"ngg-image-1\" class=\"ngg-gallery-thumbnail-box \n\t\t\t\t\t\t\t\t\t\t\t\" \n\t\t\t>\n\t\t\t\t\t\t<div class=\"ngg-gallery-thumbnail\">\n\t\t\t<a href=\"https:\/\/cegled.mariaradio.hu\/wp-content\/gallery\/cegledi-laska-fesztival-2017\/19113763_1848663568720284_860399963732840797_n.jpg\"\n\t\t\t\ttitle=\"\"\n\t\t\t\tdata-src=\"https:\/\/cegled.mariaradio.hu\/wp-content\/gallery\/cegledi-laska-fesztival-2017\/19113763_1848663568720284_860399963732840797_n.jpg\"\n\t\t\t\tdata-thumbnail=\"https:\/\/cegled.mariaradio.hu\/wp-content\/gallery\/cegledi-laska-fesztival-2017\/thumbs\/thumbs_19113763_1848663568720284_860399963732840797_n.jpg\"\n\t\t\t\tdata-image-id=\"84\"\n\t\t\t\tdata-title=\"2\"\n\t\t\t\tdata-description=\"\"\n\t\t\t\tdata-image-slug=\"19113763_1848663568720284_860399963732840797_n\"\n\t\t\t\tclass=\"ngg-fancybox\" rel=\"e9ae2a21a1c188dca4aa441e6e761d79\">\n\t\t\t\t<img\n\t\t\t\t\ttitle=\"2\"\n\t\t\t\t\talt=\"2\"\n\t\t\t\t\tsrc=\"https:\/\/cegled.mariaradio.hu\/wp-content\/gallery\/cegledi-laska-fesztival-2017\/cache\/19113763_1848663568720284_860399963732840797_n.jpg-nggid0284-ngg0dyn-160x106x100-00f0w010c011r110f110r010t010.jpg\"\n\t\t\t\t\twidth=\"160\"\n\t\t\t\t\theight=\"106\"\n\t\t\t\t\tstyle=\"max-width:100%;\"\n\t\t\t\t\/>\n\t\t\t<\/a>\n\t\t<\/div>\n\t\t\t\t\t\t\t<\/div> \n\t\t\t\n\t\t\t\t<div id=\"ngg-image-2\" class=\"ngg-gallery-thumbnail-box \n\t\t\t\t\t\t\t\t\t\t\t\" \n\t\t\t>\n\t\t\t\t\t\t<div class=\"ngg-gallery-thumbnail\">\n\t\t\t<a href=\"https:\/\/cegled.mariaradio.hu\/wp-content\/gallery\/cegledi-laska-fesztival-2017\/19114040_1848663665386941_1538289319468532559_n.jpg\"\n\t\t\t\ttitle=\"\"\n\t\t\t\tdata-src=\"https:\/\/cegled.mariaradio.hu\/wp-content\/gallery\/cegledi-laska-fesztival-2017\/19114040_1848663665386941_1538289319468532559_n.jpg\"\n\t\t\t\tdata-thumbnail=\"https:\/\/cegled.mariaradio.hu\/wp-content\/gallery\/cegledi-laska-fesztival-2017\/thumbs\/thumbs_19114040_1848663665386941_1538289319468532559_n.jpg\"\n\t\t\t\tdata-image-id=\"85\"\n\t\t\t\tdata-title=\"3\"\n\t\t\t\tdata-description=\"\"\n\t\t\t\tdata-image-slug=\"19114040_1848663665386941_1538289319468532559_n\"\n\t\t\t\tclass=\"ngg-fancybox\" rel=\"e9ae2a21a1c188dca4aa441e6e761d79\">\n\t\t\t\t<img\n\t\t\t\t\ttitle=\"3\"\n\t\t\t\t\talt=\"3\"\n\t\t\t\t\tsrc=\"https:\/\/cegled.mariaradio.hu\/wp-content\/gallery\/cegledi-laska-fesztival-2017\/cache\/19114040_1848663665386941_1538289319468532559_n.jpg-nggid0285-ngg0dyn-160x106x100-00f0w010c011r110f110r010t010.jpg\"\n\t\t\t\t\twidth=\"160\"\n\t\t\t\t\theight=\"106\"\n\t\t\t\t\tstyle=\"max-width:100%;\"\n\t\t\t\t\/>\n\t\t\t<\/a>\n\t\t<\/div>\n\t\t\t\t\t\t\t<\/div> \n\t\t\t\n\t\t\t\t<div id=\"ngg-image-3\" class=\"ngg-gallery-thumbnail-box \n\t\t\t\t\t\t\t\t\t\t\t\" \n\t\t\t>\n\t\t\t\t\t\t<div class=\"ngg-gallery-thumbnail\">\n\t\t\t<a href=\"https:\/\/cegled.mariaradio.hu\/wp-content\/gallery\/cegledi-laska-fesztival-2017\/19145715_1385697321467934_578579667760802594_n.jpg\"\n\t\t\t\ttitle=\"\"\n\t\t\t\tdata-src=\"https:\/\/cegled.mariaradio.hu\/wp-content\/gallery\/cegledi-laska-fesztival-2017\/19145715_1385697321467934_578579667760802594_n.jpg\"\n\t\t\t\tdata-thumbnail=\"https:\/\/cegled.mariaradio.hu\/wp-content\/gallery\/cegledi-laska-fesztival-2017\/thumbs\/thumbs_19145715_1385697321467934_578579667760802594_n.jpg\"\n\t\t\t\tdata-image-id=\"86\"\n\t\t\t\tdata-title=\"4\"\n\t\t\t\tdata-description=\"\"\n\t\t\t\tdata-image-slug=\"19145715_1385697321467934_578579667760802594_n\"\n\t\t\t\tclass=\"ngg-fancybox\" rel=\"e9ae2a21a1c188dca4aa441e6e761d79\">\n\t\t\t\t<img\n\t\t\t\t\ttitle=\"4\"\n\t\t\t\t\talt=\"4\"\n\t\t\t\t\tsrc=\"https:\/\/cegled.mariaradio.hu\/wp-content\/gallery\/cegledi-laska-fesztival-2017\/cache\/19145715_1385697321467934_578579667760802594_n.jpg-nggid0286-ngg0dyn-160x106x100-00f0w010c011r110f110r010t010.jpg\"\n\t\t\t\t\twidth=\"160\"\n\t\t\t\t\theight=\"106\"\n\t\t\t\t\tstyle=\"max-width:100%;\"\n\t\t\t\t\/>\n\t\t\t<\/a>\n\t\t<\/div>\n\t\t\t\t\t\t\t<\/div> \n\t\t\t\n\t\t\t\t<div id=\"ngg-image-4\" class=\"ngg-gallery-thumbnail-box \n\t\t\t\t\t\t\t\t\t\t\t\" \n\t\t\t>\n\t\t\t\t\t\t<div class=\"ngg-gallery-thumbnail\">\n\t\t\t<a href=\"https:\/\/cegled.mariaradio.hu\/wp-content\/gallery\/cegledi-laska-fesztival-2017\/19145908_1385697318134601_5907305780251062343_n.jpg\"\n\t\t\t\ttitle=\"\"\n\t\t\t\tdata-src=\"https:\/\/cegled.mariaradio.hu\/wp-content\/gallery\/cegledi-laska-fesztival-2017\/19145908_1385697318134601_5907305780251062343_n.jpg\"\n\t\t\t\tdata-thumbnail=\"https:\/\/cegled.mariaradio.hu\/wp-content\/gallery\/cegledi-laska-fesztival-2017\/thumbs\/thumbs_19145908_1385697318134601_5907305780251062343_n.jpg\"\n\t\t\t\tdata-image-id=\"88\"\n\t\t\t\tdata-title=\"6\"\n\t\t\t\tdata-description=\"\"\n\t\t\t\tdata-image-slug=\"19145908_1385697318134601_5907305780251062343_n\"\n\t\t\t\tclass=\"ngg-fancybox\" rel=\"e9ae2a21a1c188dca4aa441e6e761d79\">\n\t\t\t\t<img\n\t\t\t\t\ttitle=\"6\"\n\t\t\t\t\talt=\"6\"\n\t\t\t\t\tsrc=\"https:\/\/cegled.mariaradio.hu\/wp-content\/gallery\/cegledi-laska-fesztival-2017\/cache\/19145908_1385697318134601_5907305780251062343_n.jpg-nggid0288-ngg0dyn-160x106x100-00f0w010c011r110f110r010t010.jpg\"\n\t\t\t\t\twidth=\"160\"\n\t\t\t\t\theight=\"106\"\n\t\t\t\t\tstyle=\"max-width:100%;\"\n\t\t\t\t\/>\n\t\t\t<\/a>\n\t\t<\/div>\n\t\t\t\t\t\t\t<\/div> \n\t\t\t\n\t\t\t\t<div id=\"ngg-image-5\" class=\"ngg-gallery-thumbnail-box \n\t\t\t\t\t\t\t\t\t\t\t\" \n\t\t\t>\n\t\t\t\t\t\t<div class=\"ngg-gallery-thumbnail\">\n\t\t\t<a href=\"https:\/\/cegled.mariaradio.hu\/wp-content\/gallery\/cegledi-laska-fesztival-2017\/19145914_1848663572053617_3164720679212898617_n.jpg\"\n\t\t\t\ttitle=\"\"\n\t\t\t\tdata-src=\"https:\/\/cegled.mariaradio.hu\/wp-content\/gallery\/cegledi-laska-fesztival-2017\/19145914_1848663572053617_3164720679212898617_n.jpg\"\n\t\t\t\tdata-thumbnail=\"https:\/\/cegled.mariaradio.hu\/wp-content\/gallery\/cegledi-laska-fesztival-2017\/thumbs\/thumbs_19145914_1848663572053617_3164720679212898617_n.jpg\"\n\t\t\t\tdata-image-id=\"89\"\n\t\t\t\tdata-title=\"7\"\n\t\t\t\tdata-description=\"\"\n\t\t\t\tdata-image-slug=\"19145914_1848663572053617_3164720679212898617_n\"\n\t\t\t\tclass=\"ngg-fancybox\" rel=\"e9ae2a21a1c188dca4aa441e6e761d79\">\n\t\t\t\t<img\n\t\t\t\t\ttitle=\"7\"\n\t\t\t\t\talt=\"7\"\n\t\t\t\t\tsrc=\"https:\/\/cegled.mariaradio.hu\/wp-content\/gallery\/cegledi-laska-fesztival-2017\/cache\/19145914_1848663572053617_3164720679212898617_n.jpg-nggid0289-ngg0dyn-160x106x100-00f0w010c011r110f110r010t010.jpg\"\n\t\t\t\t\twidth=\"160\"\n\t\t\t\t\theight=\"106\"\n\t\t\t\t\tstyle=\"max-width:100%;\"\n\t\t\t\t\/>\n\t\t\t<\/a>\n\t\t<\/div>\n\t\t\t\t\t\t\t<\/div> \n\t\t\t\n\t\t\t\t<div id=\"ngg-image-6\" class=\"ngg-gallery-thumbnail-box \n\t\t\t\t\t\t\t\t\t\t\t\" \n\t\t\t>\n\t\t\t\t\t\t<div class=\"ngg-gallery-thumbnail\">\n\t\t\t<a href=\"https:\/\/cegled.mariaradio.hu\/wp-content\/gallery\/cegledi-laska-fesztival-2017\/19146116_1848663618720279_1168751963483900090_n.jpg\"\n\t\t\t\ttitle=\"\"\n\t\t\t\tdata-src=\"https:\/\/cegled.mariaradio.hu\/wp-content\/gallery\/cegledi-laska-fesztival-2017\/19146116_1848663618720279_1168751963483900090_n.jpg\"\n\t\t\t\tdata-thumbnail=\"https:\/\/cegled.mariaradio.hu\/wp-content\/gallery\/cegledi-laska-fesztival-2017\/thumbs\/thumbs_19146116_1848663618720279_1168751963483900090_n.jpg\"\n\t\t\t\tdata-image-id=\"91\"\n\t\t\t\tdata-title=\"9\"\n\t\t\t\tdata-description=\"\"\n\t\t\t\tdata-image-slug=\"19146116_1848663618720279_1168751963483900090_n\"\n\t\t\t\tclass=\"ngg-fancybox\" rel=\"e9ae2a21a1c188dca4aa441e6e761d79\">\n\t\t\t\t<img\n\t\t\t\t\ttitle=\"9\"\n\t\t\t\t\talt=\"9\"\n\t\t\t\t\tsrc=\"https:\/\/cegled.mariaradio.hu\/wp-content\/gallery\/cegledi-laska-fesztival-2017\/cache\/19146116_1848663618720279_1168751963483900090_n.jpg-nggid0291-ngg0dyn-160x106x100-00f0w010c011r110f110r010t010.jpg\"\n\t\t\t\t\twidth=\"160\"\n\t\t\t\t\theight=\"106\"\n\t\t\t\t\tstyle=\"max-width:100%;\"\n\t\t\t\t\/>\n\t\t\t<\/a>\n\t\t<\/div>\n\t\t\t\t\t\t\t<\/div> \n\t\t\t\n\t\t\t\t<div id=\"ngg-image-7\" class=\"ngg-gallery-thumbnail-box \n\t\t\t\t\t\t\t\t\t\t\t\" \n\t\t\t>\n\t\t\t\t\t\t<div class=\"ngg-gallery-thumbnail\">\n\t\t\t<a href=\"https:\/\/cegled.mariaradio.hu\/wp-content\/gallery\/cegledi-laska-fesztival-2017\/19146180_1385676518136681_3856989061262357687_n.jpg\"\n\t\t\t\ttitle=\"\"\n\t\t\t\tdata-src=\"https:\/\/cegled.mariaradio.hu\/wp-content\/gallery\/cegledi-laska-fesztival-2017\/19146180_1385676518136681_3856989061262357687_n.jpg\"\n\t\t\t\tdata-thumbnail=\"https:\/\/cegled.mariaradio.hu\/wp-content\/gallery\/cegledi-laska-fesztival-2017\/thumbs\/thumbs_19146180_1385676518136681_3856989061262357687_n.jpg\"\n\t\t\t\tdata-image-id=\"92\"\n\t\t\t\tdata-title=\"10\"\n\t\t\t\tdata-description=\"\"\n\t\t\t\tdata-image-slug=\"19146180_1385676518136681_3856989061262357687_n\"\n\t\t\t\tclass=\"ngg-fancybox\" rel=\"e9ae2a21a1c188dca4aa441e6e761d79\">\n\t\t\t\t<img\n\t\t\t\t\ttitle=\"10\"\n\t\t\t\t\talt=\"10\"\n\t\t\t\t\tsrc=\"https:\/\/cegled.mariaradio.hu\/wp-content\/gallery\/cegledi-laska-fesztival-2017\/cache\/19146180_1385676518136681_3856989061262357687_n.jpg-nggid0292-ngg0dyn-160x106x100-00f0w010c011r110f110r010t010.jpg\"\n\t\t\t\t\twidth=\"160\"\n\t\t\t\t\theight=\"106\"\n\t\t\t\t\tstyle=\"max-width:100%;\"\n\t\t\t\t\/>\n\t\t\t<\/a>\n\t\t<\/div>\n\t\t\t\t\t\t\t<\/div> \n\t\t\t\n\t\t\t\t<div id=\"ngg-image-8\" class=\"ngg-gallery-thumbnail-box \n\t\t\t\t\t\t\t\t\t\t\t\" \n\t\t\t>\n\t\t\t\t\t\t<div class=\"ngg-gallery-thumbnail\">\n\t\t\t<a href=\"https:\/\/cegled.mariaradio.hu\/wp-content\/gallery\/cegledi-laska-fesztival-2017\/19148921_1848663622053612_1072150203559228088_n.jpg\"\n\t\t\t\ttitle=\"\"\n\t\t\t\tdata-src=\"https:\/\/cegled.mariaradio.hu\/wp-content\/gallery\/cegledi-laska-fesztival-2017\/19148921_1848663622053612_1072150203559228088_n.jpg\"\n\t\t\t\tdata-thumbnail=\"https:\/\/cegled.mariaradio.hu\/wp-content\/gallery\/cegledi-laska-fesztival-2017\/thumbs\/thumbs_19148921_1848663622053612_1072150203559228088_n.jpg\"\n\t\t\t\tdata-image-id=\"94\"\n\t\t\t\tdata-title=\"12\"\n\t\t\t\tdata-description=\"\"\n\t\t\t\tdata-image-slug=\"19148921_1848663622053612_1072150203559228088_n\"\n\t\t\t\tclass=\"ngg-fancybox\" rel=\"e9ae2a21a1c188dca4aa441e6e761d79\">\n\t\t\t\t<img\n\t\t\t\t\ttitle=\"12\"\n\t\t\t\t\talt=\"12\"\n\t\t\t\t\tsrc=\"https:\/\/cegled.mariaradio.hu\/wp-content\/gallery\/cegledi-laska-fesztival-2017\/cache\/19148921_1848663622053612_1072150203559228088_n.jpg-nggid0294-ngg0dyn-160x106x100-00f0w010c011r110f110r010t010.jpg\"\n\t\t\t\t\twidth=\"160\"\n\t\t\t\t\theight=\"106\"\n\t\t\t\t\tstyle=\"max-width:100%;\"\n\t\t\t\t\/>\n\t\t\t<\/a>\n\t\t<\/div>\n\t\t\t\t\t\t\t<\/div> \n\t\t\t\n\t\t\t\t<div id=\"ngg-image-9\" class=\"ngg-gallery-thumbnail-box \n\t\t\t\t\t\t\t\t\t\t\t\" \n\t\t\t>\n\t\t\t\t\t\t<div class=\"ngg-gallery-thumbnail\">\n\t\t\t<a href=\"https:\/\/cegled.mariaradio.hu\/wp-content\/gallery\/cegledi-laska-fesztival-2017\/19149337_1848663682053606_4375466090396118900_n.jpg\"\n\t\t\t\ttitle=\"\"\n\t\t\t\tdata-src=\"https:\/\/cegled.mariaradio.hu\/wp-content\/gallery\/cegledi-laska-fesztival-2017\/19149337_1848663682053606_4375466090396118900_n.jpg\"\n\t\t\t\tdata-thumbnail=\"https:\/\/cegled.mariaradio.hu\/wp-content\/gallery\/cegledi-laska-fesztival-2017\/thumbs\/thumbs_19149337_1848663682053606_4375466090396118900_n.jpg\"\n\t\t\t\tdata-image-id=\"95\"\n\t\t\t\tdata-title=\"13\"\n\t\t\t\tdata-description=\"\"\n\t\t\t\tdata-image-slug=\"19149337_1848663682053606_4375466090396118900_n\"\n\t\t\t\tclass=\"ngg-fancybox\" rel=\"e9ae2a21a1c188dca4aa441e6e761d79\">\n\t\t\t\t<img\n\t\t\t\t\ttitle=\"13\"\n\t\t\t\t\talt=\"13\"\n\t\t\t\t\tsrc=\"https:\/\/cegled.mariaradio.hu\/wp-content\/gallery\/cegledi-laska-fesztival-2017\/cache\/19149337_1848663682053606_4375466090396118900_n.jpg-nggid0295-ngg0dyn-160x106x100-00f0w010c011r110f110r010t010.jpg\"\n\t\t\t\t\twidth=\"160\"\n\t\t\t\t\theight=\"106\"\n\t\t\t\t\tstyle=\"max-width:100%;\"\n\t\t\t\t\/>\n\t\t\t<\/a>\n\t\t<\/div>\n\t\t\t\t\t\t\t<\/div> \n\t\t\t\n\t\t\t\t<div id=\"ngg-image-10\" class=\"ngg-gallery-thumbnail-box \n\t\t\t\t\t\t\t\t\t\t\t\" \n\t\t\t>\n\t\t\t\t\t\t<div class=\"ngg-gallery-thumbnail\">\n\t\t\t<a href=\"https:\/\/cegled.mariaradio.hu\/wp-content\/gallery\/cegledi-laska-fesztival-2017\/19247969_1848663535386954_5116489173997101020_n.jpg\"\n\t\t\t\ttitle=\"\"\n\t\t\t\tdata-src=\"https:\/\/cegled.mariaradio.hu\/wp-content\/gallery\/cegledi-laska-fesztival-2017\/19247969_1848663535386954_5116489173997101020_n.jpg\"\n\t\t\t\tdata-thumbnail=\"https:\/\/cegled.mariaradio.hu\/wp-content\/gallery\/cegledi-laska-fesztival-2017\/thumbs\/thumbs_19247969_1848663535386954_5116489173997101020_n.jpg\"\n\t\t\t\tdata-image-id=\"96\"\n\t\t\t\tdata-title=\"14\"\n\t\t\t\tdata-description=\"\"\n\t\t\t\tdata-image-slug=\"19247969_1848663535386954_5116489173997101020_n\"\n\t\t\t\tclass=\"ngg-fancybox\" rel=\"e9ae2a21a1c188dca4aa441e6e761d79\">\n\t\t\t\t<img\n\t\t\t\t\ttitle=\"14\"\n\t\t\t\t\talt=\"14\"\n\t\t\t\t\tsrc=\"https:\/\/cegled.mariaradio.hu\/wp-content\/gallery\/cegledi-laska-fesztival-2017\/cache\/19247969_1848663535386954_5116489173997101020_n.jpg-nggid0296-ngg0dyn-160x106x100-00f0w010c011r110f110r010t010.jpg\"\n\t\t\t\t\twidth=\"160\"\n\t\t\t\t\theight=\"106\"\n\t\t\t\t\tstyle=\"max-width:100%;\"\n\t\t\t\t\/>\n\t\t\t<\/a>\n\t\t<\/div>\n\t\t\t\t\t\t\t<\/div> \n\t\t\t\n\t\t\t\t<div id=\"ngg-image-11\" class=\"ngg-gallery-thumbnail-box \n\t\t\t\t\t\t\t\t\t\t\t\" \n\t\t\t>\n\t\t\t\t\t\t<div class=\"ngg-gallery-thumbnail\">\n\t\t\t<a href=\"https:\/\/cegled.mariaradio.hu\/wp-content\/gallery\/cegledi-laska-fesztival-2017\/19248133_1848663532053621_6865712177384693381_n.jpg\"\n\t\t\t\ttitle=\"\"\n\t\t\t\tdata-src=\"https:\/\/cegled.mariaradio.hu\/wp-content\/gallery\/cegledi-laska-fesztival-2017\/19248133_1848663532053621_6865712177384693381_n.jpg\"\n\t\t\t\tdata-thumbnail=\"https:\/\/cegled.mariaradio.hu\/wp-content\/gallery\/cegledi-laska-fesztival-2017\/thumbs\/thumbs_19248133_1848663532053621_6865712177384693381_n.jpg\"\n\t\t\t\tdata-image-id=\"97\"\n\t\t\t\tdata-title=\"15\"\n\t\t\t\tdata-description=\"\"\n\t\t\t\tdata-image-slug=\"19248133_1848663532053621_6865712177384693381_n\"\n\t\t\t\tclass=\"ngg-fancybox\" rel=\"e9ae2a21a1c188dca4aa441e6e761d79\">\n\t\t\t\t<img\n\t\t\t\t\ttitle=\"15\"\n\t\t\t\t\talt=\"15\"\n\t\t\t\t\tsrc=\"https:\/\/cegled.mariaradio.hu\/wp-content\/gallery\/cegledi-laska-fesztival-2017\/cache\/19248133_1848663532053621_6865712177384693381_n.jpg-nggid0297-ngg0dyn-160x106x100-00f0w010c011r110f110r010t010.jpg\"\n\t\t\t\t\twidth=\"160\"\n\t\t\t\t\theight=\"106\"\n\t\t\t\t\tstyle=\"max-width:100%;\"\n\t\t\t\t\/>\n\t\t\t<\/a>\n\t\t<\/div>\n\t\t\t\t\t\t\t<\/div> \n\t\t\t\n\t\t\t\t<div id=\"ngg-image-12\" class=\"ngg-gallery-thumbnail-box \n\t\t\t\t\t\t\t\t\t\t\t\" \n\t\t\t>\n\t\t\t\t\t\t<div class=\"ngg-gallery-thumbnail\">\n\t\t\t<a href=\"https:\/\/cegled.mariaradio.hu\/wp-content\/gallery\/cegledi-laska-fesztival-2017\/19275092_1385548148149518_568842425798488399_n.jpg\"\n\t\t\t\ttitle=\"\"\n\t\t\t\tdata-src=\"https:\/\/cegled.mariaradio.hu\/wp-content\/gallery\/cegledi-laska-fesztival-2017\/19275092_1385548148149518_568842425798488399_n.jpg\"\n\t\t\t\tdata-thumbnail=\"https:\/\/cegled.mariaradio.hu\/wp-content\/gallery\/cegledi-laska-fesztival-2017\/thumbs\/thumbs_19275092_1385548148149518_568842425798488399_n.jpg\"\n\t\t\t\tdata-image-id=\"98\"\n\t\t\t\tdata-title=\"16\"\n\t\t\t\tdata-description=\"\"\n\t\t\t\tdata-image-slug=\"19275092_1385548148149518_568842425798488399_n\"\n\t\t\t\tclass=\"ngg-fancybox\" rel=\"e9ae2a21a1c188dca4aa441e6e761d79\">\n\t\t\t\t<img\n\t\t\t\t\ttitle=\"16\"\n\t\t\t\t\talt=\"16\"\n\t\t\t\t\tsrc=\"https:\/\/cegled.mariaradio.hu\/wp-content\/gallery\/cegledi-laska-fesztival-2017\/cache\/19275092_1385548148149518_568842425798488399_n.jpg-nggid0298-ngg0dyn-160x106x100-00f0w010c011r110f110r010t010.jpg\"\n\t\t\t\t\twidth=\"160\"\n\t\t\t\t\theight=\"106\"\n\t\t\t\t\tstyle=\"max-width:100%;\"\n\t\t\t\t\/>\n\t\t\t<\/a>\n\t\t<\/div>\n\t\t\t\t\t\t\t<\/div> \n\t\t\t\n\t\n\t<br style=\"clear: both\" \/>\n\n\t\n\t\t<!-- Pagination -->\n\t\t<div class='ngg-clear'><\/div>\t<\/div>\n\n","protected":false},"excerpt":{"rendered":"<p>Vissza a k\u00e9pgal\u00e9ri\u00e1hoz<\/p>\n","protected":false},"author":1,"featured_media":0,"parent":43,"menu_order":0,"comment_status":"closed","ping_status":"closed","template":"","meta":{"_monsterinsights_skip_tracking":false,"_monsterinsights_sitenote_active":false,"_monsterinsights_sitenote_note":"","_monsterinsights_sitenote_category":0,"ngg_post_thumbnail":0,"footnotes":""},"_links":{"self":[{"href":"https:\/\/cegled.mariaradio.hu\/index.php?rest_route=\/wp\/v2\/pages\/606"}],"collection":[{"href":"https:\/\/cegled.mariaradio.hu\/index.php?rest_route=\/wp\/v2\/pages"}],"about":[{"href":"https:\/\/cegled.mariaradio.hu\/index.php?rest_route=\/wp\/v2\/types\/page"}],"author":[{"embeddable":true,"href":"https:\/\/cegled.mariaradio.hu\/index.php?rest_route=\/wp\/v2\/users\/1"}],"replies":[{"embeddable":true,"href":"https:\/\/cegled.mariaradio.hu\/index.php?rest_route=%2Fwp%2Fv2%2Fcomments&post=606"}],"version-history":[{"count":2,"href":"https:\/\/cegled.mariaradio.hu\/index.php?rest_route=\/wp\/v2\/pages\/606\/revisions"}],"predecessor-version":[{"id":612,"href":"https:\/\/cegled.mariaradio.hu\/index.php?rest_route=\/wp\/v2\/pages\/606\/revisions\/612"}],"up":[{"embeddable":true,"href":"https:\/\/cegled.mariaradio.hu\/index.php?rest_route=\/wp\/v2\/pages\/43"}],"wp:attachment":[{"href":"https:\/\/cegled.mariaradio.hu\/index.php?rest_route=%2Fwp%2Fv2%2Fmedia&parent=606"}],"curies":[{"name":"wp","href":"https:\/\/api.w.org\/{rel}","templated":true}]}}