{"id":47,"date":"2017-03-13T11:08:31","date_gmt":"2017-03-13T10:08:31","guid":{"rendered":"https:\/\/cegled.mariaradio.hu\/?page_id=47"},"modified":"2017-09-19T19:29:30","modified_gmt":"2017-09-19T17:29:30","slug":"kapcsolat","status":"publish","type":"page","link":"https:\/\/cegled.mariaradio.hu\/?page_id=47","title":{"rendered":"Kapcsolat"},"content":{"rendered":"\n<p>\n  <strong>N\u00e9v:<\/strong> M\u00e1ria R\u00e1di\u00f3 Cegl\u00e9d &#8211; Fm 88.3 MHz<br \/>\n  <strong>Postac\u00edm:<\/strong> 2700, Cegl\u00e9d E\u00f6tv\u00f6s t\u00e9r 3. (Bor\u00edt\u00e9kokra k\u00e9rj\u00fck \u00edrj\u00e1k r\u00e1: \u201eM\u00e1ria R\u00e1di\u00f3\u201d)<br \/>\n  <strong>E-mail c\u00edm:<\/strong> <a href=\"mailto:ki.vagyok@de.hol?Subject=Kapcsolatfelv\u00e9tel\">cegled@mariaradio.hu<\/a>          <br \/>\n  <strong>Telefon:<\/strong> +36 53\/367-300<br \/>\n  <strong>T\u00e9rk\u00e9p:<\/strong>\n <\/p>\n<p>\n  <iframe loading=\"lazy\" src=\"https:\/\/www.google.com\/maps\/embed?pb=!1m18!1m12!1m3!1d1162.5265045997658!2d19.79398889695238!3d47.170771384353856!2m3!1f0!2f0!3f0!3m2!1i1024!2i768!4f13.1!3m3!1m2!1s0x474170f698ecb2f9%3A0x79317799859f5dbf!2zQ2VnbMOpZCwgRcO2dHbDtnMgdMOpciAzLCAyNzAw!5e1!3m2!1shu!2shu!4v1487941136974\" width=\"600\" height=\"450\" frameborder=\"0\" style=\"border:0\" allowfullscreen><\/iframe>\n <\/p>\n","protected":false},"excerpt":{"rendered":"<p>N\u00e9v: M\u00e1ria R\u00e1di\u00f3 Cegl\u00e9d &#8211; Fm 88.3 MHz Postac\u00edm: 2700, Cegl\u00e9d E\u00f6tv\u00f6s t\u00e9r 3. (Bor\u00edt\u00e9kokra k\u00e9rj\u00fck \u00edrj\u00e1k r\u00e1: \u201eM\u00e1ria R\u00e1di\u00f3\u201d) E-mail c\u00edm: cegled@mariaradio.hu Telefon: +36 53\/367-300 T\u00e9rk\u00e9p:<\/p>\n","protected":false},"author":1,"featured_media":0,"parent":0,"menu_order":0,"comment_status":"closed","ping_status":"closed","template":"","meta":{"_monsterinsights_skip_tracking":false,"_monsterinsights_sitenote_active":false,"_monsterinsights_sitenote_note":"","_monsterinsights_sitenote_category":0,"ngg_post_thumbnail":0,"footnotes":""},"_links":{"self":[{"href":"https:\/\/cegled.mariaradio.hu\/index.php?rest_route=\/wp\/v2\/pages\/47"}],"collection":[{"href":"https:\/\/cegled.mariaradio.hu\/index.php?rest_route=\/wp\/v2\/pages"}],"about":[{"href":"https:\/\/cegled.mariaradio.hu\/index.php?rest_route=\/wp\/v2\/types\/page"}],"author":[{"embeddable":true,"href":"https:\/\/cegled.mariaradio.hu\/index.php?rest_route=\/wp\/v2\/users\/1"}],"replies":[{"embeddable":true,"href":"https:\/\/cegled.mariaradio.hu\/index.php?rest_route=%2Fwp%2Fv2%2Fcomments&post=47"}],"version-history":[{"count":4,"href":"https:\/\/cegled.mariaradio.hu\/index.php?rest_route=\/wp\/v2\/pages\/47\/revisions"}],"predecessor-version":[{"id":1041,"href":"https:\/\/cegled.mariaradio.hu\/index.php?rest_route=\/wp\/v2\/pages\/47\/revisions\/1041"}],"wp:attachment":[{"href":"https:\/\/cegled.mariaradio.hu\/index.php?rest_route=%2Fwp%2Fv2%2Fmedia&parent=47"}],"curies":[{"name":"wp","href":"https:\/\/api.w.org\/{rel}","templated":true}]}}