{"id":45,"date":"2017-03-13T11:07:55","date_gmt":"2017-03-13T10:07:55","guid":{"rendered":"https:\/\/cegled.mariaradio.hu\/?page_id=45"},"modified":"2020-02-08T22:27:51","modified_gmt":"2020-02-08T21:27:51","slug":"archivum","status":"publish","type":"page","link":"https:\/\/cegled.mariaradio.hu\/?page_id=45","title":{"rendered":"Arch\u00edvum"},"content":{"rendered":"<p>\u00d6r\u00f6mmel t\u00e1j\u00e9koztatjuk hallgat\u00f3inkat, hogy a M\u00e1ria R\u00e1di\u00f3 hangt\u00e1r\u00e1ban visszahallgathat\u00f3v\u00e1 v\u00e1lt a region\u00e1lis st\u00fadi\u00f3k m\u0171sora is, k\u00e9t hetes \u00f3r\u00e1kra bontott arch\u00edvum form\u00e1j\u00e1ban. A tartalom el\u00e9r\u00e9s\u00e9hez regisztr\u00e1ci\u00f3 sz\u00fcks\u00e9ges.<\/p>\n<p>A M\u00e1ria R\u00e1di\u00f3 Cegl\u00e9d hangt\u00e1ra el\u00e9rhet\u0151 <a href=\"https:\/\/hangtar.mariaradio.hu\/24h\/cegled\">ide kattintva<\/a> a M\u00e1ria R\u00e1di\u00f3 Arch\u00edvum\u00e1b\u00f3l.<\/p>\n","protected":false},"excerpt":{"rendered":"<p>\u00d6r\u00f6mmel t\u00e1j\u00e9koztatjuk hallgat\u00f3inkat, hogy a M\u00e1ria R\u00e1di\u00f3 hangt\u00e1r\u00e1ban visszahallgathat\u00f3v\u00e1 v\u00e1lt a region\u00e1lis st\u00fadi\u00f3k m\u0171sora is, k\u00e9t hetes \u00f3r\u00e1kra bontott arch\u00edvum form\u00e1j\u00e1ban. A tartalom el\u00e9r\u00e9s\u00e9hez regisztr\u00e1ci\u00f3 sz\u00fcks\u00e9ges. A M\u00e1ria R\u00e1di\u00f3 Cegl\u00e9d hangt\u00e1ra el\u00e9rhet\u0151 ide kattintva a M\u00e1ria R\u00e1di\u00f3 Arch\u00edvum\u00e1b\u00f3l.<\/p>\n","protected":false},"author":1,"featured_media":0,"parent":0,"menu_order":0,"comment_status":"closed","ping_status":"closed","template":"","meta":{"_monsterinsights_skip_tracking":false,"_monsterinsights_sitenote_active":false,"_monsterinsights_sitenote_note":"","_monsterinsights_sitenote_category":0,"ngg_post_thumbnail":0,"footnotes":""},"_links":{"self":[{"href":"https:\/\/cegled.mariaradio.hu\/index.php?rest_route=\/wp\/v2\/pages\/45"}],"collection":[{"href":"https:\/\/cegled.mariaradio.hu\/index.php?rest_route=\/wp\/v2\/pages"}],"about":[{"href":"https:\/\/cegled.mariaradio.hu\/index.php?rest_route=\/wp\/v2\/types\/page"}],"author":[{"embeddable":true,"href":"https:\/\/cegled.mariaradio.hu\/index.php?rest_route=\/wp\/v2\/users\/1"}],"replies":[{"embeddable":true,"href":"https:\/\/cegled.mariaradio.hu\/index.php?rest_route=%2Fwp%2Fv2%2Fcomments&post=45"}],"version-history":[{"count":46,"href":"https:\/\/cegled.mariaradio.hu\/index.php?rest_route=\/wp\/v2\/pages\/45\/revisions"}],"predecessor-version":[{"id":1273,"href":"https:\/\/cegled.mariaradio.hu\/index.php?rest_route=\/wp\/v2\/pages\/45\/revisions\/1273"}],"wp:attachment":[{"href":"https:\/\/cegled.mariaradio.hu\/index.php?rest_route=%2Fwp%2Fv2%2Fmedia&parent=45"}],"curies":[{"name":"wp","href":"https:\/\/api.w.org\/{rel}","templated":true}]}}