{"id":43,"date":"2017-03-13T11:07:14","date_gmt":"2017-03-13T10:07:14","guid":{"rendered":"https:\/\/cegled.mariaradio.hu\/?page_id=43"},"modified":"2017-07-05T20:50:59","modified_gmt":"2017-07-05T18:50:59","slug":"kepgaleria","status":"publish","type":"page","link":"https:\/\/cegled.mariaradio.hu\/?page_id=43","title":{"rendered":"K\u00e9pgal\u00e9ria"},"content":{"rendered":"\t<div class=\"ngg-albumoverview default-view\">\n\t\t\t\t\t<div class=\"ngg-album\">\n\t\t\t\t<div class=\"ngg-albumcontent\">\n\t\t\t\t\t\t\t\t\t\t\t<div class=\"ngg-thumbnail\">\n\t\t\t\t\t\t\t<a class='gallery_link' href='https:\/\/cegled.mariaradio.hu\/?page_id=310'>\n\t\t\t\t\t\t\t\t<img class=\"Thumb\"\n\t\t\t\t\t\t\t\t\talt=\"Els\u0151 ad\u00e1s - 2014. m\u00e1rcius 6.\"\n\t\t\t\t\t\t\t\t\tsrc=\"https:\/\/cegled.mariaradio.hu\/wp-content\/gallery\/elso-adas-2014-marcius-6\/cache\/1957978_1413631355556843_820083413_n.jpg-nggid011-ngg0dyn-91x68-00f0w010c011r110f110r010t010.jpg\"\/>\n\t\t\t\t\t\t\t<\/a>\n\t\t\t\t\t\t<\/div>\n\t\t\t\t\t\t\t\t\t\t<div class=\"ngg-albumtitle\">\n\t\t\t\t\t\t<a class='gallery_link' href='https:\/\/cegled.mariaradio.hu\/?page_id=310'>Els\u0151 ad\u00e1s - 2014. m\u00e1rcius 6.<\/a>\n\t\t\t\t\t<\/div>\n\t\t\t\t\t<div class=\"ngg-description\">\n\t\t\t\t\t\t<p>Pillanatk\u00e9pek a M\u00e1ria R\u00e1di\u00f3 Cegl\u00e9d els\u0151 ad\u00e1s\u00e1b\u00f3l<\/p>\n\t\t\t\t\t\t\t\t\t\t\t\t\t<p class=\"ngg-album-gallery-image-counter\">\n\t\t\t\t\t\t\t\t<strong>3<\/strong>&nbsp;F\u00e9nyk\u00e9p<\/p>\n\t\t\t\t\t\t\t\t\t\t\t<\/div>\n\t\t\t\t<\/div>\n\t\t\t<\/div>\n\t\t\t\t\t<div class=\"ngg-album\">\n\t\t\t\t<div class=\"ngg-albumcontent\">\n\t\t\t\t\t\t\t\t\t\t\t<div class=\"ngg-thumbnail\">\n\t\t\t\t\t\t\t<a class='gallery_link' href='https:\/\/cegled.mariaradio.hu\/?page_id=311'>\n\t\t\t\t\t\t\t\t<img class=\"Thumb\"\n\t\t\t\t\t\t\t\t\talt=\"1 \u00e9ves \u00e9vfordul\u00f3 - 2015. m\u00e1rcius 6.\"\n\t\t\t\t\t\t\t\t\tsrc=\"https:\/\/cegled.mariaradio.hu\/wp-content\/gallery\/1-eves-evfordulo-2015-marcius-6\/cache\/20150306_185518.jpg-nggid014-ngg0dyn-91x68-00f0w010c011r110f110r010t010.jpg\"\/>\n\t\t\t\t\t\t\t<\/a>\n\t\t\t\t\t\t<\/div>\n\t\t\t\t\t\t\t\t\t\t<div class=\"ngg-albumtitle\">\n\t\t\t\t\t\t<a class='gallery_link' href='https:\/\/cegled.mariaradio.hu\/?page_id=311'>1 \u00e9ves \u00e9vfordul\u00f3 - 2015. m\u00e1rcius 6.<\/a>\n\t\t\t\t\t<\/div>\n\t\t\t\t\t<div class=\"ngg-description\">\n\t\t\t\t\t\t<p>1 \u00e9ves a M\u00e1ria R\u00e1di\u00f3 Cegl\u00e9d - st\u00fadi\u00f3s besz\u00e9lget\u00e9sek<\/p>\n\t\t\t\t\t\t\t\t\t\t\t\t\t<p class=\"ngg-album-gallery-image-counter\">\n\t\t\t\t\t\t\t\t<strong>19<\/strong>&nbsp;F\u00e9nyk\u00e9p<\/p>\n\t\t\t\t\t\t\t\t\t\t\t<\/div>\n\t\t\t\t<\/div>\n\t\t\t<\/div>\n\t\t\t\t\t<div class=\"ngg-album\">\n\t\t\t\t<div class=\"ngg-albumcontent\">\n\t\t\t\t\t\t\t\t\t\t\t<div class=\"ngg-thumbnail\">\n\t\t\t\t\t\t\t<a class='gallery_link' href='https:\/\/cegled.mariaradio.hu\/?page_id=312'>\n\t\t\t\t\t\t\t\t<img class=\"Thumb\"\n\t\t\t\t\t\t\t\t\talt=\"2 \u00e9ves \u00e9vfordul\u00f3 - 2016. m\u00e1rcius 6.\"\n\t\t\t\t\t\t\t\t\tsrc=\"https:\/\/cegled.mariaradio.hu\/wp-content\/gallery\/2-eves-evfordulo-2016-marcius-6\/cache\/8381_1655088824744427_3126576689506713899_n.jpg-nggid0223-ngg0dyn-91x68-00f0w010c011r110f110r010t010.jpg\"\/>\n\t\t\t\t\t\t\t<\/a>\n\t\t\t\t\t\t<\/div>\n\t\t\t\t\t\t\t\t\t\t<div class=\"ngg-albumtitle\">\n\t\t\t\t\t\t<a class='gallery_link' href='https:\/\/cegled.mariaradio.hu\/?page_id=312'>2 \u00e9ves \u00e9vfordul\u00f3 - 2016. m\u00e1rcius 6.<\/a>\n\t\t\t\t\t<\/div>\n\t\t\t\t\t<div class=\"ngg-description\">\n\t\t\t\t\t\t<p>2 \u00e9ves a M\u00e1ria R\u00e1di\u00f3 Cegl\u00e9d<\/p>\n\t\t\t\t\t\t\t\t\t\t\t\t\t<p class=\"ngg-album-gallery-image-counter\">\n\t\t\t\t\t\t\t\t<strong>10<\/strong>&nbsp;F\u00e9nyk\u00e9p<\/p>\n\t\t\t\t\t\t\t\t\t\t\t<\/div>\n\t\t\t\t<\/div>\n\t\t\t<\/div>\n\t\t\t\t\t<div class=\"ngg-album\">\n\t\t\t\t<div class=\"ngg-albumcontent\">\n\t\t\t\t\t\t\t\t\t\t\t<div class=\"ngg-thumbnail\">\n\t\t\t\t\t\t\t<a class='gallery_link' href='https:\/\/cegled.mariaradio.hu\/?page_id=313'>\n\t\t\t\t\t\t\t\t<img class=\"Thumb\"\n\t\t\t\t\t\t\t\t\talt=\"\u00c9letk\u00e9pek\"\n\t\t\t\t\t\t\t\t\tsrc=\"https:\/\/cegled.mariaradio.hu\/wp-content\/gallery\/eletkepek\/cache\/1932068_1216597121707408_954035068_n.jpg-nggid0236-ngg0dyn-91x68-00f0w010c011r110f110r010t010.jpg\"\/>\n\t\t\t\t\t\t\t<\/a>\n\t\t\t\t\t\t<\/div>\n\t\t\t\t\t\t\t\t\t\t<div class=\"ngg-albumtitle\">\n\t\t\t\t\t\t<a class='gallery_link' href='https:\/\/cegled.mariaradio.hu\/?page_id=313'>\u00c9letk\u00e9pek<\/a>\n\t\t\t\t\t<\/div>\n\t\t\t\t\t<div class=\"ngg-description\">\n\t\t\t\t\t\t<p>St\u00fadi\u00f3s \u00e9letk\u00e9pek<\/p>\n\t\t\t\t\t\t\t\t\t\t\t\t\t<p class=\"ngg-album-gallery-image-counter\">\n\t\t\t\t\t\t\t\t<strong>44<\/strong>&nbsp;F\u00e9nyk\u00e9p<\/p>\n\t\t\t\t\t\t\t\t\t\t\t<\/div>\n\t\t\t\t<\/div>\n\t\t\t<\/div>\n\t\t\t\t\t<div class=\"ngg-album\">\n\t\t\t\t<div class=\"ngg-albumcontent\">\n\t\t\t\t\t\t\t\t\t\t\t<div class=\"ngg-thumbnail\">\n\t\t\t\t\t\t\t<a class='gallery_link' href='https:\/\/cegled.mariaradio.hu\/?page_id=606'>\n\t\t\t\t\t\t\t\t<img class=\"Thumb\"\n\t\t\t\t\t\t\t\t\talt=\"Cegl\u00e9di Laskafesztiv\u00e1l 2017\"\n\t\t\t\t\t\t\t\t\tsrc=\"https:\/\/cegled.mariaradio.hu\/wp-content\/gallery\/cegledi-laska-fesztival-2017\/cache\/19149337_1848663682053606_4375466090396118900_n.jpg-nggid0295-ngg0dyn-91x68-00f0w010c011r110f110r010t010.jpg\"\/>\n\t\t\t\t\t\t\t<\/a>\n\t\t\t\t\t\t<\/div>\n\t\t\t\t\t\t\t\t\t\t<div class=\"ngg-albumtitle\">\n\t\t\t\t\t\t<a class='gallery_link' href='https:\/\/cegled.mariaradio.hu\/?page_id=606'>Cegl\u00e9di Laskafesztiv\u00e1l 2017<\/a>\n\t\t\t\t\t<\/div>\n\t\t\t\t\t<div class=\"ngg-description\">\n\t\t\t\t\t\t<p>10. jubileumi Cegl\u00e9di Laskafesztiv\u00e1lra r\u00e1di\u00f3nk csapata a \"Mennyei Lask\u00e1val\" nevezett<\/p>\n\t\t\t\t\t\t\t\t\t\t\t\t\t<p class=\"ngg-album-gallery-image-counter\">\n\t\t\t\t\t\t\t\t<strong>13<\/strong>&nbsp;F\u00e9nyk\u00e9p<\/p>\n\t\t\t\t\t\t\t\t\t\t\t<\/div>\n\t\t\t\t<\/div>\n\t\t\t<\/div>\n\t\t\t\t\t<div class=\"ngg-album\">\n\t\t\t\t<div class=\"ngg-albumcontent\">\n\t\t\t\t\t\t\t\t\t\t\t<div class=\"ngg-thumbnail\">\n\t\t\t\t\t\t\t<a class='gallery_link' href='https:\/\/cegled.mariaradio.hu\/?page_id=609'>\n\t\t\t\t\t\t\t\t<img class=\"Thumb\"\n\t\t\t\t\t\t\t\t\talt=\"Kitelep\u00fcl\u00e9sek\"\n\t\t\t\t\t\t\t\t\tsrc=\"https:\/\/cegled.mariaradio.hu\/wp-content\/gallery\/kitelepulesek\/cache\/12805743_1655083011411675_1931897081552864777_n.jpg-nggid03107-ngg0dyn-91x68-00f0w010c011r110f110r010t010.jpg\"\/>\n\t\t\t\t\t\t\t<\/a>\n\t\t\t\t\t\t<\/div>\n\t\t\t\t\t\t\t\t\t\t<div class=\"ngg-albumtitle\">\n\t\t\t\t\t\t<a class='gallery_link' href='https:\/\/cegled.mariaradio.hu\/?page_id=609'>Kitelep\u00fcl\u00e9sek<\/a>\n\t\t\t\t\t<\/div>\n\t\t\t\t\t<div class=\"ngg-description\">\n\t\t\t\t\t\t<p>\u00c9l\u0151 k\u00f6zvet\u00edt\u00e9sek, k\u00fcls\u0151 kitelep\u00fcl\u00e9sek<\/p>\n\t\t\t\t\t\t\t\t\t\t\t\t\t<p class=\"ngg-album-gallery-image-counter\">\n\t\t\t\t\t\t\t\t<strong>15<\/strong>&nbsp;F\u00e9nyk\u00e9p<\/p>\n\t\t\t\t\t\t\t\t\t\t\t<\/div>\n\t\t\t\t<\/div>\n\t\t\t<\/div>\n\t\t\t\t<div class='ngg-clear'><\/div>\t<\/div>\n\n\t<div class=\"ngg-albumoverview default-view\">\n\t\t\t\t\t<div class=\"ngg-album\">\n\t\t\t\t<div class=\"ngg-albumcontent\">\n\t\t\t\t\t\t\t\t\t\t\t<div class=\"ngg-thumbnail\">\n\t\t\t\t\t\t\t<a class='gallery_link' href='https:\/\/cegled.mariaradio.hu\/?page_id=705'>\n\t\t\t\t\t\t\t\t<img class=\"Thumb\"\n\t\t\t\t\t\t\t\t\talt=\"\u00d6nk\u00e9nteseink\"\n\t\t\t\t\t\t\t\t\tsrc=\"https:\/\/cegled.mariaradio.hu\/wp-content\/gallery\/onkenteseink\/cache\/Szel%C3%A9nyi-P%C3%A9ter.JPG-nggid03123-ngg0dyn-91x68-00f0w010c011r110f110r010t010.JPG\"\/>\n\t\t\t\t\t\t\t<\/a>\n\t\t\t\t\t\t<\/div>\n\t\t\t\t\t\t\t\t\t\t<div class=\"ngg-albumtitle\">\n\t\t\t\t\t\t<a class='gallery_link' href='https:\/\/cegled.mariaradio.hu\/?page_id=705'>\u00d6nk\u00e9nteseink<\/a>\n\t\t\t\t\t<\/div>\n\t\t\t\t\t<div class=\"ngg-description\">\n\t\t\t\t\t\t<p>Felt\u00f6lt\u00e9s alatt<\/p>\n\t\t\t\t\t\t\t\t\t\t\t\t\t<p class=\"ngg-album-gallery-image-counter\">\n\t\t\t\t\t\t\t\t<strong>10<\/strong>&nbsp;F\u00e9nyk\u00e9p<\/p>\n\t\t\t\t\t\t\t\t\t\t\t<\/div>\n\t\t\t\t<\/div>\n\t\t\t<\/div>\n\t\t\t\t<div class='ngg-clear'><\/div>\t<\/div>\n\n\t<div class=\"ngg-albumoverview default-view\">\n\t\t\t\t\t<div class=\"ngg-album\">\n\t\t\t\t<div class=\"ngg-albumcontent\">\n\t\t\t\t\t\t\t\t\t\t\t<div class=\"ngg-thumbnail\">\n\t\t\t\t\t\t\t<a class='gallery_link' href='https:\/\/cegled.mariaradio.hu\/?page_id=909'>\n\t\t\t\t\t\t\t\t<img class=\"Thumb\"\n\t\t\t\t\t\t\t\t\talt=\"Vend\u00e9geink voltak\"\n\t\t\t\t\t\t\t\t\tsrc=\"https:\/\/cegled.mariaradio.hu\/wp-content\/gallery\/vendegeink-voltak\/cache\/988406_1414538825466096_905520525_n.jpg-nggid03125-ngg0dyn-91x68-00f0w010c011r110f110r010t010.jpg\"\/>\n\t\t\t\t\t\t\t<\/a>\n\t\t\t\t\t\t<\/div>\n\t\t\t\t\t\t\t\t\t\t<div class=\"ngg-albumtitle\">\n\t\t\t\t\t\t<a class='gallery_link' href='https:\/\/cegled.mariaradio.hu\/?page_id=909'>Vend\u00e9geink voltak<\/a>\n\t\t\t\t\t<\/div>\n\t\t\t\t\t<div class=\"ngg-description\">\n\t\t\t\t\t\t<p>Felt\u00f6lt\u00e9s alatt<\/p>\n\t\t\t\t\t\t\t\t\t\t\t\t\t<p class=\"ngg-album-gallery-image-counter\">\n\t\t\t\t\t\t\t\t<strong>100<\/strong>&nbsp;F\u00e9nyk\u00e9p<\/p>\n\t\t\t\t\t\t\t\t\t\t\t<\/div>\n\t\t\t\t<\/div>\n\t\t\t<\/div>\n\t\t\t\t<div class='ngg-clear'><\/div>\t<\/div>\n\n\t<div class=\"ngg-albumoverview default-view\">\n\t\t\t\t\t<div class=\"ngg-album\">\n\t\t\t\t<div class=\"ngg-albumcontent\">\n\t\t\t\t\t\t\t\t\t\t\t<div class=\"ngg-thumbnail\">\n\t\t\t\t\t\t\t<a class='gallery_link' href='https:\/\/cegled.mariaradio.hu\/?page_id=931'>\n\t\t\t\t\t\t\t\t<img class=\"Thumb\"\n\t\t\t\t\t\t\t\t\talt=\"3 \u00e9ves \u00e9vfordul\u00f3 - 2017. m\u00e1rcius 5.\"\n\t\t\t\t\t\t\t\t\tsrc=\"https:\/\/cegled.mariaradio.hu\/wp-content\/gallery\/3-eves-evfordulo\/cache\/1374951_1801526056767369_182082105787476744_n.jpg-nggid03224-ngg0dyn-91x68-00f0w010c011r110f110r010t010.jpg\"\/>\n\t\t\t\t\t\t\t<\/a>\n\t\t\t\t\t\t<\/div>\n\t\t\t\t\t\t\t\t\t\t<div class=\"ngg-albumtitle\">\n\t\t\t\t\t\t<a class='gallery_link' href='https:\/\/cegled.mariaradio.hu\/?page_id=931'>3 \u00e9ves \u00e9vfordul\u00f3 - 2017. m\u00e1rcius 5.<\/a>\n\t\t\t\t\t<\/div>\n\t\t\t\t\t<div class=\"ngg-description\">\n\t\t\t\t\t\t<p>3 \u00e9ves a M\u00e1ria R\u00e1di\u00f3 Cegl\u00e9d<\/p>\n\t\t\t\t\t\t\t\t\t\t\t\t\t<p class=\"ngg-album-gallery-image-counter\">\n\t\t\t\t\t\t\t\t<strong>5<\/strong>&nbsp;F\u00e9nyk\u00e9p<\/p>\n\t\t\t\t\t\t\t\t\t\t\t<\/div>\n\t\t\t\t<\/div>\n\t\t\t<\/div>\n\t\t\t\t<div class='ngg-clear'><\/div>\t<\/div>\n\n","protected":false},"excerpt":{"rendered":"","protected":false},"author":1,"featured_media":0,"parent":0,"menu_order":0,"comment_status":"closed","ping_status":"closed","template":"","meta":{"_monsterinsights_skip_tracking":false,"_monsterinsights_sitenote_active":false,"_monsterinsights_sitenote_note":"","_monsterinsights_sitenote_category":0,"ngg_post_thumbnail":0,"footnotes":""},"_links":{"self":[{"href":"https:\/\/cegled.mariaradio.hu\/index.php?rest_route=\/wp\/v2\/pages\/43"}],"collection":[{"href":"https:\/\/cegled.mariaradio.hu\/index.php?rest_route=\/wp\/v2\/pages"}],"about":[{"href":"https:\/\/cegled.mariaradio.hu\/index.php?rest_route=\/wp\/v2\/types\/page"}],"author":[{"embeddable":true,"href":"https:\/\/cegled.mariaradio.hu\/index.php?rest_route=\/wp\/v2\/users\/1"}],"replies":[{"embeddable":true,"href":"https:\/\/cegled.mariaradio.hu\/index.php?rest_route=%2Fwp%2Fv2%2Fcomments&post=43"}],"version-history":[{"count":15,"href":"https:\/\/cegled.mariaradio.hu\/index.php?rest_route=\/wp\/v2\/pages\/43\/revisions"}],"predecessor-version":[{"id":936,"href":"https:\/\/cegled.mariaradio.hu\/index.php?rest_route=\/wp\/v2\/pages\/43\/revisions\/936"}],"wp:attachment":[{"href":"https:\/\/cegled.mariaradio.hu\/index.php?rest_route=%2Fwp%2Fv2%2Fmedia&parent=43"}],"curies":[{"name":"wp","href":"https:\/\/api.w.org\/{rel}","templated":true}]}}