{"id":37,"date":"2017-03-13T11:05:44","date_gmt":"2017-03-13T10:05:44","guid":{"rendered":"https:\/\/cegled.mariaradio.hu\/?page_id=37"},"modified":"2023-01-03T23:32:33","modified_gmt":"2023-01-03T22:32:33","slug":"musoraink","status":"publish","type":"page","link":"https:\/\/cegled.mariaradio.hu\/?page_id=37","title":{"rendered":"M\u0171soraink"},"content":{"rendered":"<p><!DOCTYPE html><br \/>\n<html><br \/>\n<title>W3.CSS<\/title><br \/>\n<meta name=\"viewport\" content=\"width=device-width, initial-scale=1\">\n<link rel=\"stylesheet\" href=\"https:\/\/www.w3schools.com\/w3css\/4\/w3.css\">\n<body><\/p>\n<div class=\"w3-container\">\n<h3>Ad\u00e1st\u00fck\u00f6r<\/h3>\n<h6>H\u00e9tf\u0151<\/h6>\n<p>M\u0171sorvezet\u0151: <em>S\u00e1gi Anik\u00f3, Juh\u00e1sz Zolt\u00e1n<\/em><br \/>\nTechnikus: <em>Husz\u00e1r Zolt\u00e1n<\/em><\/p>\n<p><button onclick=\"myFunction('Demo1')\" class=\"w3-button w3-block w3-left-align\" style=\"background-color: #cdd1f2;\"><strong>17:50<\/strong> Aktualit\u00e1sok, Nap szentje <\/button><\/p>\n<div id=\"Demo1\" class=\"w3-hide w3-animate-zoom\">\n   <a class=\"w3-button w3-block w3-left-align\" href=\"#\"><i>Szerkeszt\u0151:<\/i> S\u00e1gi Anik\u00f3, Juh\u00e1sz Zolt\u00e1n<\/a><br \/>\n   <a class=\"w3-button w3-block w3-left-align\" href=\"#\"><i>Ismertet\u0151:<\/i> napind\u00edt\u00f3 \u00e9s nap szentje rovat<\/a><\/div>\n<p><button onclick=\"myFunction('Demo2')\" class=\"w3-button w3-block w3-left-align\" style=\"background-color: #cdd1f2;\"><strong>18:00<\/strong> Szentmise<\/button><\/p>\n<div id=\"Demo2\" class=\"w3-hide w3-animate-zoom\">\n   <a class=\"w3-button w3-block w3-left-align\" href=\"#\"><i>Ismertet\u0151:<\/i> Szentmise a Szent Kereszt Pl\u00e9b\u00e1niatemplomb\u00f3l<\/a><\/div>\n<p><button onclick=\"myFunction('Demo3')\" class=\"w3-button w3-block w3-left-align\" style=\"background-color: #cdd1f2;\"><strong>18:30<\/strong> H\u00edrek<\/button><\/p>\n<div id=\"Demo3\" class=\"w3-hide w3-animate-zoom\">\n   <a class=\"w3-button w3-block w3-left-align\" href=\"#\"><i>Szerkeszt\u0151:<\/i> S\u00e1gi Anik\u00f3, Juh\u00e1sz Zolt\u00e1n<\/a><br \/>\n   <a class=\"w3-button w3-block w3-left-align\" href=\"#\"><i>Ismertet\u0151:<\/i> helyi h\u00edrek, inform\u00e1ci\u00f3k \u00e9s esem\u00e9nyek<\/a><\/div>\n<p><button onclick=\"myFunction('Demo4')\" class=\"w3-button w3-block w3-left-align\" style=\"background-color: #cdd1f2;\"><strong>18:40<\/strong> Z\u00f6ldell\u0151<\/button><\/p>\n<div id=\"Demo4\" class=\"w3-hide w3-animate-zoom\">\n   <a class=\"w3-button w3-block w3-left-align\" href=\"#\"><i>Szerkeszt\u0151:<\/i> S\u00e1gi Anik\u00f3<\/a><br \/>\n   <a class=\"w3-button w3-block w3-left-align\" href=\"#\"><i>Ismertet\u0151:<\/i> ismeretterjeszt\u0151 m\u0171sor a teremtett vil\u00e1g v\u00e9delm\u00e9ben, Cegl\u00e9d term\u00e9szetvil\u00e1g\u00e1t bemutatva<\/a><\/div>\n<p><button onclick=\"myFunction('Demo5')\" class=\"w3-button w3-block w3-left-align\" style=\"background-color: #cdd1f2;\"><strong>19:10<\/strong> Ima<\/button><\/p>\n<div id=\"Demo5\" class=\"w3-hide w3-animate-zoom\">\n   <a class=\"w3-button w3-block w3-left-align\" href=\"#\"><i>Ismertet\u0151:<\/i> imasz\u00e1nd\u00e9kokra im\u00e1dkozunk<\/a><\/div>\n<p><button onclick=\"myFunction('Demo6')\" class=\"w3-button w3-block w3-left-align\" style=\"background-color: #cdd1f2;\"><strong>19:20<\/strong> \u00c9rt\u00e9kt\u00e1r<\/button><\/p>\n<div id=\"Demo6\" class=\"w3-hide w3-animate-zoom\">\n   <a class=\"w3-button w3-block w3-left-align\" href=\"#\"><i>Riporter:<\/i> <\/a><br \/>\n   <a class=\"w3-button w3-block w3-left-align\" href=\"#\"><i>Ismertet\u0151:<\/i> <\/a><\/div>\n<p><button onclick=\"myFunction('Demo7')\" class=\"w3-button w3-block w3-left-align\" style=\"background-color: #cdd1f2;\"><strong>19:45-19:50<\/strong> Elk\u00f6sz\u00f6n\u00e9s, \u00e1tkapcsol\u00e1s<\/button><\/p>\n<div id=\"Demo7\" class=\"w3-hide w3-animate-zoom\">&nbsp;<\/div>\n<h6>Kedd<\/h6>\n<p>M\u0171sorvezet\u0151: <em>Aigner M\u00e1ria<\/em><br \/>\nTechnikus: <em>Seres Nikoletta<\/em><\/p>\n<p><button onclick=\"myFunction('Demo8')\" class=\"w3-button w3-block w3-left-align\" style=\"background-color: #cdd1f2;\"><strong>17:50<\/strong> Aktualit\u00e1sok, Nap szentje <\/button><\/p>\n<div id=\"Demo8\" class=\"w3-hide w3-animate-zoom\">\n   <a class=\"w3-button w3-block w3-left-align\" href=\"#\"><i>Szerkeszt\u0151:<\/i> Aigner M\u00e1ria<\/a><br \/>\n   <a class=\"w3-button w3-block w3-left-align\" href=\"#\"><i>Ismertet\u0151:<\/i> napind\u00edt\u00f3 \u00e9s nap szentje rovat<\/a><\/div>\n<p><button onclick=\"myFunction('Demo9')\" class=\"w3-button w3-block w3-left-align\" style=\"background-color: #cdd1f2;\"><strong>18:00<\/strong> Szentmise<\/button><\/p>\n<div id=\"Demo9\" class=\"w3-hide w3-animate-zoom\">\n   <a class=\"w3-button w3-block w3-left-align\" href=\"#\"><i>Ismertet\u0151:<\/i> Szentmise a Szent Kereszt Pl\u00e9b\u00e1niatemplomb\u00f3l<\/a><\/div>\n<p><button onclick=\"myFunction('Demo10')\" class=\"w3-button w3-block w3-left-align\" style=\"background-color: #cdd1f2;\"><strong>18:30<\/strong> H\u00edrek<\/button><\/p>\n<div id=\"Demo10\" class=\"w3-hide w3-animate-zoom\">\n   <a class=\"w3-button w3-block w3-left-align\" href=\"#\"><i>Szerkeszt\u0151:<\/i> Aigner M\u00e1ria<\/a><br \/>\n   <a class=\"w3-button w3-block w3-left-align\" href=\"#\"><i>Ismertet\u0151:<\/i> helyi h\u00edrek, inform\u00e1ci\u00f3k \u00e9s esem\u00e9nyek<\/a><\/div>\n<p><button onclick=\"myFunction('Demo11')\" class=\"w3-button w3-block w3-left-align\" style=\"background-color: #cdd1f2;\"><strong>18:40<\/strong> K\u00f6nyvr\u0151l k\u00f6nyvre<\/button><\/p>\n<div id=\"Demo11\" class=\"w3-hide w3-animate-zoom\">\n   <a class=\"w3-button w3-block w3-left-align\" href=\"#\"><i>Szerkeszt\u0151:<\/i> F\u00f6ldi L\u00e1szl\u00f3n\u00e9, Szel\u00e9nyi P\u00e9ter<\/a><br \/>\n   <a class=\"w3-button w3-block w3-left-align\" href=\"#\"><i>Ismertet\u0151:<\/i> irodalmi m\u0171vek alapj\u00e1n hangzanak el elm\u00e9lked\u00e9sek<\/a><\/div>\n<p><button onclick=\"myFunction('Demo12')\" class=\"w3-button w3-block w3-left-align\" style=\"background-color: #cdd1f2;\"><strong>19:10<\/strong> Ima<\/button><\/p>\n<div id=\"Demo12\" class=\"w3-hide w3-animate-zoom\">\n   <a class=\"w3-button w3-block w3-left-align\" href=\"#\"><i>Ismertet\u0151:<\/i> imasz\u00e1nd\u00e9kokra im\u00e1dkozunk<\/a><\/div>\n<p><button onclick=\"myFunction('Demo13')\" class=\"w3-button w3-block w3-left-align\" style=\"background-color: #cdd1f2;\"><strong>19:20<\/strong> \u00c9ti s\u00f3<\/button><\/p>\n<div id=\"Demo13\" class=\"w3-hide w3-animate-zoom\">\n   <a class=\"w3-button w3-block w3-left-align\" href=\"#\"><i>Riporter:<\/i> Szel\u00e9nyi P\u00e9ter<\/a><br \/>\n   <a class=\"w3-button w3-block w3-left-align\" href=\"#\"><i>Ismertet\u0151:<\/i> gasztron\u00f3miai rovat Imregi Tiborral<\/a><\/div>\n<p><button onclick=\"myFunction('Demo14')\" class=\"w3-button w3-block w3-left-align\" style=\"background-color: #cdd1f2;\"><strong>19:45-19:50<\/strong> Elk\u00f6sz\u00f6n\u00e9s, \u00e1tkapcsol\u00e1s<\/button><\/p>\n<div id=\"Demo14\" class=\"w3-hide w3-animate-zoom\">&nbsp;<\/div>\n<h6>Szerda<\/h6>\n<p>M\u0171sorvezet\u0151: <em>Kov\u00e1cs Ferenc<\/em><br \/>\nTechnikus: <em>Seres Nikoletta<\/em><\/p>\n<p><button onclick=\"myFunction('Demo15')\" class=\"w3-button w3-block w3-left-align\" style=\"background-color: #cdd1f2;\"><strong>17:50<\/strong> Aktualit\u00e1sok, nap szentje<\/button><\/p>\n<div id=\"Demo15\" class=\"w3-hide w3-animate-zoom\">\n   <a class=\"w3-button w3-block w3-left-align\" href=\"#\"><i>Szerkeszt\u0151:<\/i> Kov\u00e1cs Ferenc<\/a><br \/>\n   <a class=\"w3-button w3-block w3-left-align\" href=\"#\"><i>Ismertet\u0151:<\/i> napind\u00edt\u00f3 \u00e9s nap szentje rovat<\/a><\/div>\n<p><button onclick=\"myFunction('Demo16')\" class=\"w3-button w3-block w3-left-align\" style=\"background-color: #cdd1f2;\"><strong>18:00<\/strong> Szentmise<\/button><\/p>\n<div id=\"Demo16\" class=\"w3-hide w3-animate-zoom\">\n   <a class=\"w3-button w3-block w3-left-align\" href=\"#\"><i>Ismertet\u0151:<\/i> Szentmise a Szent Kereszt Pl\u00e9b\u00e1niatemplomb\u00f3l<\/a><\/div>\n<p><button onclick=\"myFunction('Demo17')\" class=\"w3-button w3-block w3-left-align\" style=\"background-color: #cdd1f2;\"><strong>18:30<\/strong> H\u00edrek<\/button><\/p>\n<div id=\"Demo17\" class=\"w3-hide w3-animate-zoom\">\n   <a class=\"w3-button w3-block w3-left-align\" href=\"#\"><i>Szerkeszt\u0151:<\/i> Kov\u00e1cs Ferenc<\/a><br \/>\n   <a class=\"w3-button w3-block w3-left-align\" href=\"#\"><i>Ismertet\u0151:<\/i> helyi h\u00edrek, inform\u00e1ci\u00f3k \u00e9s esem\u00e9nyek<\/a><\/div>\n<p><button onclick=\"myFunction('Demo18')\" class=\"w3-button w3-block w3-left-align\" style=\"background-color: #cdd1f2;\"><strong>18:40<\/strong> Borrend<\/button><\/p>\n<div id=\"Demo18\" class=\"w3-hide w3-animate-zoom\">\n   <a class=\"w3-button w3-block w3-left-align\" href=\"#\"><i>Riporter:<\/i> <\/a><br \/>\n   <a class=\"w3-button w3-block w3-left-align\" href=\"#\"><i>Ismertet\u0151:<\/i> <\/a><\/div>\n<p><button onclick=\"myFunction('Demo19')\" class=\"w3-button w3-block w3-left-align\" style=\"background-color: #cdd1f2;\"><strong>19:10<\/strong> Ima<\/button><\/p>\n<div id=\"Demo19\" class=\"w3-hide w3-animate-zoom\">\n   <a class=\"w3-button w3-block w3-left-align\" href=\"#\"><i>Ismertet\u0151:<\/i> imasz\u00e1nd\u00e9kokra im\u00e1dkozunk<\/a><\/div>\n<p><button onclick=\"myFunction('Demo20')\" class=\"w3-button w3-block w3-left-align\" style=\"background-color: #cdd1f2;\"><strong>19:20<\/strong> Mozaik<\/button><\/p>\n<div id=\"Demo20\" class=\"w3-hide w3-animate-zoom\">\n   <a class=\"w3-button w3-block w3-left-align\" href=\"#\"><i>Szerkeszt\u0151:<\/i> Varga Edit<\/a><br \/>\n   <a class=\"w3-button w3-block w3-left-align\" href=\"#\"><i>Ismertet\u0151:<\/i> Cegl\u00e9dhez f\u0171z\u0151d\u0151 egyh\u00e1zi esem\u00e9nyek, \u00e9vfordul\u00f3k rovata<\/a><\/div>\n<p><button onclick=\"myFunction('Demo21')\" class=\"w3-button w3-block w3-left-align\" style=\"background-color: #cdd1f2;\"><strong>19:45-19:50<\/strong> Elk\u00f6sz\u00f6n\u00e9s, \u00e1tkapcsol\u00e1s<\/button><\/p>\n<div id=\"Demo21\" class=\"w3-hide w3-animate-zoom\">&nbsp;<\/div>\n<h6>Cs\u00fct\u00f6rt\u00f6k<\/h6>\n<p>M\u0171sorvezet\u0151: <em>Czig\u00e1ny Elisabeth<\/em><br \/>\nTechnikus: <em>Czig\u00e1ny Elisabeth<\/em><\/p>\n<p><button onclick=\"myFunction('Demo22')\" class=\"w3-button w3-block w3-left-align\" style=\"background-color: #cdd1f2;\"><strong>17:50<\/strong> Aktualit\u00e1sok, Nap szentje <\/button><\/p>\n<div id=\"Demo22\" class=\"w3-hide w3-animate-zoom\">\n   <a class=\"w3-button w3-block w3-left-align\" href=\"#\"><i>Szerkeszt\u0151:<\/i> Czig\u00e1ny Elisabeth<\/a><br \/>\n   <a class=\"w3-button w3-block w3-left-align\" href=\"#\"><i>Ismertet\u0151:<\/i> napind\u00edt\u00f3 \u00e9s nap szentje rovat<\/a><\/div>\n<p><button onclick=\"myFunction('Demo23')\" class=\"w3-button w3-block w3-left-align\" style=\"background-color: #cdd1f2;\"><strong>18:00<\/strong> Szentmise<\/button><\/p>\n<div id=\"Demo23\" class=\"w3-hide w3-animate-zoom\">\n   <a class=\"w3-button w3-block w3-left-align\" href=\"#\"><i>Ismertet\u0151:<\/i> Szentmise a Szent Kereszt Pl\u00e9b\u00e1niatemplomb\u00f3l<\/a><\/div>\n<p><button onclick=\"myFunction('Demo24')\" class=\"w3-button w3-block w3-left-align\" style=\"background-color: #cdd1f2;\"><strong>18:30<\/strong> H\u00edrek<\/button><\/p>\n<div id=\"Demo24\" class=\"w3-hide w3-animate-zoom\">\n   <a class=\"w3-button w3-block w3-left-align\" href=\"#\"><i>Szerkeszt\u0151:<\/i> Czig\u00e1ny Elisabeth<\/a><br \/>\n   <a class=\"w3-button w3-block w3-left-align\" href=\"#\"><i>Ismertet\u0151:<\/i> helyi h\u00edrek, inform\u00e1ci\u00f3k \u00e9s esem\u00e9nyek<\/a><\/div>\n<p><button onclick=\"myFunction('Demo25')\" class=\"w3-button w3-block w3-left-align\" style=\"background-color: #cdd1f2;\"><strong>18:40<\/strong> K\u00f6z\u00f6ss\u00e9gi programok<\/button><\/p>\n<div id=\"Demo25\" class=\"w3-hide w3-animate-zoom\">\n   <a class=\"w3-button w3-block w3-left-align\" href=\"#\"><i>Szerkeszt\u0151-riporter:<\/i> Sas Annam\u00e1ria<\/a><br \/>\n   <a class=\"w3-button w3-block w3-left-align\" href=\"#\"><i>Ismertet\u0151:<\/i> <\/a><\/div>\n<p><button onclick=\"myFunction('Demo26')\" class=\"w3-button w3-block w3-left-align\" style=\"background-color: #cdd1f2;\"><strong>19:10<\/strong> Ima<\/button><\/p>\n<div id=\"Demo26\" class=\"w3-hide w3-animate-zoom\">\n   <a class=\"w3-button w3-block w3-left-align\" href=\"#\"><i>Ismertet\u0151:<\/i> imasz\u00e1nd\u00e9kokra im\u00e1dkozunk<\/a><\/div>\n<p><button onclick=\"myFunction('Demo27')\" class=\"w3-button w3-block w3-left-align\" style=\"background-color: #cdd1f2;\"><strong>19:20<\/strong> Katek\u00e9zis<\/button><\/p>\n<div id=\"Demo27\" class=\"w3-hide w3-animate-zoom\">\n   <a class=\"w3-button w3-block w3-left-align\" href=\"#\"><i>Ismertet\u0151:<\/i> kereszt\u00e9ny \u00e9let, kereszt\u00e9ny tan\u00edt\u00e1s bevezet\u00e9se a h\u00edv\u0151k sz\u00e1m\u00e1ra P\u00e9ter aty\u00e1val<\/a><\/div>\n<p><button onclick=\"myFunction('Demo28')\" class=\"w3-button w3-block w3-left-align\" style=\"background-color: #cdd1f2;\"><strong>19:45-19:50<\/strong> Elk\u00f6sz\u00f6n\u00e9s, \u00e1tkapcsol\u00e1s<\/button><\/p>\n<div id=\"Demo28\" class=\"w3-hide w3-animate-zoom\">&nbsp;<\/div>\n<h6>P\u00e9ntek<\/h6>\n<p>M\u0171sorvezet\u0151: <em>Bog\u00e1din\u00e9 Velkey Katalin, Madar\u00e1szn\u00e9 Vars\u00e1nyi \u00c1gnes<\/em><br \/>\nTechnikus: <em>Husz\u00e1r Zolt\u00e1n<\/em><\/p>\n<p><button onclick=\"myFunction('Demo29')\" class=\"w3-button w3-block w3-left-align\" style=\"background-color: #cdd1f2;\"><strong>17:50<\/strong> Aktualit\u00e1sok, Nap szentje <\/button><\/p>\n<div id=\"Demo29\" class=\"w3-hide w3-animate-zoom\">\n   <a class=\"w3-button w3-block w3-left-align\" href=\"#\"><i>Szerkeszt\u0151:<\/i> Bog\u00e1din\u00e9 Velkey Katalin, Madar\u00e1szn\u00e9 Vars\u00e1nyi \u00c1gnes<\/a><br \/>\n   <a class=\"w3-button w3-block w3-left-align\" href=\"#\"><i>Ismertet\u0151:<\/i> napind\u00edt\u00f3 \u00e9s nap szentje rovat<\/a><\/div>\n<p><button onclick=\"myFunction('Demo30')\" class=\"w3-button w3-block w3-left-align\" style=\"background-color: #cdd1f2;\"><strong>18:00<\/strong> Szentmise<\/button><\/p>\n<div id=\"Demo30\" class=\"w3-hide w3-animate-zoom\">\n   <a class=\"w3-button w3-block w3-left-align\" href=\"#\"><i>Ismertet\u0151:<\/i> Szentmise a Szent Kereszt Pl\u00e9b\u00e1niatemplomb\u00f3l<\/a><\/div>\n<p><button onclick=\"myFunction('Demo31')\" class=\"w3-button w3-block w3-left-align\" style=\"background-color: #cdd1f2;\"><strong>18:30<\/strong> H\u00edrek<\/button><\/p>\n<div id=\"Demo31\" class=\"w3-hide w3-animate-zoom\">\n   <a class=\"w3-button w3-block w3-left-align\" href=\"#\"><i>Szerkeszt\u0151:<\/i> Bog\u00e1din\u00e9 Velkey Katalin, Madar\u00e1szn\u00e9 Vars\u00e1nyi \u00c1gnes<\/a><br \/>\n   <a class=\"w3-button w3-block w3-left-align\" href=\"#\"><i>Ismertet\u0151:<\/i> helyi h\u00edrek, inform\u00e1ci\u00f3k \u00e9s esem\u00e9nyek<\/a><\/div>\n<p><button onclick=\"myFunction('Demo32')\" class=\"w3-button w3-block w3-left-align\" style=\"background-color: #cdd1f2;\"><strong>18:40<\/strong> Magunkr\u00f3l magunknak<\/button><\/p>\n<div id=\"Demo32\" class=\"w3-hide w3-animate-zoom\">\n   <a class=\"w3-button w3-block w3-left-align\" href=\"#\"><i>Ismertet\u0151:<\/i> <\/a><\/div>\n<p><button onclick=\"myFunction('Demo33')\" class=\"w3-button w3-block w3-left-align\" style=\"background-color: #cdd1f2;\"><strong>19:10<\/strong> Ima<\/button><\/p>\n<div id=\"Demo33\" class=\"w3-hide w3-animate-zoom\">\n   <a class=\"w3-button w3-block w3-left-align\" href=\"#\"><i>Ismertet\u0151:<\/i> imasz\u00e1nd\u00e9kokra im\u00e1dkozunk<\/a><\/div>\n<p><button onclick=\"myFunction('Demo34')\" class=\"w3-button w3-block w3-left-align\" style=\"background-color: #cdd1f2;\"><strong>19:20<\/strong> P\u00e9ter atya v\u00e1laszol<\/button><\/p>\n<div id=\"Demo34\" class=\"w3-hide w3-animate-zoom\">\n   <a class=\"w3-button w3-block w3-left-align\" href=\"#\"><i>Riporter:<\/i>Szel\u00e9nyi P\u00e9ter <\/a><br \/>\n   <a class=\"w3-button w3-block w3-left-align\" href=\"#\"><i>Ismertet\u0151:<\/i> P\u00e9ter atya a h\u00edv\u0151k k\u00e9rd\u00e9seire v\u00e1laszol<\/a><\/div>\n<p><button onclick=\"myFunction('Demo35')\" class=\"w3-button w3-block w3-left-align\" style=\"background-color: #cdd1f2;\"><strong>19:45-19:50<\/strong> Elk\u00f6sz\u00f6n\u00e9s, \u00e1tkapcsol\u00e1s<\/button><\/p>\n<div id=\"Demo35\" class=\"w3-hide w3-animate-zoom\">&nbsp;<\/div>\n<h6>Szombat<\/h6>\n<p>M\u0171sorvezet\u0151: <em>Szel\u00e9nyi P\u00e9ter<\/em><br \/>\nTechnikus: <em>Szel\u00e9nyi P\u00e9ter<\/em><\/p>\n<p><button onclick=\"myFunction('Demo36')\" class=\"w3-button w3-block w3-left-align\" style=\"background-color: #cdd1f2;\"><strong>17:50<\/strong> Aktualit\u00e1sok, Nap szentje <\/button><\/p>\n<div id=\"Demo36\" class=\"w3-hide w3-animate-zoom\">\n   <a class=\"w3-button w3-block w3-left-align\" href=\"#\"><i>Szerkeszt\u0151:<\/i> Szel\u00e9nyi P\u00e9ter<\/a><br \/>\n   <a class=\"w3-button w3-block w3-left-align\" href=\"#\"><i>Ismertet\u0151:<\/i> napind\u00edt\u00f3 \u00e9s nap szentje rovat<\/a><\/div>\n<p><button onclick=\"myFunction('Demo37')\" class=\"w3-button w3-block w3-left-align\" style=\"background-color: #cdd1f2;\"><strong>18:00<\/strong> Reform\u00e1tus Istentisztelet<\/button><\/p>\n<div id=\"Demo37\" class=\"w3-hide w3-animate-zoom\">\n   <a class=\"w3-button w3-block w3-left-align\" href=\"#\"><i>Ismertet\u0151:<\/i> A Cegl\u00e9di Reform\u00e1tus Egyh\u00e1zk\u00f6zs\u00e9g Istentisztelete felv\u00e9telr\u0151l<\/a><\/div>\n<p><button onclick=\"myFunction('Demo38')\" class=\"w3-button w3-block w3-left-align\" style=\"background-color: #cdd1f2;\"><strong>18:30<\/strong> H\u00edrek<\/button><\/p>\n<div id=\"Demo38\" class=\"w3-hide w3-animate-zoom\">\n   <a class=\"w3-button w3-block w3-left-align\" href=\"#\"><i>Szerkeszt\u0151:<\/i> Szel\u00e9nyi P\u00e9ter<\/a><br \/>\n   <a class=\"w3-button w3-block w3-left-align\" href=\"#\"><i>Ismertet\u0151:<\/i> helyi h\u00edrek, inform\u00e1ci\u00f3k \u00e9s esem\u00e9nyek<\/a><\/div>\n<p><button onclick=\"myFunction('Demo39')\" class=\"w3-button w3-block w3-left-align\" style=\"background-color: #cdd1f2;\"><strong>18:40<\/strong> Cserk\u00e9szf\u00e9l\u00f3ra<\/button><\/p>\n<div id=\"Demo39\" class=\"w3-hide w3-animate-zoom\">\n   <a class=\"w3-button w3-block w3-left-align\" href=\"#\"><i>Ismertet\u0151:<\/i> 144. sz. Kossuth Lajos cserk\u00e9szcsapat rovata<\/a><\/div>\n<p><button onclick=\"myFunction('Demo40')\" class=\"w3-button w3-block w3-left-align\" style=\"background-color: #cdd1f2;\"><strong>19:10<\/strong> Ima<\/button><\/p>\n<div id=\"Demo40\" class=\"w3-hide w3-animate-zoom\">\n   <a class=\"w3-button w3-block w3-left-align\" href=\"#\"><i>Ismertet\u0151:<\/i> imasz\u00e1nd\u00e9kokra im\u00e1dkozunk<\/a><\/div>\n<p><button onclick=\"myFunction('Demo41')\" class=\"w3-button w3-block w3-left-align\" style=\"background-color: #cdd1f2;\"><strong>19:20<\/strong> Kult\u00farh\u00e1z<\/button><\/p>\n<div id=\"Demo41\" class=\"w3-hide w3-animate-zoom\">\n   <a class=\"w3-button w3-block w3-left-align\" href=\"#\"><i>Riporter:<\/i> Szel\u00e9nyi P\u00e9ter<\/a><br \/>\n   <a class=\"w3-button w3-block w3-left-align\" href=\"#\"><i>Ismertet\u0151:<\/i> Szel\u00e9nyi \u00c1gnes a m\u0171vel\u0151d\u00e9si h\u00e1z aktu\u00e1lis programjaiba avatja be a hallgat\u00f3kat<\/a><\/div>\n<p><button onclick=\"myFunction('Demo42')\" class=\"w3-button w3-block w3-left-align\" style=\"background-color: #cdd1f2;\"><strong>19:45-19:50<\/strong> Elk\u00f6sz\u00f6n\u00e9s, \u00e1tkapcsol\u00e1s<\/button><\/p>\n<div id=\"Demo42\" class=\"w3-hide w3-animate-zoom\">&nbsp;<\/div>\n<h6>Vas\u00e1rnap<\/h6>\n<p>M\u0171sorvezet\u0151: <em>Volter K\u00e1lm\u00e1n<\/em><br \/>\nTechnikus: <em>D\u00e1vid J\u00f3zsef<\/em><\/p>\n<p><button onclick=\"myFunction('Demo43')\" class=\"w3-button w3-block w3-left-align\" style=\"background-color: #cdd1f2;\"><strong>17:50<\/strong> Aktualit\u00e1sok, Nap szentje <\/button><\/p>\n<div id=\"Demo43\" class=\"w3-hide w3-animate-zoom\">\n   <a class=\"w3-button w3-block w3-left-align\" href=\"#\"><i>Szerkeszt\u0151:<\/i> Volter K\u00e1lm\u00e1n<\/a><br \/>\n   <a class=\"w3-button w3-block w3-left-align\" href=\"#\"><i>Ismertet\u0151:<\/i> napind\u00edt\u00f3 \u00e9s nap szentje rovat<\/a><\/div>\n<p><button onclick=\"myFunction('Demo44')\" class=\"w3-button w3-block w3-left-align\" style=\"background-color: #cdd1f2;\"><strong>18:00<\/strong> Szentmise<\/button><\/p>\n<div id=\"Demo44\" class=\"w3-hide w3-animate-zoom\">\n   <a class=\"w3-button w3-block w3-left-align\" href=\"#\"><i>Ismertet\u0151:<\/i> Szentmise a Szent Kereszt Pl\u00e9b\u00e1niatemplomb\u00f3l<\/a><\/div>\n<p><button onclick=\"myFunction('Demo45')\" class=\"w3-button w3-block w3-left-align\" style=\"background-color: #cdd1f2;\"><strong>18:50<\/strong> H\u00edrek<\/button><\/p>\n<div id=\"Demo45\" class=\"w3-hide w3-animate-zoom\">\n   <a class=\"w3-button w3-block w3-left-align\" href=\"#\"><i>Szerkeszt\u0151:<\/i> Volter K\u00e1lm\u00e1n<\/a><br \/>\n   <a class=\"w3-button w3-block w3-left-align\" href=\"#\"><i>Ismertet\u0151:<\/i> helyi h\u00edrek, inform\u00e1ci\u00f3k \u00e9s esem\u00e9nyek<\/a><\/div>\n<p><button onclick=\"myFunction('Demo46')\" class=\"w3-button w3-block w3-left-align\" style=\"background-color: #cdd1f2;\"><strong>19:00<\/strong> Ima<\/button><\/p>\n<div id=\"Demo46\" class=\"w3-hide w3-animate-zoom\">\n   <a class=\"w3-button w3-block w3-left-align\" href=\"#\"><i>Ismertet\u0151:<\/i> imasz\u00e1nd\u00e9kokra im\u00e1dkozunk<\/a><\/div>\n<p><button onclick=\"myFunction('Demo47')\" class=\"w3-button w3-block w3-left-align\" style=\"background-color: #cdd1f2;\"><strong>19:05<\/strong> Szent\u00edr\u00e1si elm\u00e9lked\u00e9s<\/button><\/p>\n<div id=\"Demo47\" class=\"w3-hide w3-animate-zoom\">\n   <a class=\"w3-button w3-block w3-left-align\" href=\"#\"><i>Ismertet\u0151:<\/i> napi evang\u00e9liumi elm\u00e9lked\u00e9st tart Volter K\u00e1lm\u00e1n diak\u00f3nus<\/a><\/div>\n<p><button onclick=\"myFunction('Demo48')\" class=\"w3-button w3-block w3-left-align\" style=\"background-color: #cdd1f2;\"><strong>19:20<\/strong> Szint\u00e9n zen\u00e9sz<\/button><\/p>\n<div id=\"Demo48\" class=\"w3-hide w3-animate-zoom\">\n   <a class=\"w3-button w3-block w3-left-align\" href=\"#\"><i>Riporter:<\/i> Volter K\u00e1lm\u00e1n<\/a><br \/>\n   <a class=\"w3-button w3-block w3-left-align\" href=\"#\"><i>Ismertet\u0151:<\/i> riportbesz\u00e9lget\u00e9s helyb\u00e9li zen\u00e9szekkel<\/a><\/div>\n<p><button onclick=\"myFunction('Demo49')\" class=\"w3-button w3-block w3-left-align\" style=\"background-color: #cdd1f2;\"><strong>19:45-19:50<\/strong> Elk\u00f6sz\u00f6n\u00e9s, \u00e1tkapcsol\u00e1s<\/button><\/p>\n<div id=\"Demo49\" class=\"w3-hide w3-animate-zoom\">&nbsp;<\/div>\n<p><script>\nfunction myFunction(id) {\n  var x = document.getElementById(id);\n  if (x.className.indexOf(\"w3-show\") == -1) {\n    x.className += \" w3-show\";\n  } else { \n    x.className = x.className.replace(\" w3-show\", \"\");\n  }\n}\n<\/script><\/p>\n<p><\/body><br \/>\n<\/html><\/p>\n","protected":false},"excerpt":{"rendered":"<p>W3.CSS Ad\u00e1st\u00fck\u00f6r H\u00e9tf\u0151 M\u0171sorvezet\u0151: S\u00e1gi Anik\u00f3, Juh\u00e1sz Zolt\u00e1n Technikus: Husz\u00e1r Zolt\u00e1n 17:50 Aktualit\u00e1sok, Nap szentje Szerkeszt\u0151: S\u00e1gi Anik\u00f3, Juh\u00e1sz Zolt\u00e1n Ismertet\u0151: napind\u00edt\u00f3 \u00e9s nap szentje rovat 18:00 Szentmise Ismertet\u0151: Szentmise a Szent Kereszt Pl\u00e9b\u00e1niatemplomb\u00f3l 18:30 H\u00edrek Szerkeszt\u0151: S\u00e1gi Anik\u00f3, Juh\u00e1sz Zolt\u00e1n Ismertet\u0151: helyi h\u00edrek, inform\u00e1ci\u00f3k \u00e9s esem\u00e9nyek 18:40 Z\u00f6ldell\u0151 Szerkeszt\u0151: &hellip;<\/p>\n","protected":false},"author":1,"featured_media":0,"parent":0,"menu_order":0,"comment_status":"closed","ping_status":"closed","template":"","meta":{"_monsterinsights_skip_tracking":false,"_monsterinsights_sitenote_active":false,"_monsterinsights_sitenote_note":"","_monsterinsights_sitenote_category":0,"ngg_post_thumbnail":0,"footnotes":""},"_links":{"self":[{"href":"https:\/\/cegled.mariaradio.hu\/index.php?rest_route=\/wp\/v2\/pages\/37"}],"collection":[{"href":"https:\/\/cegled.mariaradio.hu\/index.php?rest_route=\/wp\/v2\/pages"}],"about":[{"href":"https:\/\/cegled.mariaradio.hu\/index.php?rest_route=\/wp\/v2\/types\/page"}],"author":[{"embeddable":true,"href":"https:\/\/cegled.mariaradio.hu\/index.php?rest_route=\/wp\/v2\/users\/1"}],"replies":[{"embeddable":true,"href":"https:\/\/cegled.mariaradio.hu\/index.php?rest_route=%2Fwp%2Fv2%2Fcomments&post=37"}],"version-history":[{"count":113,"href":"https:\/\/cegled.mariaradio.hu\/index.php?rest_route=\/wp\/v2\/pages\/37\/revisions"}],"predecessor-version":[{"id":1372,"href":"https:\/\/cegled.mariaradio.hu\/index.php?rest_route=\/wp\/v2\/pages\/37\/revisions\/1372"}],"wp:attachment":[{"href":"https:\/\/cegled.mariaradio.hu\/index.php?rest_route=%2Fwp%2Fv2%2Fmedia&parent=37"}],"curies":[{"name":"wp","href":"https:\/\/api.w.org\/{rel}","templated":true}]}}