{"id":313,"date":"2017-03-30T00:36:02","date_gmt":"2017-03-29T22:36:02","guid":{"rendered":"https:\/\/cegled.mariaradio.hu\/?page_id=313"},"modified":"2017-03-30T00:50:26","modified_gmt":"2017-03-29T22:50:26","slug":"eletkepek","status":"publish","type":"page","link":"https:\/\/cegled.mariaradio.hu\/?page_id=313","title":{"rendered":"\u00c9letk\u00e9pek"},"content":{"rendered":"<p><a href=\"https:\/\/cegled.mariaradio.hu\/?page_id=43\">Vissza a k\u00e9pgal\u00e9ri\u00e1hoz<\/a><\/p>\n<!-- default-view.php -->\n<div\n\tclass=\"ngg-galleryoverview default-view \n\t ngg-ajax-pagination-none\t\"\n\tid=\"ngg-gallery-06b427a1ae7e8308968972947a37ab52-1\">\n\n\t\t<!-- Thumbnails -->\n\t\t\t\t<div id=\"ngg-image-0\" class=\"ngg-gallery-thumbnail-box \n\t\t\t\t\t\t\t\t\t\t\t\" \n\t\t\t>\n\t\t\t\t\t\t<div class=\"ngg-gallery-thumbnail\">\n\t\t\t<a href=\"https:\/\/cegled.mariaradio.hu\/wp-content\/gallery\/eletkepek\/999966_1416647595255219_1251445929_n.jpg\"\n\t\t\t\ttitle=\"\"\n\t\t\t\tdata-src=\"https:\/\/cegled.mariaradio.hu\/wp-content\/gallery\/eletkepek\/999966_1416647595255219_1251445929_n.jpg\"\n\t\t\t\tdata-thumbnail=\"https:\/\/cegled.mariaradio.hu\/wp-content\/gallery\/eletkepek\/thumbs\/thumbs_999966_1416647595255219_1251445929_n.jpg\"\n\t\t\t\tdata-image-id=\"34\"\n\t\t\t\tdata-title=\"MRC\"\n\t\t\t\tdata-description=\"\"\n\t\t\t\tdata-image-slug=\"999966_1416647595255219_1251445929_n\"\n\t\t\t\tclass=\"ngg-fancybox\" rel=\"06b427a1ae7e8308968972947a37ab52\">\n\t\t\t\t<img\n\t\t\t\t\ttitle=\"MRC\"\n\t\t\t\t\talt=\"MRC\"\n\t\t\t\t\tsrc=\"https:\/\/cegled.mariaradio.hu\/wp-content\/gallery\/eletkepek\/cache\/999966_1416647595255219_1251445929_n.jpg-nggid0234-ngg0dyn-160x106x100-00f0w010c011r110f110r010t010.jpg\"\n\t\t\t\t\twidth=\"160\"\n\t\t\t\t\theight=\"106\"\n\t\t\t\t\tstyle=\"max-width:100%;\"\n\t\t\t\t\/>\n\t\t\t<\/a>\n\t\t<\/div>\n\t\t\t\t\t\t\t<\/div> \n\t\t\t\n\t\t\t\t<div id=\"ngg-image-1\" class=\"ngg-gallery-thumbnail-box \n\t\t\t\t\t\t\t\t\t\t\t\" \n\t\t\t>\n\t\t\t\t\t\t<div class=\"ngg-gallery-thumbnail\">\n\t\t\t<a href=\"https:\/\/cegled.mariaradio.hu\/wp-content\/gallery\/eletkepek\/1932068_1216597121707408_954035068_n.jpg\"\n\t\t\t\ttitle=\"\"\n\t\t\t\tdata-src=\"https:\/\/cegled.mariaradio.hu\/wp-content\/gallery\/eletkepek\/1932068_1216597121707408_954035068_n.jpg\"\n\t\t\t\tdata-thumbnail=\"https:\/\/cegled.mariaradio.hu\/wp-content\/gallery\/eletkepek\/thumbs\/thumbs_1932068_1216597121707408_954035068_n.jpg\"\n\t\t\t\tdata-image-id=\"36\"\n\t\t\t\tdata-title=\"MRC\"\n\t\t\t\tdata-description=\"\"\n\t\t\t\tdata-image-slug=\"1932068_1216597121707408_954035068_n\"\n\t\t\t\tclass=\"ngg-fancybox\" rel=\"06b427a1ae7e8308968972947a37ab52\">\n\t\t\t\t<img\n\t\t\t\t\ttitle=\"MRC\"\n\t\t\t\t\talt=\"MRC\"\n\t\t\t\t\tsrc=\"https:\/\/cegled.mariaradio.hu\/wp-content\/gallery\/eletkepek\/cache\/1932068_1216597121707408_954035068_n.jpg-nggid0236-ngg0dyn-160x106x100-00f0w010c011r110f110r010t010.jpg\"\n\t\t\t\t\twidth=\"160\"\n\t\t\t\t\theight=\"106\"\n\t\t\t\t\tstyle=\"max-width:100%;\"\n\t\t\t\t\/>\n\t\t\t<\/a>\n\t\t<\/div>\n\t\t\t\t\t\t\t<\/div> \n\t\t\t\n\t\t\t\t<div id=\"ngg-image-2\" class=\"ngg-gallery-thumbnail-box \n\t\t\t\t\t\t\t\t\t\t\t\" \n\t\t\t>\n\t\t\t\t\t\t<div class=\"ngg-gallery-thumbnail\">\n\t\t\t<a href=\"https:\/\/cegled.mariaradio.hu\/wp-content\/gallery\/eletkepek\/10933086_820888121306521_1555006546_n.jpg\"\n\t\t\t\ttitle=\"\"\n\t\t\t\tdata-src=\"https:\/\/cegled.mariaradio.hu\/wp-content\/gallery\/eletkepek\/10933086_820888121306521_1555006546_n.jpg\"\n\t\t\t\tdata-thumbnail=\"https:\/\/cegled.mariaradio.hu\/wp-content\/gallery\/eletkepek\/thumbs\/thumbs_10933086_820888121306521_1555006546_n.jpg\"\n\t\t\t\tdata-image-id=\"37\"\n\t\t\t\tdata-title=\"MRC\"\n\t\t\t\tdata-description=\"\"\n\t\t\t\tdata-image-slug=\"10933086_820888121306521_1555006546_n\"\n\t\t\t\tclass=\"ngg-fancybox\" rel=\"06b427a1ae7e8308968972947a37ab52\">\n\t\t\t\t<img\n\t\t\t\t\ttitle=\"MRC\"\n\t\t\t\t\talt=\"MRC\"\n\t\t\t\t\tsrc=\"https:\/\/cegled.mariaradio.hu\/wp-content\/gallery\/eletkepek\/cache\/10933086_820888121306521_1555006546_n.jpg-nggid0237-ngg0dyn-160x106x100-00f0w010c011r110f110r010t010.jpg\"\n\t\t\t\t\twidth=\"160\"\n\t\t\t\t\theight=\"106\"\n\t\t\t\t\tstyle=\"max-width:100%;\"\n\t\t\t\t\/>\n\t\t\t<\/a>\n\t\t<\/div>\n\t\t\t\t\t\t\t<\/div> \n\t\t\t\n\t\t\t\t<div id=\"ngg-image-3\" class=\"ngg-gallery-thumbnail-box \n\t\t\t\t\t\t\t\t\t\t\t\" \n\t\t\t>\n\t\t\t\t\t\t<div class=\"ngg-gallery-thumbnail\">\n\t\t\t<a href=\"https:\/\/cegled.mariaradio.hu\/wp-content\/gallery\/eletkepek\/13115469_1260317647335355_1915429993_n.jpg\"\n\t\t\t\ttitle=\"\"\n\t\t\t\tdata-src=\"https:\/\/cegled.mariaradio.hu\/wp-content\/gallery\/eletkepek\/13115469_1260317647335355_1915429993_n.jpg\"\n\t\t\t\tdata-thumbnail=\"https:\/\/cegled.mariaradio.hu\/wp-content\/gallery\/eletkepek\/thumbs\/thumbs_13115469_1260317647335355_1915429993_n.jpg\"\n\t\t\t\tdata-image-id=\"39\"\n\t\t\t\tdata-title=\"MRC\"\n\t\t\t\tdata-description=\"\"\n\t\t\t\tdata-image-slug=\"13115469_1260317647335355_1915429993_n\"\n\t\t\t\tclass=\"ngg-fancybox\" rel=\"06b427a1ae7e8308968972947a37ab52\">\n\t\t\t\t<img\n\t\t\t\t\ttitle=\"MRC\"\n\t\t\t\t\talt=\"MRC\"\n\t\t\t\t\tsrc=\"https:\/\/cegled.mariaradio.hu\/wp-content\/gallery\/eletkepek\/cache\/13115469_1260317647335355_1915429993_n.jpg-nggid0239-ngg0dyn-160x106x100-00f0w010c011r110f110r010t010.jpg\"\n\t\t\t\t\twidth=\"160\"\n\t\t\t\t\theight=\"106\"\n\t\t\t\t\tstyle=\"max-width:100%;\"\n\t\t\t\t\/>\n\t\t\t<\/a>\n\t\t<\/div>\n\t\t\t\t\t\t\t<\/div> \n\t\t\t\n\t\t\t\t<div id=\"ngg-image-4\" class=\"ngg-gallery-thumbnail-box \n\t\t\t\t\t\t\t\t\t\t\t\" \n\t\t\t>\n\t\t\t\t\t\t<div class=\"ngg-gallery-thumbnail\">\n\t\t\t<a href=\"https:\/\/cegled.mariaradio.hu\/wp-content\/gallery\/eletkepek\/13162495_1260317580668695_871844279_n.jpg\"\n\t\t\t\ttitle=\"\"\n\t\t\t\tdata-src=\"https:\/\/cegled.mariaradio.hu\/wp-content\/gallery\/eletkepek\/13162495_1260317580668695_871844279_n.jpg\"\n\t\t\t\tdata-thumbnail=\"https:\/\/cegled.mariaradio.hu\/wp-content\/gallery\/eletkepek\/thumbs\/thumbs_13162495_1260317580668695_871844279_n.jpg\"\n\t\t\t\tdata-image-id=\"40\"\n\t\t\t\tdata-title=\"MRC\"\n\t\t\t\tdata-description=\"\"\n\t\t\t\tdata-image-slug=\"13162495_1260317580668695_871844279_n\"\n\t\t\t\tclass=\"ngg-fancybox\" rel=\"06b427a1ae7e8308968972947a37ab52\">\n\t\t\t\t<img\n\t\t\t\t\ttitle=\"MRC\"\n\t\t\t\t\talt=\"MRC\"\n\t\t\t\t\tsrc=\"https:\/\/cegled.mariaradio.hu\/wp-content\/gallery\/eletkepek\/cache\/13162495_1260317580668695_871844279_n.jpg-nggid0240-ngg0dyn-160x106x100-00f0w010c011r110f110r010t010.jpg\"\n\t\t\t\t\twidth=\"160\"\n\t\t\t\t\theight=\"106\"\n\t\t\t\t\tstyle=\"max-width:100%;\"\n\t\t\t\t\/>\n\t\t\t<\/a>\n\t\t<\/div>\n\t\t\t\t\t\t\t<\/div> \n\t\t\t\n\t\t\t\t<div id=\"ngg-image-5\" class=\"ngg-gallery-thumbnail-box \n\t\t\t\t\t\t\t\t\t\t\t\" \n\t\t\t>\n\t\t\t\t\t\t<div class=\"ngg-gallery-thumbnail\">\n\t\t\t<a href=\"https:\/\/cegled.mariaradio.hu\/wp-content\/gallery\/eletkepek\/20140901_183755.jpg\"\n\t\t\t\ttitle=\"\"\n\t\t\t\tdata-src=\"https:\/\/cegled.mariaradio.hu\/wp-content\/gallery\/eletkepek\/20140901_183755.jpg\"\n\t\t\t\tdata-thumbnail=\"https:\/\/cegled.mariaradio.hu\/wp-content\/gallery\/eletkepek\/thumbs\/thumbs_20140901_183755.jpg\"\n\t\t\t\tdata-image-id=\"42\"\n\t\t\t\tdata-title=\"MRC\"\n\t\t\t\tdata-description=\"\"\n\t\t\t\tdata-image-slug=\"20140901_183755\"\n\t\t\t\tclass=\"ngg-fancybox\" rel=\"06b427a1ae7e8308968972947a37ab52\">\n\t\t\t\t<img\n\t\t\t\t\ttitle=\"MRC\"\n\t\t\t\t\talt=\"MRC\"\n\t\t\t\t\tsrc=\"https:\/\/cegled.mariaradio.hu\/wp-content\/gallery\/eletkepek\/cache\/20140901_183755.jpg-nggid0242-ngg0dyn-160x106x100-00f0w010c011r110f110r010t010.jpg\"\n\t\t\t\t\twidth=\"160\"\n\t\t\t\t\theight=\"106\"\n\t\t\t\t\tstyle=\"max-width:100%;\"\n\t\t\t\t\/>\n\t\t\t<\/a>\n\t\t<\/div>\n\t\t\t\t\t\t\t<\/div> \n\t\t\t\n\t\t\t\t<div id=\"ngg-image-6\" class=\"ngg-gallery-thumbnail-box \n\t\t\t\t\t\t\t\t\t\t\t\" \n\t\t\t>\n\t\t\t\t\t\t<div class=\"ngg-gallery-thumbnail\">\n\t\t\t<a href=\"https:\/\/cegled.mariaradio.hu\/wp-content\/gallery\/eletkepek\/20140901_183855.jpg\"\n\t\t\t\ttitle=\"\"\n\t\t\t\tdata-src=\"https:\/\/cegled.mariaradio.hu\/wp-content\/gallery\/eletkepek\/20140901_183855.jpg\"\n\t\t\t\tdata-thumbnail=\"https:\/\/cegled.mariaradio.hu\/wp-content\/gallery\/eletkepek\/thumbs\/thumbs_20140901_183855.jpg\"\n\t\t\t\tdata-image-id=\"43\"\n\t\t\t\tdata-title=\"MRC\"\n\t\t\t\tdata-description=\"\"\n\t\t\t\tdata-image-slug=\"20140901_183855\"\n\t\t\t\tclass=\"ngg-fancybox\" rel=\"06b427a1ae7e8308968972947a37ab52\">\n\t\t\t\t<img\n\t\t\t\t\ttitle=\"MRC\"\n\t\t\t\t\talt=\"MRC\"\n\t\t\t\t\tsrc=\"https:\/\/cegled.mariaradio.hu\/wp-content\/gallery\/eletkepek\/cache\/20140901_183855.jpg-nggid0243-ngg0dyn-160x106x100-00f0w010c011r110f110r010t010.jpg\"\n\t\t\t\t\twidth=\"160\"\n\t\t\t\t\theight=\"106\"\n\t\t\t\t\tstyle=\"max-width:100%;\"\n\t\t\t\t\/>\n\t\t\t<\/a>\n\t\t<\/div>\n\t\t\t\t\t\t\t<\/div> \n\t\t\t\n\t\t\t\t<div id=\"ngg-image-7\" class=\"ngg-gallery-thumbnail-box \n\t\t\t\t\t\t\t\t\t\t\t\" \n\t\t\t>\n\t\t\t\t\t\t<div class=\"ngg-gallery-thumbnail\">\n\t\t\t<a href=\"https:\/\/cegled.mariaradio.hu\/wp-content\/gallery\/eletkepek\/20140924_173214.jpg\"\n\t\t\t\ttitle=\"\"\n\t\t\t\tdata-src=\"https:\/\/cegled.mariaradio.hu\/wp-content\/gallery\/eletkepek\/20140924_173214.jpg\"\n\t\t\t\tdata-thumbnail=\"https:\/\/cegled.mariaradio.hu\/wp-content\/gallery\/eletkepek\/thumbs\/thumbs_20140924_173214.jpg\"\n\t\t\t\tdata-image-id=\"44\"\n\t\t\t\tdata-title=\"MRC\"\n\t\t\t\tdata-description=\"\"\n\t\t\t\tdata-image-slug=\"20140924_173214\"\n\t\t\t\tclass=\"ngg-fancybox\" rel=\"06b427a1ae7e8308968972947a37ab52\">\n\t\t\t\t<img\n\t\t\t\t\ttitle=\"MRC\"\n\t\t\t\t\talt=\"MRC\"\n\t\t\t\t\tsrc=\"https:\/\/cegled.mariaradio.hu\/wp-content\/gallery\/eletkepek\/cache\/20140924_173214.jpg-nggid0244-ngg0dyn-160x106x100-00f0w010c011r110f110r010t010.jpg\"\n\t\t\t\t\twidth=\"160\"\n\t\t\t\t\theight=\"106\"\n\t\t\t\t\tstyle=\"max-width:100%;\"\n\t\t\t\t\/>\n\t\t\t<\/a>\n\t\t<\/div>\n\t\t\t\t\t\t\t<\/div> \n\t\t\t\n\t\t\t\t<div id=\"ngg-image-8\" class=\"ngg-gallery-thumbnail-box \n\t\t\t\t\t\t\t\t\t\t\t\" \n\t\t\t>\n\t\t\t\t\t\t<div class=\"ngg-gallery-thumbnail\">\n\t\t\t<a href=\"https:\/\/cegled.mariaradio.hu\/wp-content\/gallery\/eletkepek\/20141020_191625.jpg\"\n\t\t\t\ttitle=\"\"\n\t\t\t\tdata-src=\"https:\/\/cegled.mariaradio.hu\/wp-content\/gallery\/eletkepek\/20141020_191625.jpg\"\n\t\t\t\tdata-thumbnail=\"https:\/\/cegled.mariaradio.hu\/wp-content\/gallery\/eletkepek\/thumbs\/thumbs_20141020_191625.jpg\"\n\t\t\t\tdata-image-id=\"45\"\n\t\t\t\tdata-title=\"MRC\"\n\t\t\t\tdata-description=\"\"\n\t\t\t\tdata-image-slug=\"20141020_191625\"\n\t\t\t\tclass=\"ngg-fancybox\" rel=\"06b427a1ae7e8308968972947a37ab52\">\n\t\t\t\t<img\n\t\t\t\t\ttitle=\"MRC\"\n\t\t\t\t\talt=\"MRC\"\n\t\t\t\t\tsrc=\"https:\/\/cegled.mariaradio.hu\/wp-content\/gallery\/eletkepek\/cache\/20141020_191625.jpg-nggid0245-ngg0dyn-160x106x100-00f0w010c011r110f110r010t010.jpg\"\n\t\t\t\t\twidth=\"160\"\n\t\t\t\t\theight=\"106\"\n\t\t\t\t\tstyle=\"max-width:100%;\"\n\t\t\t\t\/>\n\t\t\t<\/a>\n\t\t<\/div>\n\t\t\t\t\t\t\t<\/div> \n\t\t\t\n\t\t\t\t<div id=\"ngg-image-9\" class=\"ngg-gallery-thumbnail-box \n\t\t\t\t\t\t\t\t\t\t\t\" \n\t\t\t>\n\t\t\t\t\t\t<div class=\"ngg-gallery-thumbnail\">\n\t\t\t<a href=\"https:\/\/cegled.mariaradio.hu\/wp-content\/gallery\/eletkepek\/20141022_181126.jpg\"\n\t\t\t\ttitle=\"\"\n\t\t\t\tdata-src=\"https:\/\/cegled.mariaradio.hu\/wp-content\/gallery\/eletkepek\/20141022_181126.jpg\"\n\t\t\t\tdata-thumbnail=\"https:\/\/cegled.mariaradio.hu\/wp-content\/gallery\/eletkepek\/thumbs\/thumbs_20141022_181126.jpg\"\n\t\t\t\tdata-image-id=\"46\"\n\t\t\t\tdata-title=\"MRC\"\n\t\t\t\tdata-description=\"\"\n\t\t\t\tdata-image-slug=\"20141022_181126\"\n\t\t\t\tclass=\"ngg-fancybox\" rel=\"06b427a1ae7e8308968972947a37ab52\">\n\t\t\t\t<img\n\t\t\t\t\ttitle=\"MRC\"\n\t\t\t\t\talt=\"MRC\"\n\t\t\t\t\tsrc=\"https:\/\/cegled.mariaradio.hu\/wp-content\/gallery\/eletkepek\/cache\/20141022_181126.jpg-nggid0246-ngg0dyn-160x106x100-00f0w010c011r110f110r010t010.jpg\"\n\t\t\t\t\twidth=\"160\"\n\t\t\t\t\theight=\"106\"\n\t\t\t\t\tstyle=\"max-width:100%;\"\n\t\t\t\t\/>\n\t\t\t<\/a>\n\t\t<\/div>\n\t\t\t\t\t\t\t<\/div> \n\t\t\t\n\t\t\t\t<div id=\"ngg-image-10\" class=\"ngg-gallery-thumbnail-box \n\t\t\t\t\t\t\t\t\t\t\t\" \n\t\t\t>\n\t\t\t\t\t\t<div class=\"ngg-gallery-thumbnail\">\n\t\t\t<a href=\"https:\/\/cegled.mariaradio.hu\/wp-content\/gallery\/eletkepek\/20141117_184732.jpg\"\n\t\t\t\ttitle=\"\"\n\t\t\t\tdata-src=\"https:\/\/cegled.mariaradio.hu\/wp-content\/gallery\/eletkepek\/20141117_184732.jpg\"\n\t\t\t\tdata-thumbnail=\"https:\/\/cegled.mariaradio.hu\/wp-content\/gallery\/eletkepek\/thumbs\/thumbs_20141117_184732.jpg\"\n\t\t\t\tdata-image-id=\"47\"\n\t\t\t\tdata-title=\"MRC\"\n\t\t\t\tdata-description=\"\"\n\t\t\t\tdata-image-slug=\"20141117_184732\"\n\t\t\t\tclass=\"ngg-fancybox\" rel=\"06b427a1ae7e8308968972947a37ab52\">\n\t\t\t\t<img\n\t\t\t\t\ttitle=\"MRC\"\n\t\t\t\t\talt=\"MRC\"\n\t\t\t\t\tsrc=\"https:\/\/cegled.mariaradio.hu\/wp-content\/gallery\/eletkepek\/cache\/20141117_184732.jpg-nggid0247-ngg0dyn-160x106x100-00f0w010c011r110f110r010t010.jpg\"\n\t\t\t\t\twidth=\"160\"\n\t\t\t\t\theight=\"106\"\n\t\t\t\t\tstyle=\"max-width:100%;\"\n\t\t\t\t\/>\n\t\t\t<\/a>\n\t\t<\/div>\n\t\t\t\t\t\t\t<\/div> \n\t\t\t\n\t\t\t\t<div id=\"ngg-image-11\" class=\"ngg-gallery-thumbnail-box \n\t\t\t\t\t\t\t\t\t\t\t\" \n\t\t\t>\n\t\t\t\t\t\t<div class=\"ngg-gallery-thumbnail\">\n\t\t\t<a href=\"https:\/\/cegled.mariaradio.hu\/wp-content\/gallery\/eletkepek\/20141208_151133.jpg\"\n\t\t\t\ttitle=\"\"\n\t\t\t\tdata-src=\"https:\/\/cegled.mariaradio.hu\/wp-content\/gallery\/eletkepek\/20141208_151133.jpg\"\n\t\t\t\tdata-thumbnail=\"https:\/\/cegled.mariaradio.hu\/wp-content\/gallery\/eletkepek\/thumbs\/thumbs_20141208_151133.jpg\"\n\t\t\t\tdata-image-id=\"48\"\n\t\t\t\tdata-title=\"MRC\"\n\t\t\t\tdata-description=\"\"\n\t\t\t\tdata-image-slug=\"20141208_151133\"\n\t\t\t\tclass=\"ngg-fancybox\" rel=\"06b427a1ae7e8308968972947a37ab52\">\n\t\t\t\t<img\n\t\t\t\t\ttitle=\"MRC\"\n\t\t\t\t\talt=\"MRC\"\n\t\t\t\t\tsrc=\"https:\/\/cegled.mariaradio.hu\/wp-content\/gallery\/eletkepek\/cache\/20141208_151133.jpg-nggid0248-ngg0dyn-160x106x100-00f0w010c011r110f110r010t010.jpg\"\n\t\t\t\t\twidth=\"160\"\n\t\t\t\t\theight=\"106\"\n\t\t\t\t\tstyle=\"max-width:100%;\"\n\t\t\t\t\/>\n\t\t\t<\/a>\n\t\t<\/div>\n\t\t\t\t\t\t\t<\/div> \n\t\t\t\n\t\t\t\t<div id=\"ngg-image-12\" class=\"ngg-gallery-thumbnail-box \n\t\t\t\t\t\t\t\t\t\t\t\" \n\t\t\t>\n\t\t\t\t\t\t<div class=\"ngg-gallery-thumbnail\">\n\t\t\t<a href=\"https:\/\/cegled.mariaradio.hu\/wp-content\/gallery\/eletkepek\/20141215_191821.jpg\"\n\t\t\t\ttitle=\"\"\n\t\t\t\tdata-src=\"https:\/\/cegled.mariaradio.hu\/wp-content\/gallery\/eletkepek\/20141215_191821.jpg\"\n\t\t\t\tdata-thumbnail=\"https:\/\/cegled.mariaradio.hu\/wp-content\/gallery\/eletkepek\/thumbs\/thumbs_20141215_191821.jpg\"\n\t\t\t\tdata-image-id=\"49\"\n\t\t\t\tdata-title=\"MRC\"\n\t\t\t\tdata-description=\"\"\n\t\t\t\tdata-image-slug=\"20141215_191821\"\n\t\t\t\tclass=\"ngg-fancybox\" rel=\"06b427a1ae7e8308968972947a37ab52\">\n\t\t\t\t<img\n\t\t\t\t\ttitle=\"MRC\"\n\t\t\t\t\talt=\"MRC\"\n\t\t\t\t\tsrc=\"https:\/\/cegled.mariaradio.hu\/wp-content\/gallery\/eletkepek\/cache\/20141215_191821.jpg-nggid0249-ngg0dyn-160x106x100-00f0w010c011r110f110r010t010.jpg\"\n\t\t\t\t\twidth=\"160\"\n\t\t\t\t\theight=\"106\"\n\t\t\t\t\tstyle=\"max-width:100%;\"\n\t\t\t\t\/>\n\t\t\t<\/a>\n\t\t<\/div>\n\t\t\t\t\t\t\t<\/div> \n\t\t\t\n\t\t\t\t<div id=\"ngg-image-13\" class=\"ngg-gallery-thumbnail-box \n\t\t\t\t\t\t\t\t\t\t\t\" \n\t\t\t>\n\t\t\t\t\t\t<div class=\"ngg-gallery-thumbnail\">\n\t\t\t<a href=\"https:\/\/cegled.mariaradio.hu\/wp-content\/gallery\/eletkepek\/20141221_180421.jpg\"\n\t\t\t\ttitle=\"\"\n\t\t\t\tdata-src=\"https:\/\/cegled.mariaradio.hu\/wp-content\/gallery\/eletkepek\/20141221_180421.jpg\"\n\t\t\t\tdata-thumbnail=\"https:\/\/cegled.mariaradio.hu\/wp-content\/gallery\/eletkepek\/thumbs\/thumbs_20141221_180421.jpg\"\n\t\t\t\tdata-image-id=\"54\"\n\t\t\t\tdata-title=\"MRC\"\n\t\t\t\tdata-description=\"\"\n\t\t\t\tdata-image-slug=\"20141221_180421\"\n\t\t\t\tclass=\"ngg-fancybox\" rel=\"06b427a1ae7e8308968972947a37ab52\">\n\t\t\t\t<img\n\t\t\t\t\ttitle=\"MRC\"\n\t\t\t\t\talt=\"MRC\"\n\t\t\t\t\tsrc=\"https:\/\/cegled.mariaradio.hu\/wp-content\/gallery\/eletkepek\/cache\/20141221_180421.jpg-nggid0254-ngg0dyn-160x106x100-00f0w010c011r110f110r010t010.jpg\"\n\t\t\t\t\twidth=\"160\"\n\t\t\t\t\theight=\"106\"\n\t\t\t\t\tstyle=\"max-width:100%;\"\n\t\t\t\t\/>\n\t\t\t<\/a>\n\t\t<\/div>\n\t\t\t\t\t\t\t<\/div> \n\t\t\t\n\t\t\t\t<div id=\"ngg-image-14\" class=\"ngg-gallery-thumbnail-box \n\t\t\t\t\t\t\t\t\t\t\t\" \n\t\t\t>\n\t\t\t\t\t\t<div class=\"ngg-gallery-thumbnail\">\n\t\t\t<a href=\"https:\/\/cegled.mariaradio.hu\/wp-content\/gallery\/eletkepek\/20150119_171133.jpg\"\n\t\t\t\ttitle=\"\"\n\t\t\t\tdata-src=\"https:\/\/cegled.mariaradio.hu\/wp-content\/gallery\/eletkepek\/20150119_171133.jpg\"\n\t\t\t\tdata-thumbnail=\"https:\/\/cegled.mariaradio.hu\/wp-content\/gallery\/eletkepek\/thumbs\/thumbs_20150119_171133.jpg\"\n\t\t\t\tdata-image-id=\"55\"\n\t\t\t\tdata-title=\"MRC\"\n\t\t\t\tdata-description=\"\"\n\t\t\t\tdata-image-slug=\"20150119_171133\"\n\t\t\t\tclass=\"ngg-fancybox\" rel=\"06b427a1ae7e8308968972947a37ab52\">\n\t\t\t\t<img\n\t\t\t\t\ttitle=\"MRC\"\n\t\t\t\t\talt=\"MRC\"\n\t\t\t\t\tsrc=\"https:\/\/cegled.mariaradio.hu\/wp-content\/gallery\/eletkepek\/cache\/20150119_171133.jpg-nggid0255-ngg0dyn-160x106x100-00f0w010c011r110f110r010t010.jpg\"\n\t\t\t\t\twidth=\"160\"\n\t\t\t\t\theight=\"106\"\n\t\t\t\t\tstyle=\"max-width:100%;\"\n\t\t\t\t\/>\n\t\t\t<\/a>\n\t\t<\/div>\n\t\t\t\t\t\t\t<\/div> \n\t\t\t\n\t\t\t\t<div id=\"ngg-image-15\" class=\"ngg-gallery-thumbnail-box \n\t\t\t\t\t\t\t\t\t\t\t\" \n\t\t\t>\n\t\t\t\t\t\t<div class=\"ngg-gallery-thumbnail\">\n\t\t\t<a href=\"https:\/\/cegled.mariaradio.hu\/wp-content\/gallery\/eletkepek\/20150302_190743.jpg\"\n\t\t\t\ttitle=\"\"\n\t\t\t\tdata-src=\"https:\/\/cegled.mariaradio.hu\/wp-content\/gallery\/eletkepek\/20150302_190743.jpg\"\n\t\t\t\tdata-thumbnail=\"https:\/\/cegled.mariaradio.hu\/wp-content\/gallery\/eletkepek\/thumbs\/thumbs_20150302_190743.jpg\"\n\t\t\t\tdata-image-id=\"56\"\n\t\t\t\tdata-title=\"MRC\"\n\t\t\t\tdata-description=\"\"\n\t\t\t\tdata-image-slug=\"20150302_190743\"\n\t\t\t\tclass=\"ngg-fancybox\" rel=\"06b427a1ae7e8308968972947a37ab52\">\n\t\t\t\t<img\n\t\t\t\t\ttitle=\"MRC\"\n\t\t\t\t\talt=\"MRC\"\n\t\t\t\t\tsrc=\"https:\/\/cegled.mariaradio.hu\/wp-content\/gallery\/eletkepek\/cache\/20150302_190743.jpg-nggid0256-ngg0dyn-160x106x100-00f0w010c011r110f110r010t010.jpg\"\n\t\t\t\t\twidth=\"160\"\n\t\t\t\t\theight=\"106\"\n\t\t\t\t\tstyle=\"max-width:100%;\"\n\t\t\t\t\/>\n\t\t\t<\/a>\n\t\t<\/div>\n\t\t\t\t\t\t\t<\/div> \n\t\t\t\n\t\t\t\t<div id=\"ngg-image-16\" class=\"ngg-gallery-thumbnail-box \n\t\t\t\t\t\t\t\t\t\t\t\" \n\t\t\t>\n\t\t\t\t\t\t<div class=\"ngg-gallery-thumbnail\">\n\t\t\t<a href=\"https:\/\/cegled.mariaradio.hu\/wp-content\/gallery\/eletkepek\/20150413_183712.jpg\"\n\t\t\t\ttitle=\"\"\n\t\t\t\tdata-src=\"https:\/\/cegled.mariaradio.hu\/wp-content\/gallery\/eletkepek\/20150413_183712.jpg\"\n\t\t\t\tdata-thumbnail=\"https:\/\/cegled.mariaradio.hu\/wp-content\/gallery\/eletkepek\/thumbs\/thumbs_20150413_183712.jpg\"\n\t\t\t\tdata-image-id=\"57\"\n\t\t\t\tdata-title=\"MRC\"\n\t\t\t\tdata-description=\"\"\n\t\t\t\tdata-image-slug=\"20150413_183712\"\n\t\t\t\tclass=\"ngg-fancybox\" rel=\"06b427a1ae7e8308968972947a37ab52\">\n\t\t\t\t<img\n\t\t\t\t\ttitle=\"MRC\"\n\t\t\t\t\talt=\"MRC\"\n\t\t\t\t\tsrc=\"https:\/\/cegled.mariaradio.hu\/wp-content\/gallery\/eletkepek\/cache\/20150413_183712.jpg-nggid0257-ngg0dyn-160x106x100-00f0w010c011r110f110r010t010.jpg\"\n\t\t\t\t\twidth=\"160\"\n\t\t\t\t\theight=\"106\"\n\t\t\t\t\tstyle=\"max-width:100%;\"\n\t\t\t\t\/>\n\t\t\t<\/a>\n\t\t<\/div>\n\t\t\t\t\t\t\t<\/div> \n\t\t\t\n\t\t\t\t<div id=\"ngg-image-17\" class=\"ngg-gallery-thumbnail-box \n\t\t\t\t\t\t\t\t\t\t\t\" \n\t\t\t>\n\t\t\t\t\t\t<div class=\"ngg-gallery-thumbnail\">\n\t\t\t<a href=\"https:\/\/cegled.mariaradio.hu\/wp-content\/gallery\/eletkepek\/DSC_0005_4.JPG\"\n\t\t\t\ttitle=\"\"\n\t\t\t\tdata-src=\"https:\/\/cegled.mariaradio.hu\/wp-content\/gallery\/eletkepek\/DSC_0005_4.JPG\"\n\t\t\t\tdata-thumbnail=\"https:\/\/cegled.mariaradio.hu\/wp-content\/gallery\/eletkepek\/thumbs\/thumbs_DSC_0005_4.JPG\"\n\t\t\t\tdata-image-id=\"58\"\n\t\t\t\tdata-title=\"MRC\"\n\t\t\t\tdata-description=\"\"\n\t\t\t\tdata-image-slug=\"dsc_0005_4\"\n\t\t\t\tclass=\"ngg-fancybox\" rel=\"06b427a1ae7e8308968972947a37ab52\">\n\t\t\t\t<img\n\t\t\t\t\ttitle=\"MRC\"\n\t\t\t\t\talt=\"MRC\"\n\t\t\t\t\tsrc=\"https:\/\/cegled.mariaradio.hu\/wp-content\/gallery\/eletkepek\/cache\/DSC_0005_4.JPG-nggid0258-ngg0dyn-160x106x100-00f0w010c011r110f110r010t010.JPG\"\n\t\t\t\t\twidth=\"160\"\n\t\t\t\t\theight=\"106\"\n\t\t\t\t\tstyle=\"max-width:100%;\"\n\t\t\t\t\/>\n\t\t\t<\/a>\n\t\t<\/div>\n\t\t\t\t\t\t\t<\/div> \n\t\t\t\n\t\t\t\t<div id=\"ngg-image-18\" class=\"ngg-gallery-thumbnail-box \n\t\t\t\t\t\t\t\t\t\t\t\" \n\t\t\t>\n\t\t\t\t\t\t<div class=\"ngg-gallery-thumbnail\">\n\t\t\t<a href=\"https:\/\/cegled.mariaradio.hu\/wp-content\/gallery\/eletkepek\/DSC_0007_3.JPG\"\n\t\t\t\ttitle=\"\"\n\t\t\t\tdata-src=\"https:\/\/cegled.mariaradio.hu\/wp-content\/gallery\/eletkepek\/DSC_0007_3.JPG\"\n\t\t\t\tdata-thumbnail=\"https:\/\/cegled.mariaradio.hu\/wp-content\/gallery\/eletkepek\/thumbs\/thumbs_DSC_0007_3.JPG\"\n\t\t\t\tdata-image-id=\"59\"\n\t\t\t\tdata-title=\"MRC\"\n\t\t\t\tdata-description=\"\"\n\t\t\t\tdata-image-slug=\"dsc_0007_3\"\n\t\t\t\tclass=\"ngg-fancybox\" rel=\"06b427a1ae7e8308968972947a37ab52\">\n\t\t\t\t<img\n\t\t\t\t\ttitle=\"MRC\"\n\t\t\t\t\talt=\"MRC\"\n\t\t\t\t\tsrc=\"https:\/\/cegled.mariaradio.hu\/wp-content\/gallery\/eletkepek\/cache\/DSC_0007_3.JPG-nggid0259-ngg0dyn-160x106x100-00f0w010c011r110f110r010t010.JPG\"\n\t\t\t\t\twidth=\"160\"\n\t\t\t\t\theight=\"106\"\n\t\t\t\t\tstyle=\"max-width:100%;\"\n\t\t\t\t\/>\n\t\t\t<\/a>\n\t\t<\/div>\n\t\t\t\t\t\t\t<\/div> \n\t\t\t\n\t\t\t\t<div id=\"ngg-image-19\" class=\"ngg-gallery-thumbnail-box \n\t\t\t\t\t\t\t\t\t\t\t\" \n\t\t\t>\n\t\t\t\t\t\t<div class=\"ngg-gallery-thumbnail\">\n\t\t\t<a href=\"https:\/\/cegled.mariaradio.hu\/wp-content\/gallery\/eletkepek\/IMG_20140324_181547.jpg\"\n\t\t\t\ttitle=\"\"\n\t\t\t\tdata-src=\"https:\/\/cegled.mariaradio.hu\/wp-content\/gallery\/eletkepek\/IMG_20140324_181547.jpg\"\n\t\t\t\tdata-thumbnail=\"https:\/\/cegled.mariaradio.hu\/wp-content\/gallery\/eletkepek\/thumbs\/thumbs_IMG_20140324_181547.jpg\"\n\t\t\t\tdata-image-id=\"60\"\n\t\t\t\tdata-title=\"MRC\"\n\t\t\t\tdata-description=\"\"\n\t\t\t\tdata-image-slug=\"img_20140324_181547\"\n\t\t\t\tclass=\"ngg-fancybox\" rel=\"06b427a1ae7e8308968972947a37ab52\">\n\t\t\t\t<img\n\t\t\t\t\ttitle=\"MRC\"\n\t\t\t\t\talt=\"MRC\"\n\t\t\t\t\tsrc=\"https:\/\/cegled.mariaradio.hu\/wp-content\/gallery\/eletkepek\/cache\/IMG_20140324_181547.jpg-nggid0260-ngg0dyn-160x106x100-00f0w010c011r110f110r010t010.jpg\"\n\t\t\t\t\twidth=\"160\"\n\t\t\t\t\theight=\"106\"\n\t\t\t\t\tstyle=\"max-width:100%;\"\n\t\t\t\t\/>\n\t\t\t<\/a>\n\t\t<\/div>\n\t\t\t\t\t\t\t<\/div> \n\t\t\t\n\t\n\t<br style=\"clear: both\" \/>\n\n\t\n\t\t<!-- Pagination -->\n\t\t<div class='ngg-navigation'><span class='current'>1<\/span>\n<a class='page-numbers' data-pageid='2' href='https:\/\/cegled.mariaradio.hu\/index.php\/nggallery\/page\/2?page_id=313'>2<\/a>\n<a class='page-numbers' data-pageid='3' href='https:\/\/cegled.mariaradio.hu\/index.php\/nggallery\/page\/3?page_id=313'>3<\/a>\n<a class='prev' href='https:\/\/cegled.mariaradio.hu\/index.php\/nggallery\/page\/2?page_id=313' data-pageid=2>&#9658;<\/a><\/div>\t<\/div>\n\n","protected":false},"excerpt":{"rendered":"<p>Vissza a k\u00e9pgal\u00e9ri\u00e1hoz<\/p>\n","protected":false},"author":1,"featured_media":0,"parent":43,"menu_order":0,"comment_status":"closed","ping_status":"closed","template":"","meta":{"_monsterinsights_skip_tracking":false,"_monsterinsights_sitenote_active":false,"_monsterinsights_sitenote_note":"","_monsterinsights_sitenote_category":0,"ngg_post_thumbnail":0,"footnotes":""},"_links":{"self":[{"href":"https:\/\/cegled.mariaradio.hu\/index.php?rest_route=\/wp\/v2\/pages\/313"}],"collection":[{"href":"https:\/\/cegled.mariaradio.hu\/index.php?rest_route=\/wp\/v2\/pages"}],"about":[{"href":"https:\/\/cegled.mariaradio.hu\/index.php?rest_route=\/wp\/v2\/types\/page"}],"author":[{"embeddable":true,"href":"https:\/\/cegled.mariaradio.hu\/index.php?rest_route=\/wp\/v2\/users\/1"}],"replies":[{"embeddable":true,"href":"https:\/\/cegled.mariaradio.hu\/index.php?rest_route=%2Fwp%2Fv2%2Fcomments&post=313"}],"version-history":[{"count":1,"href":"https:\/\/cegled.mariaradio.hu\/index.php?rest_route=\/wp\/v2\/pages\/313\/revisions"}],"predecessor-version":[{"id":325,"href":"https:\/\/cegled.mariaradio.hu\/index.php?rest_route=\/wp\/v2\/pages\/313\/revisions\/325"}],"up":[{"embeddable":true,"href":"https:\/\/cegled.mariaradio.hu\/index.php?rest_route=\/wp\/v2\/pages\/43"}],"wp:attachment":[{"href":"https:\/\/cegled.mariaradio.hu\/index.php?rest_route=%2Fwp%2Fv2%2Fmedia&parent=313"}],"curies":[{"name":"wp","href":"https:\/\/api.w.org\/{rel}","templated":true}]}}