{"id":312,"date":"2017-03-30T00:34:27","date_gmt":"2017-03-29T22:34:27","guid":{"rendered":"https:\/\/cegled.mariaradio.hu\/?page_id=312"},"modified":"2017-03-30T00:50:03","modified_gmt":"2017-03-29T22:50:03","slug":"2-eves-evfordulo-2016-marcius-6","status":"publish","type":"page","link":"https:\/\/cegled.mariaradio.hu\/?page_id=312","title":{"rendered":"2 \u00e9ves \u00e9vfordul\u00f3 &#8211; 2016. m\u00e1rcius 6."},"content":{"rendered":"<p><a href=\"https:\/\/cegled.mariaradio.hu\/?page_id=43\">Vissza a k\u00e9pgal\u00e9ri\u00e1hoz<\/a><\/p>\n<!-- default-view.php -->\n<div\n\tclass=\"ngg-galleryoverview default-view \n\t ngg-ajax-pagination-none\t\"\n\tid=\"ngg-gallery-21dbb6b6950529449cda5fc13a715f61-1\">\n\n\t\t<!-- Thumbnails -->\n\t\t\t\t<div id=\"ngg-image-0\" class=\"ngg-gallery-thumbnail-box \n\t\t\t\t\t\t\t\t\t\t\t\" \n\t\t\t>\n\t\t\t\t\t\t<div class=\"ngg-gallery-thumbnail\">\n\t\t\t<a href=\"https:\/\/cegled.mariaradio.hu\/wp-content\/gallery\/2-eves-evfordulo-2016-marcius-6\/8381_1655088824744427_3126576689506713899_n.jpg\"\n\t\t\t\ttitle=\"\"\n\t\t\t\tdata-src=\"https:\/\/cegled.mariaradio.hu\/wp-content\/gallery\/2-eves-evfordulo-2016-marcius-6\/8381_1655088824744427_3126576689506713899_n.jpg\"\n\t\t\t\tdata-thumbnail=\"https:\/\/cegled.mariaradio.hu\/wp-content\/gallery\/2-eves-evfordulo-2016-marcius-6\/thumbs\/thumbs_8381_1655088824744427_3126576689506713899_n.jpg\"\n\t\t\t\tdata-image-id=\"23\"\n\t\t\t\tdata-title=\"1\"\n\t\t\t\tdata-description=\"\"\n\t\t\t\tdata-image-slug=\"8381_1655088824744427_3126576689506713899_n\"\n\t\t\t\tclass=\"ngg-fancybox\" rel=\"21dbb6b6950529449cda5fc13a715f61\">\n\t\t\t\t<img\n\t\t\t\t\ttitle=\"1\"\n\t\t\t\t\talt=\"1\"\n\t\t\t\t\tsrc=\"https:\/\/cegled.mariaradio.hu\/wp-content\/gallery\/2-eves-evfordulo-2016-marcius-6\/cache\/8381_1655088824744427_3126576689506713899_n.jpg-nggid0223-ngg0dyn-160x106x100-00f0w010c011r110f110r010t010.jpg\"\n\t\t\t\t\twidth=\"160\"\n\t\t\t\t\theight=\"106\"\n\t\t\t\t\tstyle=\"max-width:100%;\"\n\t\t\t\t\/>\n\t\t\t<\/a>\n\t\t<\/div>\n\t\t\t\t\t\t\t<\/div> \n\t\t\t\n\t\t\t\t<div id=\"ngg-image-1\" class=\"ngg-gallery-thumbnail-box \n\t\t\t\t\t\t\t\t\t\t\t\" \n\t\t\t>\n\t\t\t\t\t\t<div class=\"ngg-gallery-thumbnail\">\n\t\t\t<a href=\"https:\/\/cegled.mariaradio.hu\/wp-content\/gallery\/2-eves-evfordulo-2016-marcius-6\/12376770_1655131618073481_7628990432071501901_n.jpg\"\n\t\t\t\ttitle=\"\"\n\t\t\t\tdata-src=\"https:\/\/cegled.mariaradio.hu\/wp-content\/gallery\/2-eves-evfordulo-2016-marcius-6\/12376770_1655131618073481_7628990432071501901_n.jpg\"\n\t\t\t\tdata-thumbnail=\"https:\/\/cegled.mariaradio.hu\/wp-content\/gallery\/2-eves-evfordulo-2016-marcius-6\/thumbs\/thumbs_12376770_1655131618073481_7628990432071501901_n.jpg\"\n\t\t\t\tdata-image-id=\"24\"\n\t\t\t\tdata-title=\"2\"\n\t\t\t\tdata-description=\"\"\n\t\t\t\tdata-image-slug=\"12376770_1655131618073481_7628990432071501901_n\"\n\t\t\t\tclass=\"ngg-fancybox\" rel=\"21dbb6b6950529449cda5fc13a715f61\">\n\t\t\t\t<img\n\t\t\t\t\ttitle=\"2\"\n\t\t\t\t\talt=\"2\"\n\t\t\t\t\tsrc=\"https:\/\/cegled.mariaradio.hu\/wp-content\/gallery\/2-eves-evfordulo-2016-marcius-6\/cache\/12376770_1655131618073481_7628990432071501901_n.jpg-nggid0224-ngg0dyn-160x106x100-00f0w010c011r110f110r010t010.jpg\"\n\t\t\t\t\twidth=\"160\"\n\t\t\t\t\theight=\"106\"\n\t\t\t\t\tstyle=\"max-width:100%;\"\n\t\t\t\t\/>\n\t\t\t<\/a>\n\t\t<\/div>\n\t\t\t\t\t\t\t<\/div> \n\t\t\t\n\t\t\t\t<div id=\"ngg-image-2\" class=\"ngg-gallery-thumbnail-box \n\t\t\t\t\t\t\t\t\t\t\t\" \n\t\t\t>\n\t\t\t\t\t\t<div class=\"ngg-gallery-thumbnail\">\n\t\t\t<a href=\"https:\/\/cegled.mariaradio.hu\/wp-content\/gallery\/2-eves-evfordulo-2016-marcius-6\/12742157_1655131638073479_8750138131570580310_n.jpg\"\n\t\t\t\ttitle=\"\"\n\t\t\t\tdata-src=\"https:\/\/cegled.mariaradio.hu\/wp-content\/gallery\/2-eves-evfordulo-2016-marcius-6\/12742157_1655131638073479_8750138131570580310_n.jpg\"\n\t\t\t\tdata-thumbnail=\"https:\/\/cegled.mariaradio.hu\/wp-content\/gallery\/2-eves-evfordulo-2016-marcius-6\/thumbs\/thumbs_12742157_1655131638073479_8750138131570580310_n.jpg\"\n\t\t\t\tdata-image-id=\"25\"\n\t\t\t\tdata-title=\"3\"\n\t\t\t\tdata-description=\"\"\n\t\t\t\tdata-image-slug=\"12742157_1655131638073479_8750138131570580310_n\"\n\t\t\t\tclass=\"ngg-fancybox\" rel=\"21dbb6b6950529449cda5fc13a715f61\">\n\t\t\t\t<img\n\t\t\t\t\ttitle=\"3\"\n\t\t\t\t\talt=\"3\"\n\t\t\t\t\tsrc=\"https:\/\/cegled.mariaradio.hu\/wp-content\/gallery\/2-eves-evfordulo-2016-marcius-6\/cache\/12742157_1655131638073479_8750138131570580310_n.jpg-nggid0225-ngg0dyn-160x106x100-00f0w010c011r110f110r010t010.jpg\"\n\t\t\t\t\twidth=\"160\"\n\t\t\t\t\theight=\"106\"\n\t\t\t\t\tstyle=\"max-width:100%;\"\n\t\t\t\t\/>\n\t\t\t<\/a>\n\t\t<\/div>\n\t\t\t\t\t\t\t<\/div> \n\t\t\t\n\t\t\t\t<div id=\"ngg-image-3\" class=\"ngg-gallery-thumbnail-box \n\t\t\t\t\t\t\t\t\t\t\t\" \n\t\t\t>\n\t\t\t\t\t\t<div class=\"ngg-gallery-thumbnail\">\n\t\t\t<a href=\"https:\/\/cegled.mariaradio.hu\/wp-content\/gallery\/2-eves-evfordulo-2016-marcius-6\/12799435_1655131614740148_4736197317203283582_n.jpg\"\n\t\t\t\ttitle=\"\"\n\t\t\t\tdata-src=\"https:\/\/cegled.mariaradio.hu\/wp-content\/gallery\/2-eves-evfordulo-2016-marcius-6\/12799435_1655131614740148_4736197317203283582_n.jpg\"\n\t\t\t\tdata-thumbnail=\"https:\/\/cegled.mariaradio.hu\/wp-content\/gallery\/2-eves-evfordulo-2016-marcius-6\/thumbs\/thumbs_12799435_1655131614740148_4736197317203283582_n.jpg\"\n\t\t\t\tdata-image-id=\"26\"\n\t\t\t\tdata-title=\"4\"\n\t\t\t\tdata-description=\"\"\n\t\t\t\tdata-image-slug=\"12799435_1655131614740148_4736197317203283582_n\"\n\t\t\t\tclass=\"ngg-fancybox\" rel=\"21dbb6b6950529449cda5fc13a715f61\">\n\t\t\t\t<img\n\t\t\t\t\ttitle=\"4\"\n\t\t\t\t\talt=\"4\"\n\t\t\t\t\tsrc=\"https:\/\/cegled.mariaradio.hu\/wp-content\/gallery\/2-eves-evfordulo-2016-marcius-6\/cache\/12799435_1655131614740148_4736197317203283582_n.jpg-nggid0226-ngg0dyn-160x106x100-00f0w010c011r110f110r010t010.jpg\"\n\t\t\t\t\twidth=\"160\"\n\t\t\t\t\theight=\"106\"\n\t\t\t\t\tstyle=\"max-width:100%;\"\n\t\t\t\t\/>\n\t\t\t<\/a>\n\t\t<\/div>\n\t\t\t\t\t\t\t<\/div> \n\t\t\t\n\t\t\t\t<div id=\"ngg-image-4\" class=\"ngg-gallery-thumbnail-box \n\t\t\t\t\t\t\t\t\t\t\t\" \n\t\t\t>\n\t\t\t\t\t\t<div class=\"ngg-gallery-thumbnail\">\n\t\t\t<a href=\"https:\/\/cegled.mariaradio.hu\/wp-content\/gallery\/2-eves-evfordulo-2016-marcius-6\/12801505_1655088831411093_7192330231873015537_n.jpg\"\n\t\t\t\ttitle=\"\"\n\t\t\t\tdata-src=\"https:\/\/cegled.mariaradio.hu\/wp-content\/gallery\/2-eves-evfordulo-2016-marcius-6\/12801505_1655088831411093_7192330231873015537_n.jpg\"\n\t\t\t\tdata-thumbnail=\"https:\/\/cegled.mariaradio.hu\/wp-content\/gallery\/2-eves-evfordulo-2016-marcius-6\/thumbs\/thumbs_12801505_1655088831411093_7192330231873015537_n.jpg\"\n\t\t\t\tdata-image-id=\"27\"\n\t\t\t\tdata-title=\"5\"\n\t\t\t\tdata-description=\"\"\n\t\t\t\tdata-image-slug=\"12801505_1655088831411093_7192330231873015537_n\"\n\t\t\t\tclass=\"ngg-fancybox\" rel=\"21dbb6b6950529449cda5fc13a715f61\">\n\t\t\t\t<img\n\t\t\t\t\ttitle=\"5\"\n\t\t\t\t\talt=\"5\"\n\t\t\t\t\tsrc=\"https:\/\/cegled.mariaradio.hu\/wp-content\/gallery\/2-eves-evfordulo-2016-marcius-6\/cache\/12801505_1655088831411093_7192330231873015537_n.jpg-nggid0227-ngg0dyn-160x106x100-00f0w010c011r110f110r010t010.jpg\"\n\t\t\t\t\twidth=\"160\"\n\t\t\t\t\theight=\"106\"\n\t\t\t\t\tstyle=\"max-width:100%;\"\n\t\t\t\t\/>\n\t\t\t<\/a>\n\t\t<\/div>\n\t\t\t\t\t\t\t<\/div> \n\t\t\t\n\t\t\t\t<div id=\"ngg-image-5\" class=\"ngg-gallery-thumbnail-box \n\t\t\t\t\t\t\t\t\t\t\t\" \n\t\t\t>\n\t\t\t\t\t\t<div class=\"ngg-gallery-thumbnail\">\n\t\t\t<a href=\"https:\/\/cegled.mariaradio.hu\/wp-content\/gallery\/2-eves-evfordulo-2016-marcius-6\/12803308_1655088858077757_9079326952409482798_n.jpg\"\n\t\t\t\ttitle=\"\"\n\t\t\t\tdata-src=\"https:\/\/cegled.mariaradio.hu\/wp-content\/gallery\/2-eves-evfordulo-2016-marcius-6\/12803308_1655088858077757_9079326952409482798_n.jpg\"\n\t\t\t\tdata-thumbnail=\"https:\/\/cegled.mariaradio.hu\/wp-content\/gallery\/2-eves-evfordulo-2016-marcius-6\/thumbs\/thumbs_12803308_1655088858077757_9079326952409482798_n.jpg\"\n\t\t\t\tdata-image-id=\"28\"\n\t\t\t\tdata-title=\"6\"\n\t\t\t\tdata-description=\"\"\n\t\t\t\tdata-image-slug=\"12803308_1655088858077757_9079326952409482798_n\"\n\t\t\t\tclass=\"ngg-fancybox\" rel=\"21dbb6b6950529449cda5fc13a715f61\">\n\t\t\t\t<img\n\t\t\t\t\ttitle=\"6\"\n\t\t\t\t\talt=\"6\"\n\t\t\t\t\tsrc=\"https:\/\/cegled.mariaradio.hu\/wp-content\/gallery\/2-eves-evfordulo-2016-marcius-6\/cache\/12803308_1655088858077757_9079326952409482798_n.jpg-nggid0228-ngg0dyn-160x106x100-00f0w010c011r110f110r010t010.jpg\"\n\t\t\t\t\twidth=\"160\"\n\t\t\t\t\theight=\"106\"\n\t\t\t\t\tstyle=\"max-width:100%;\"\n\t\t\t\t\/>\n\t\t\t<\/a>\n\t\t<\/div>\n\t\t\t\t\t\t\t<\/div> \n\t\t\t\n\t\t\t\t<div id=\"ngg-image-6\" class=\"ngg-gallery-thumbnail-box \n\t\t\t\t\t\t\t\t\t\t\t\" \n\t\t\t>\n\t\t\t\t\t\t<div class=\"ngg-gallery-thumbnail\">\n\t\t\t<a href=\"https:\/\/cegled.mariaradio.hu\/wp-content\/gallery\/2-eves-evfordulo-2016-marcius-6\/12809644_1655131678073475_7519235154675207449_n.jpg\"\n\t\t\t\ttitle=\"\"\n\t\t\t\tdata-src=\"https:\/\/cegled.mariaradio.hu\/wp-content\/gallery\/2-eves-evfordulo-2016-marcius-6\/12809644_1655131678073475_7519235154675207449_n.jpg\"\n\t\t\t\tdata-thumbnail=\"https:\/\/cegled.mariaradio.hu\/wp-content\/gallery\/2-eves-evfordulo-2016-marcius-6\/thumbs\/thumbs_12809644_1655131678073475_7519235154675207449_n.jpg\"\n\t\t\t\tdata-image-id=\"29\"\n\t\t\t\tdata-title=\"7\"\n\t\t\t\tdata-description=\"\"\n\t\t\t\tdata-image-slug=\"12809644_1655131678073475_7519235154675207449_n\"\n\t\t\t\tclass=\"ngg-fancybox\" rel=\"21dbb6b6950529449cda5fc13a715f61\">\n\t\t\t\t<img\n\t\t\t\t\ttitle=\"7\"\n\t\t\t\t\talt=\"7\"\n\t\t\t\t\tsrc=\"https:\/\/cegled.mariaradio.hu\/wp-content\/gallery\/2-eves-evfordulo-2016-marcius-6\/cache\/12809644_1655131678073475_7519235154675207449_n.jpg-nggid0229-ngg0dyn-160x106x100-00f0w010c011r110f110r010t010.jpg\"\n\t\t\t\t\twidth=\"160\"\n\t\t\t\t\theight=\"106\"\n\t\t\t\t\tstyle=\"max-width:100%;\"\n\t\t\t\t\/>\n\t\t\t<\/a>\n\t\t<\/div>\n\t\t\t\t\t\t\t<\/div> \n\t\t\t\n\t\t\t\t<div id=\"ngg-image-7\" class=\"ngg-gallery-thumbnail-box \n\t\t\t\t\t\t\t\t\t\t\t\" \n\t\t\t>\n\t\t\t\t\t\t<div class=\"ngg-gallery-thumbnail\">\n\t\t\t<a href=\"https:\/\/cegled.mariaradio.hu\/wp-content\/gallery\/2-eves-evfordulo-2016-marcius-6\/20160306_151912.jpg\"\n\t\t\t\ttitle=\"\"\n\t\t\t\tdata-src=\"https:\/\/cegled.mariaradio.hu\/wp-content\/gallery\/2-eves-evfordulo-2016-marcius-6\/20160306_151912.jpg\"\n\t\t\t\tdata-thumbnail=\"https:\/\/cegled.mariaradio.hu\/wp-content\/gallery\/2-eves-evfordulo-2016-marcius-6\/thumbs\/thumbs_20160306_151912.jpg\"\n\t\t\t\tdata-image-id=\"30\"\n\t\t\t\tdata-title=\"8\"\n\t\t\t\tdata-description=\"\"\n\t\t\t\tdata-image-slug=\"20160306_151912\"\n\t\t\t\tclass=\"ngg-fancybox\" rel=\"21dbb6b6950529449cda5fc13a715f61\">\n\t\t\t\t<img\n\t\t\t\t\ttitle=\"8\"\n\t\t\t\t\talt=\"8\"\n\t\t\t\t\tsrc=\"https:\/\/cegled.mariaradio.hu\/wp-content\/gallery\/2-eves-evfordulo-2016-marcius-6\/cache\/20160306_151912.jpg-nggid0230-ngg0dyn-160x106x100-00f0w010c011r110f110r010t010.jpg\"\n\t\t\t\t\twidth=\"160\"\n\t\t\t\t\theight=\"106\"\n\t\t\t\t\tstyle=\"max-width:100%;\"\n\t\t\t\t\/>\n\t\t\t<\/a>\n\t\t<\/div>\n\t\t\t\t\t\t\t<\/div> \n\t\t\t\n\t\t\t\t<div id=\"ngg-image-8\" class=\"ngg-gallery-thumbnail-box \n\t\t\t\t\t\t\t\t\t\t\t\" \n\t\t\t>\n\t\t\t\t\t\t<div class=\"ngg-gallery-thumbnail\">\n\t\t\t<a href=\"https:\/\/cegled.mariaradio.hu\/wp-content\/gallery\/2-eves-evfordulo-2016-marcius-6\/20160306_151928.jpg\"\n\t\t\t\ttitle=\"\"\n\t\t\t\tdata-src=\"https:\/\/cegled.mariaradio.hu\/wp-content\/gallery\/2-eves-evfordulo-2016-marcius-6\/20160306_151928.jpg\"\n\t\t\t\tdata-thumbnail=\"https:\/\/cegled.mariaradio.hu\/wp-content\/gallery\/2-eves-evfordulo-2016-marcius-6\/thumbs\/thumbs_20160306_151928.jpg\"\n\t\t\t\tdata-image-id=\"31\"\n\t\t\t\tdata-title=\"9\"\n\t\t\t\tdata-description=\"\"\n\t\t\t\tdata-image-slug=\"20160306_151928\"\n\t\t\t\tclass=\"ngg-fancybox\" rel=\"21dbb6b6950529449cda5fc13a715f61\">\n\t\t\t\t<img\n\t\t\t\t\ttitle=\"9\"\n\t\t\t\t\talt=\"9\"\n\t\t\t\t\tsrc=\"https:\/\/cegled.mariaradio.hu\/wp-content\/gallery\/2-eves-evfordulo-2016-marcius-6\/cache\/20160306_151928.jpg-nggid0231-ngg0dyn-160x106x100-00f0w010c011r110f110r010t010.jpg\"\n\t\t\t\t\twidth=\"160\"\n\t\t\t\t\theight=\"106\"\n\t\t\t\t\tstyle=\"max-width:100%;\"\n\t\t\t\t\/>\n\t\t\t<\/a>\n\t\t<\/div>\n\t\t\t\t\t\t\t<\/div> \n\t\t\t\n\t\t\t\t<div id=\"ngg-image-9\" class=\"ngg-gallery-thumbnail-box \n\t\t\t\t\t\t\t\t\t\t\t\" \n\t\t\t>\n\t\t\t\t\t\t<div class=\"ngg-gallery-thumbnail\">\n\t\t\t<a href=\"https:\/\/cegled.mariaradio.hu\/wp-content\/gallery\/2-eves-evfordulo-2016-marcius-6\/20160306_162324.jpg\"\n\t\t\t\ttitle=\"\"\n\t\t\t\tdata-src=\"https:\/\/cegled.mariaradio.hu\/wp-content\/gallery\/2-eves-evfordulo-2016-marcius-6\/20160306_162324.jpg\"\n\t\t\t\tdata-thumbnail=\"https:\/\/cegled.mariaradio.hu\/wp-content\/gallery\/2-eves-evfordulo-2016-marcius-6\/thumbs\/thumbs_20160306_162324.jpg\"\n\t\t\t\tdata-image-id=\"32\"\n\t\t\t\tdata-title=\"10\"\n\t\t\t\tdata-description=\"\"\n\t\t\t\tdata-image-slug=\"20160306_162324\"\n\t\t\t\tclass=\"ngg-fancybox\" rel=\"21dbb6b6950529449cda5fc13a715f61\">\n\t\t\t\t<img\n\t\t\t\t\ttitle=\"10\"\n\t\t\t\t\talt=\"10\"\n\t\t\t\t\tsrc=\"https:\/\/cegled.mariaradio.hu\/wp-content\/gallery\/2-eves-evfordulo-2016-marcius-6\/cache\/20160306_162324.jpg-nggid0232-ngg0dyn-160x106x100-00f0w010c011r110f110r010t010.jpg\"\n\t\t\t\t\twidth=\"160\"\n\t\t\t\t\theight=\"106\"\n\t\t\t\t\tstyle=\"max-width:100%;\"\n\t\t\t\t\/>\n\t\t\t<\/a>\n\t\t<\/div>\n\t\t\t\t\t\t\t<\/div> \n\t\t\t\n\t\n\t<br style=\"clear: both\" \/>\n\n\t\n\t\t<!-- Pagination -->\n\t\t<div class='ngg-clear'><\/div>\t<\/div>\n\n","protected":false},"excerpt":{"rendered":"<p>Vissza a k\u00e9pgal\u00e9ri\u00e1hoz<\/p>\n","protected":false},"author":1,"featured_media":0,"parent":43,"menu_order":0,"comment_status":"closed","ping_status":"closed","template":"","meta":{"_monsterinsights_skip_tracking":false,"_monsterinsights_sitenote_active":false,"_monsterinsights_sitenote_note":"","_monsterinsights_sitenote_category":0,"ngg_post_thumbnail":0,"footnotes":""},"_links":{"self":[{"href":"https:\/\/cegled.mariaradio.hu\/index.php?rest_route=\/wp\/v2\/pages\/312"}],"collection":[{"href":"https:\/\/cegled.mariaradio.hu\/index.php?rest_route=\/wp\/v2\/pages"}],"about":[{"href":"https:\/\/cegled.mariaradio.hu\/index.php?rest_route=\/wp\/v2\/types\/page"}],"author":[{"embeddable":true,"href":"https:\/\/cegled.mariaradio.hu\/index.php?rest_route=\/wp\/v2\/users\/1"}],"replies":[{"embeddable":true,"href":"https:\/\/cegled.mariaradio.hu\/index.php?rest_route=%2Fwp%2Fv2%2Fcomments&post=312"}],"version-history":[{"count":1,"href":"https:\/\/cegled.mariaradio.hu\/index.php?rest_route=\/wp\/v2\/pages\/312\/revisions"}],"predecessor-version":[{"id":324,"href":"https:\/\/cegled.mariaradio.hu\/index.php?rest_route=\/wp\/v2\/pages\/312\/revisions\/324"}],"up":[{"embeddable":true,"href":"https:\/\/cegled.mariaradio.hu\/index.php?rest_route=\/wp\/v2\/pages\/43"}],"wp:attachment":[{"href":"https:\/\/cegled.mariaradio.hu\/index.php?rest_route=%2Fwp%2Fv2%2Fmedia&parent=312"}],"curies":[{"name":"wp","href":"https:\/\/api.w.org\/{rel}","templated":true}]}}