{"id":310,"date":"2017-03-30T00:30:02","date_gmt":"2017-03-29T22:30:02","guid":{"rendered":"https:\/\/cegled.mariaradio.hu\/?page_id=310"},"modified":"2017-03-30T00:51:01","modified_gmt":"2017-03-29T22:51:01","slug":"elso-adas-2014-marcius-6","status":"publish","type":"page","link":"https:\/\/cegled.mariaradio.hu\/?page_id=310","title":{"rendered":"Els\u0151 ad\u00e1s &#8211; 2014. m\u00e1rcius 6."},"content":{"rendered":"<p><a href=\"https:\/\/cegled.mariaradio.hu\/?page_id=43\">Vissza a k\u00e9pgal\u00e9ri\u00e1hoz<\/a><\/p>\n<!-- default-view.php -->\n<div\n\tclass=\"ngg-galleryoverview default-view \n\t ngg-ajax-pagination-none\t\"\n\tid=\"ngg-gallery-7ba69daacade5bfb577f6e169416d551-1\">\n\n\t\t<!-- Thumbnails -->\n\t\t\t\t<div id=\"ngg-image-0\" class=\"ngg-gallery-thumbnail-box \n\t\t\t\t\t\t\t\t\t\t\t\" \n\t\t\t>\n\t\t\t\t\t\t<div class=\"ngg-gallery-thumbnail\">\n\t\t\t<a href=\"https:\/\/cegled.mariaradio.hu\/wp-content\/gallery\/elso-adas-2014-marcius-6\/1957978_1413631355556843_820083413_n.jpg\"\n\t\t\t\ttitle=\"\"\n\t\t\t\tdata-src=\"https:\/\/cegled.mariaradio.hu\/wp-content\/gallery\/elso-adas-2014-marcius-6\/1957978_1413631355556843_820083413_n.jpg\"\n\t\t\t\tdata-thumbnail=\"https:\/\/cegled.mariaradio.hu\/wp-content\/gallery\/elso-adas-2014-marcius-6\/thumbs\/thumbs_1957978_1413631355556843_820083413_n.jpg\"\n\t\t\t\tdata-image-id=\"1\"\n\t\t\t\tdata-title=\"1\"\n\t\t\t\tdata-description=\"\"\n\t\t\t\tdata-image-slug=\"1957978_1413631355556843_820083413_n\"\n\t\t\t\tclass=\"ngg-fancybox\" rel=\"7ba69daacade5bfb577f6e169416d551\">\n\t\t\t\t<img\n\t\t\t\t\ttitle=\"1\"\n\t\t\t\t\talt=\"1\"\n\t\t\t\t\tsrc=\"https:\/\/cegled.mariaradio.hu\/wp-content\/gallery\/elso-adas-2014-marcius-6\/cache\/1957978_1413631355556843_820083413_n.jpg-nggid011-ngg0dyn-160x106x100-00f0w010c011r110f110r010t010.jpg\"\n\t\t\t\t\twidth=\"160\"\n\t\t\t\t\theight=\"106\"\n\t\t\t\t\tstyle=\"max-width:100%;\"\n\t\t\t\t\/>\n\t\t\t<\/a>\n\t\t<\/div>\n\t\t\t\t\t\t\t<\/div> \n\t\t\t\n\t\t\t\t<div id=\"ngg-image-1\" class=\"ngg-gallery-thumbnail-box \n\t\t\t\t\t\t\t\t\t\t\t\" \n\t\t\t>\n\t\t\t\t\t\t<div class=\"ngg-gallery-thumbnail\">\n\t\t\t<a href=\"https:\/\/cegled.mariaradio.hu\/wp-content\/gallery\/elso-adas-2014-marcius-6\/1969268_1413631752223470_438958824_n.jpg\"\n\t\t\t\ttitle=\"\"\n\t\t\t\tdata-src=\"https:\/\/cegled.mariaradio.hu\/wp-content\/gallery\/elso-adas-2014-marcius-6\/1969268_1413631752223470_438958824_n.jpg\"\n\t\t\t\tdata-thumbnail=\"https:\/\/cegled.mariaradio.hu\/wp-content\/gallery\/elso-adas-2014-marcius-6\/thumbs\/thumbs_1969268_1413631752223470_438958824_n.jpg\"\n\t\t\t\tdata-image-id=\"2\"\n\t\t\t\tdata-title=\"2\"\n\t\t\t\tdata-description=\"\"\n\t\t\t\tdata-image-slug=\"1969268_1413631752223470_438958824_n\"\n\t\t\t\tclass=\"ngg-fancybox\" rel=\"7ba69daacade5bfb577f6e169416d551\">\n\t\t\t\t<img\n\t\t\t\t\ttitle=\"2\"\n\t\t\t\t\talt=\"2\"\n\t\t\t\t\tsrc=\"https:\/\/cegled.mariaradio.hu\/wp-content\/gallery\/elso-adas-2014-marcius-6\/cache\/1969268_1413631752223470_438958824_n.jpg-nggid012-ngg0dyn-160x106x100-00f0w010c011r110f110r010t010.jpg\"\n\t\t\t\t\twidth=\"160\"\n\t\t\t\t\theight=\"106\"\n\t\t\t\t\tstyle=\"max-width:100%;\"\n\t\t\t\t\/>\n\t\t\t<\/a>\n\t\t<\/div>\n\t\t\t\t\t\t\t<\/div> \n\t\t\t\n\t\t\t\t<div id=\"ngg-image-2\" class=\"ngg-gallery-thumbnail-box \n\t\t\t\t\t\t\t\t\t\t\t\" \n\t\t\t>\n\t\t\t\t\t\t<div class=\"ngg-gallery-thumbnail\">\n\t\t\t<a href=\"https:\/\/cegled.mariaradio.hu\/wp-content\/gallery\/elso-adas-2014-marcius-6\/1972277_1413631115556867_345092196_n.jpg\"\n\t\t\t\ttitle=\"\"\n\t\t\t\tdata-src=\"https:\/\/cegled.mariaradio.hu\/wp-content\/gallery\/elso-adas-2014-marcius-6\/1972277_1413631115556867_345092196_n.jpg\"\n\t\t\t\tdata-thumbnail=\"https:\/\/cegled.mariaradio.hu\/wp-content\/gallery\/elso-adas-2014-marcius-6\/thumbs\/thumbs_1972277_1413631115556867_345092196_n.jpg\"\n\t\t\t\tdata-image-id=\"3\"\n\t\t\t\tdata-title=\"3\"\n\t\t\t\tdata-description=\"\"\n\t\t\t\tdata-image-slug=\"1972277_1413631115556867_345092196_n\"\n\t\t\t\tclass=\"ngg-fancybox\" rel=\"7ba69daacade5bfb577f6e169416d551\">\n\t\t\t\t<img\n\t\t\t\t\ttitle=\"3\"\n\t\t\t\t\talt=\"3\"\n\t\t\t\t\tsrc=\"https:\/\/cegled.mariaradio.hu\/wp-content\/gallery\/elso-adas-2014-marcius-6\/cache\/1972277_1413631115556867_345092196_n.jpg-nggid013-ngg0dyn-160x106x100-00f0w010c011r110f110r010t010.jpg\"\n\t\t\t\t\twidth=\"160\"\n\t\t\t\t\theight=\"106\"\n\t\t\t\t\tstyle=\"max-width:100%;\"\n\t\t\t\t\/>\n\t\t\t<\/a>\n\t\t<\/div>\n\t\t\t\t\t\t\t<\/div> \n\t\t\t\n\t\n\t<br style=\"clear: both\" \/>\n\n\t\n\t\t<!-- Pagination -->\n\t\t<div class='ngg-clear'><\/div>\t<\/div>\n\n","protected":false},"excerpt":{"rendered":"<p>Vissza a k\u00e9pgal\u00e9ri\u00e1hoz<\/p>\n","protected":false},"author":1,"featured_media":0,"parent":43,"menu_order":0,"comment_status":"closed","ping_status":"closed","template":"","meta":{"_monsterinsights_skip_tracking":false,"_monsterinsights_sitenote_active":false,"_monsterinsights_sitenote_note":"","_monsterinsights_sitenote_category":0,"ngg_post_thumbnail":0,"footnotes":""},"_links":{"self":[{"href":"https:\/\/cegled.mariaradio.hu\/index.php?rest_route=\/wp\/v2\/pages\/310"}],"collection":[{"href":"https:\/\/cegled.mariaradio.hu\/index.php?rest_route=\/wp\/v2\/pages"}],"about":[{"href":"https:\/\/cegled.mariaradio.hu\/index.php?rest_route=\/wp\/v2\/types\/page"}],"author":[{"embeddable":true,"href":"https:\/\/cegled.mariaradio.hu\/index.php?rest_route=\/wp\/v2\/users\/1"}],"replies":[{"embeddable":true,"href":"https:\/\/cegled.mariaradio.hu\/index.php?rest_route=%2Fwp%2Fv2%2Fcomments&post=310"}],"version-history":[{"count":1,"href":"https:\/\/cegled.mariaradio.hu\/index.php?rest_route=\/wp\/v2\/pages\/310\/revisions"}],"predecessor-version":[{"id":326,"href":"https:\/\/cegled.mariaradio.hu\/index.php?rest_route=\/wp\/v2\/pages\/310\/revisions\/326"}],"up":[{"embeddable":true,"href":"https:\/\/cegled.mariaradio.hu\/index.php?rest_route=\/wp\/v2\/pages\/43"}],"wp:attachment":[{"href":"https:\/\/cegled.mariaradio.hu\/index.php?rest_route=%2Fwp%2Fv2%2Fmedia&parent=310"}],"curies":[{"name":"wp","href":"https:\/\/api.w.org\/{rel}","templated":true}]}}