{"id":31,"date":"2017-03-13T11:03:42","date_gmt":"2017-03-13T10:03:42","guid":{"rendered":"https:\/\/cegled.mariaradio.hu\/?page_id=31"},"modified":"2022-03-27T23:18:46","modified_gmt":"2022-03-27T21:18:46","slug":"kezdolap","status":"publish","type":"page","link":"https:\/\/cegled.mariaradio.hu\/","title":{"rendered":"Kezd\u0151lap"},"content":{"rendered":"<p><strong>Kedves Hallgat\u00f3ink!<\/strong><\/p>\n<p>Im\u00e1ds\u00e1gos szeretettel k\u00f6sz\u00f6nt\u00f6m azokat, akik ell\u00e1togattak oldalunkra!<\/p>\n<p>A M\u00e1ria R\u00e1di\u00f3 cegl\u00e9di st\u00fadi\u00f3ja <strong>t\u00f6bb mint nyolc \u00e9ve<\/strong> igyekszik minden csal\u00e1dhoz eljuttatni az <strong>evang\u00e9lium \u00fczenet\u00e9t<\/strong>. Emellett fontosnak tartjuk, hogy folyamatosan t\u00e1j\u00e9koztassuk hallgat\u00f3inkat a <strong>v\u00e1ros \u00e9s a k\u00f6rny\u00e9k h\u00edreir\u0151l, aktu\u00e1lis programjair\u00f3l, esem\u00e9nyeir\u0151l<\/strong>. \u00d6r\u00f6mmel mutatjuk be azokat az embereket, akik sz\u00edvesen besz\u00e9lnek <strong>hit\u00fckr\u0151l, megt\u00e9r\u00e9s\u00fckr\u0151l, Isten kapcsolatukr\u00f3l<\/strong>.<\/p>\n<p><strong>\u00d6nk\u00e9ntes munkat\u00e1rsainkkal<\/strong> egy\u00fctt dolgozunk azon, hogy sz\u00ednvonalas \u00e9lvezetes \u00e9s tanuls\u00e1gos m\u0171sorokat k\u00e9sz\u00edts\u00fcnk. <strong>Minden nap d\u00e9lut\u00e1n 17 \u00f3ra 50 perct\u0151l 19 \u00f3ra 50 percig<\/strong> hallgathatnak minket a <strong>88.3 MHz-es frekvenci\u00e1n<\/strong>.<\/p>\n<p>Neh\u00e9z \u00fat \u00e1ll m\u00f6g\u00f6tt\u00fcnk, \u00e9s ha el\u0151re n\u00e9z\u00fcnk, l\u00e1tjuk, hogy van m\u00e9g tennival\u00f3nk. A mai magyar t\u00e1rsadalomban az ilyen r\u00e1di\u00f3k szerepe, mint amilyen a M\u00e1ria R\u00e1di\u00f3 rendk\u00edv\u00fcl fontos.  Mi itt, Cegl\u00e9den a M\u00e1ria R\u00e1di\u00f3 k\u00f6zponti k\u00fcldet\u00e9s\u00e9hez igyeksz\u00fcnk szervesen kapcsol\u00f3dni. <strong>Megt\u00f6lteni a hallgat\u00f3k sz\u00edv\u00e9t b\u00e9k\u00e9vel \u00e9s szeretettel<\/strong> \u00e9s \u00edgy hozz\u00e1j\u00e1rulni ahhoz, hogy a t\u00e1rsadalom egyre ink\u00e1bb <strong>egym\u00e1sra figyel\u0151, a gyermek\u00e1ld\u00e1sra nyitott, az id\u0151seket kincsnek tekint\u0151 nagycsal\u00e1dd\u00e1<\/strong> v\u00e1ljon.<\/p>\n<p>Ezeknek a c\u00e9lkit\u0171z\u00e9seknek a megval\u00f3s\u00edt\u00e1s\u00e1hoz az <strong>\u00d6n\u00f6k adom\u00e1nya \u00e9s az \u00f6nk\u00e9ntesek \u00e1ldozatos munk\u00e1ja<\/strong> sz\u00fcks\u00e9ges.<\/p>\n<p>Fontos sz\u00e1munkra, hogy val\u00f3ban <strong>\u201ekil\u00f3gjunk\u201d<\/strong> a kereskedelmi r\u00e1di\u00f3k zajos vil\u00e1g\u00e1b\u00f3l. Ez\u00e9rt is k\u00e9rem \u00d6n\u00f6ket, t\u00e1mogass\u00e1k, seg\u00edts\u00e9k munk\u00e1nkat. Term\u00e9szetesen m\u0171k\u00f6d\u00e9s\u00fcnkh\u00f6z elengedhetetlen a p\u00e9nz\u00fcgyi seg\u00edt\u00e9s, de \u00f6r\u00f6mmel fogadunk \u00f6nk\u00e9nteseket, akik fontosnak tartj\u00e1k a M\u00e1ria R\u00e1di\u00f3 c\u00e9lkit\u0171z\u00e9seit, k\u00fcldet\u00e9s\u00e9t!<\/p>\n<p align=\"center\"><i>\u00d6rvendezz, \u00f3 Sz\u0171z M\u00e1ria,<br \/>\nmert r\u00e1di\u00f3nk hull\u00e1mai<br \/>\n\u00f6r\u00f6mmel hirdetik az Ig\u00e9t a szomjas<br \/>\nf\u00f6ld v\u00e9gs\u0151 hat\u00e1r\u00e1ig.<br \/>\nIsten szava,<br \/>\nmely sz\u0171zi m\u00e9hedben testet \u00f6lt\u00f6tt,<br \/>\nfriss szell\u0151k\u00e9nt hinti sz\u00e9t<br \/>\naz \u00f6r\u00f6m \u00e9s b\u00e9ke magvait az emberi sz\u00edvekben.<br \/>\nSiettesd Szepl\u0151telen Sz\u00edved v\u00e9gs\u0151<br \/>\ngy\u0151zelm\u00e9nek kegyelmi idej\u00e9t.<br \/>\nAdd, hogy \u00e9let\u00fcnkkel<br \/>\nszolg\u00e1lhassunk Neked \u00e9s a<br \/>\nszeretet sug\u00e1rz\u00f3 hajnala<br \/>\nmiel\u0151bb beragyogja a f\u00f6ldet.<br \/>\nM\u00e1ria r\u00e1di\u00f3 Kir\u00e1lyn\u0151je<br \/>\nK\u00f6ny\u00f6r\u00f6gj \u00e9rett\u00fcnk! \u00c1men<\/i><\/p>\n<p>Dics\u00e9rtess\u00e9k a J\u00e9zus Krisztus!<\/p>\n<p align=\"right\"><em>Szel\u00e9nyi P\u00e9ter<\/em><br \/>\nM\u00e1ria R\u00e1di\u00f3 cegl\u00e9di st\u00fadi\u00f3j\u00e1nak koordin\u00e1tora<\/p>\n","protected":false},"excerpt":{"rendered":"<p>Kedves Hallgat\u00f3ink! Im\u00e1ds\u00e1gos szeretettel k\u00f6sz\u00f6nt\u00f6m azokat, akik ell\u00e1togattak oldalunkra! A M\u00e1ria R\u00e1di\u00f3 cegl\u00e9di st\u00fadi\u00f3ja t\u00f6bb mint nyolc \u00e9ve igyekszik minden csal\u00e1dhoz eljuttatni az evang\u00e9lium \u00fczenet\u00e9t. Emellett fontosnak tartjuk, hogy folyamatosan t\u00e1j\u00e9koztassuk hallgat\u00f3inkat a v\u00e1ros \u00e9s a k\u00f6rny\u00e9k h\u00edreir\u0151l, aktu\u00e1lis programjair\u00f3l, esem\u00e9nyeir\u0151l. \u00d6r\u00f6mmel mutatjuk be azokat az embereket, akik sz\u00edvesen besz\u00e9lnek &hellip;<\/p>\n","protected":false},"author":1,"featured_media":0,"parent":0,"menu_order":0,"comment_status":"closed","ping_status":"closed","template":"","meta":{"_monsterinsights_skip_tracking":false,"_monsterinsights_sitenote_active":false,"_monsterinsights_sitenote_note":"","_monsterinsights_sitenote_category":0,"ngg_post_thumbnail":0,"footnotes":""},"_links":{"self":[{"href":"https:\/\/cegled.mariaradio.hu\/index.php?rest_route=\/wp\/v2\/pages\/31"}],"collection":[{"href":"https:\/\/cegled.mariaradio.hu\/index.php?rest_route=\/wp\/v2\/pages"}],"about":[{"href":"https:\/\/cegled.mariaradio.hu\/index.php?rest_route=\/wp\/v2\/types\/page"}],"author":[{"embeddable":true,"href":"https:\/\/cegled.mariaradio.hu\/index.php?rest_route=\/wp\/v2\/users\/1"}],"replies":[{"embeddable":true,"href":"https:\/\/cegled.mariaradio.hu\/index.php?rest_route=%2Fwp%2Fv2%2Fcomments&post=31"}],"version-history":[{"count":13,"href":"https:\/\/cegled.mariaradio.hu\/index.php?rest_route=\/wp\/v2\/pages\/31\/revisions"}],"predecessor-version":[{"id":1381,"href":"https:\/\/cegled.mariaradio.hu\/index.php?rest_route=\/wp\/v2\/pages\/31\/revisions\/1381"}],"wp:attachment":[{"href":"https:\/\/cegled.mariaradio.hu\/index.php?rest_route=%2Fwp%2Fv2%2Fmedia&parent=31"}],"curies":[{"name":"wp","href":"https:\/\/api.w.org\/{rel}","templated":true}]}}