{"id":2,"date":"2017-03-07T21:11:18","date_gmt":"2017-03-07T21:11:18","guid":{"rendered":"https:\/\/cegled.mariaradio.hu\/?page_id=2"},"modified":"2023-01-03T23:35:54","modified_gmt":"2023-01-03T22:35:54","slug":"ez-egy-minta-oldal","status":"publish","type":"page","link":"https:\/\/cegled.mariaradio.hu\/?page_id=2","title":{"rendered":"R\u00f3lunk"},"content":{"rendered":"<h3>M\u00e1ria R\u00e1di\u00f3 Cegl\u00e9d<\/h3>\n<p>A M\u00e1ria R\u00e1di\u00f3 cegl\u00e9di ad\u00e1sa <strong>2014. m\u00e1rcius 6-\u00e1n<\/strong>, d\u00e9lut\u00e1n 16 \u00f3rakor indult el a <strong>88,3-as MHz-en<\/strong>.<br \/>\nA cegl\u00e9di k\u00f6rzetben nemcsak katolikus, hanem protest\u00e1ns m\u0171sorok is foghat\u00f3k. Mondhatjuk, a M\u00e1ria R\u00e1di\u00f3 Cegl\u00e9d egy \u00f6kumenikus r\u00e1di\u00f3.<br \/>\nEmellett nemcsak vall\u00e1ssal foglalkozunk: <strong>kultur\u00e1lis, irodalmi, sport \u00e9s ismeretterjeszt\u0151 m\u0171sorokat<\/strong> is sug\u00e1rzunk, valamint rendszeresen <strong>k\u00f6zvet\u00edt\u00fcnk szentmis\u00e9ket, helyi \u00e9s egyh\u00e1zi h\u00edreket, illetve a hallgat\u00f3k imasz\u00e1nd\u00e9kaira is im\u00e1dkozunk<\/strong>.<br \/>\nA M\u00e1ria R\u00e1di\u00f3 mott\u00f3ja:<em> \u201eM\u00e1ria R\u00e1di\u00f3: a l\u00e9lek hangja\u201d<\/em>.<\/p>\n<h3>\u00d6nk\u00e9nteseink<\/h3>\n<p>A M\u00e1ria R\u00e1di\u00f3 cegl\u00e9di \u00f6nk\u00e9ntesei minden nap dolgoznak az\u00e9rt, hogy <strong>egyre jobb \u00e9s t\u00f6bb m\u0171sorral<\/strong> \u00e1lljanak el\u0151 a hallgat\u00f3knak!<br \/>\nA cegl\u00e9di st\u00fadi\u00f3ban mindenf\u00e9le hivat\u00e1sb\u00f3l tal\u00e1lhatunk \u00f6nk\u00e9nteseket:<br \/>\npap, hitoktat\u00f3, diak\u00f3nus, tan\u00e1r, tanul\u00f3, \u00e9s m\u00e9g sorolhatn\u00e1nk!<\/p>\n<p>A r\u00e1di\u00f3 tov\u00e1bbra is <strong>fogadja az \u00f6nk\u00e9nteseket minden feladatk\u00f6r\u00e9be<\/strong>. Jelentkezni szem\u00e9lyesen, elektronikus \u00faton, valamint telefonon is lehet <a href=\"https:\/\/cegled.mariaradio.hu\/?page_id=47\" target=\"_blank\" rel=\"noopener\"> az itt<\/a> tal\u00e1lhat\u00f3 el\u00e9rhet\u0151s\u00e9geken kereszt\u00fcl.<\/p>\n<div align=\"center\">\n<h5>Aigner M\u00e1ria<\/h5>\n<div align=\"center\">\n<h5>Bog\u00e1din\u00e9 Velkey Katalin<\/h5>\n<div align=\"center\">\n<h5>Czig\u00e1ny Elisabeth<\/h5>\n<div align=\"center\">\n<h5>F\u00f6ldi L\u00e1szl\u00f3n\u00e9<\/h5>\n<div align=\"center\">\n<h5>H\u00e1nka Levente<\/h5>\n<div align=\"center\">\n<h5>Husz\u00e1r Zolt\u00e1n (V\u00f3szem)<\/h5>\n<div align=\"center\">\n<h5>Husz\u00e1rn\u00e9 Millye Bernadett<\/h5>\n<div align=\"center\">\n<h5>Imregi Tibor<\/h5>\n<div align=\"center\">\n<h5>Juh\u00e1sz Zolt\u00e1n<\/h5>\n<div align=\"center\">\n<h5>Kov\u00e1cs Ferenc<\/h5>\n<div align=\"center\">\n<h5>Madar\u00e1szn\u00e9 Vars\u00e1nyi \u00c1gnes<\/h5>\n<div align=\"center\">\n<h5>M\u00e1th\u00e9 Kamilla<\/h5>\n<div align=\"center\">\n<h5>Nagyn\u00e9 \u00dajv\u00e1ri Zsuzsanna<\/h5>\n<div align=\"center\">\n<h5>Ny\u00fajt\u00f3 Ben\u0151<\/h5>\n<div align=\"center\">\n<h5>\u00d3csai Tibor<\/h5>\n<div align=\"center\">\n<h5>S\u00e1gi Anik\u00f3<\/h5>\n<div align=\"center\">\n<h5>Sas Annam\u00e1ria<\/h5>\n<div align=\"center\">\n<h5>Seres Nikoletta<\/h5>\n<div align=\"center\">\n<h5>Szecs\u0151di P\u00e9ter pl\u00e9b\u00e1nos<\/h5>\n<div align=\"center\">\n<h5>Szel\u00e9nyi \u00c1gnes<\/h5>\n<div align=\"center\">\n<h5>Szel\u00e9nyi P\u00e9ter<\/h5>\n<div align=\"center\">\n<h5>Varga Edit<\/h5>\n<div align=\"center\">\n<h5>Volter K\u00e1lm\u00e1n<\/h5>\n<div align=\"center\">\n<h5>Volter M\u00e1ria<\/h5>\n","protected":false},"excerpt":{"rendered":"<p>M\u00e1ria R\u00e1di\u00f3 Cegl\u00e9d A M\u00e1ria R\u00e1di\u00f3 cegl\u00e9di ad\u00e1sa 2014. m\u00e1rcius 6-\u00e1n, d\u00e9lut\u00e1n 16 \u00f3rakor indult el a 88,3-as MHz-en. A cegl\u00e9di k\u00f6rzetben nemcsak katolikus, hanem protest\u00e1ns m\u0171sorok is foghat\u00f3k. Mondhatjuk, a M\u00e1ria R\u00e1di\u00f3 Cegl\u00e9d egy \u00f6kumenikus r\u00e1di\u00f3. Emellett nemcsak vall\u00e1ssal foglalkozunk: kultur\u00e1lis, irodalmi, sport \u00e9s ismeretterjeszt\u0151 m\u0171sorokat is sug\u00e1rzunk, valamint &hellip;<\/p>\n","protected":false},"author":1,"featured_media":0,"parent":0,"menu_order":0,"comment_status":"closed","ping_status":"open","template":"","meta":{"_monsterinsights_skip_tracking":false,"_monsterinsights_sitenote_active":false,"_monsterinsights_sitenote_note":"","_monsterinsights_sitenote_category":0,"ngg_post_thumbnail":0,"footnotes":""},"_links":{"self":[{"href":"https:\/\/cegled.mariaradio.hu\/index.php?rest_route=\/wp\/v2\/pages\/2"}],"collection":[{"href":"https:\/\/cegled.mariaradio.hu\/index.php?rest_route=\/wp\/v2\/pages"}],"about":[{"href":"https:\/\/cegled.mariaradio.hu\/index.php?rest_route=\/wp\/v2\/types\/page"}],"author":[{"embeddable":true,"href":"https:\/\/cegled.mariaradio.hu\/index.php?rest_route=\/wp\/v2\/users\/1"}],"replies":[{"embeddable":true,"href":"https:\/\/cegled.mariaradio.hu\/index.php?rest_route=%2Fwp%2Fv2%2Fcomments&post=2"}],"version-history":[{"count":61,"href":"https:\/\/cegled.mariaradio.hu\/index.php?rest_route=\/wp\/v2\/pages\/2\/revisions"}],"predecessor-version":[{"id":1353,"href":"https:\/\/cegled.mariaradio.hu\/index.php?rest_route=\/wp\/v2\/pages\/2\/revisions\/1353"}],"wp:attachment":[{"href":"https:\/\/cegled.mariaradio.hu\/index.php?rest_route=%2Fwp%2Fv2%2Fmedia&parent=2"}],"curies":[{"name":"wp","href":"https:\/\/api.w.org\/{rel}","templated":true}]}}